{"id":8663,"date":"2023-10-27T12:45:08","date_gmt":"2023-10-27T12:45:08","guid":{"rendered":"https:\/\/giroribot.es\/?post_type=product&#038;p=8663"},"modified":"2025-01-23T13:12:23","modified_gmt":"2025-01-23T13:12:23","slug":"pack-disfruta-las-fiestas-copia-2","status":"publish","type":"product","link":"https:\/\/giroribot.es\/es\/producto\/pack-disfruta-las-fiestas-copia-2\/","title":{"rendered":"Amantes del cava"},"content":{"rendered":"<p>Degusta esta selecci\u00f3n de cavas, que te sorprender\u00e1n.<br \/>\nProponemos tres productos diferentes, cada uno con su personalidad.<br \/>\nNuestra recomendaci\u00f3n, Ab Origine Ros\u00e9, frescor de frutos rojos, Spur, el producto m\u00e1s \u201cpuro\u201d y UMa -Ursa Major-, vivo y fresco para finalizar la velada iluminada por la Osa Mayor.<br \/>\nEl pack incluye:<\/p>\n<ul>\n<li>2 bot. Cava Ab Origine Brut Ros\u00e9 Ecol\u00f3gico<\/li>\n<li>2 bot. Cava Spur Brut Nature Gran Reserva 2017<\/li>\n<li>2 bot . Cava UMa Brut Gran Reserva 2021<\/li>\n<\/ul>\n","protected":false},"excerpt":{"rendered":"<p>Degusta esta selecci\u00f3n de cavas, que te sorprender\u00e1n. Proponemos tres productos diferentes, cada uno con su personalidad. Nuestra recomendaci\u00f3n, Ab Origine Ros\u00e9, frescor de frutos rojos, Spur, el producto m\u00e1s \u201cpuro\u201d y UMa -Ursa Major-, vivo y fresco para finalizar la velada iluminada por la Osa Mayor. El pack incluye: 2 bot. Cava Ab Origine [&hellip;]<\/p>\n","protected":false},"featured_media":8701,"template":"","meta":{"_acf_changed":false,"site-sidebar-layout":"default","site-content-layout":"default","ast-site-content-layout":"default","site-content-style":"default","site-sidebar-style":"default","ast-global-header-display":"","ast-banner-title-visibility":"","ast-main-header-display":"","ast-hfb-above-header-display":"","ast-hfb-below-header-display":"","ast-hfb-mobile-header-display":"","site-post-title":"","ast-breadcrumbs-content":"","ast-featured-img":"","footer-sml-layout":"","theme-transparent-header-meta":"default","adv-header-id-meta":"","stick-header-meta":"","header-above-stick-meta":"","header-main-stick-meta":"","header-below-stick-meta":"","astra-migrate-meta-layouts":"set","ast-page-background-enabled":"default","ast-page-background-meta":{"desktop":{"background-color":"","background-image":"","background-repeat":"repeat","background-position":"center center","background-size":"auto","background-attachment":"scroll","background-type":"","background-media":"","overlay-type":"","overlay-color":"","overlay-opacity":"","overlay-gradient":""},"tablet":{"background-color":"","background-image":"","background-repeat":"repeat","background-position":"center center","background-size":"auto","background-attachment":"scroll","background-type":"","background-media":"","overlay-type":"","overlay-color":"","overlay-opacity":"","overlay-gradient":""},"mobile":{"background-color":"","background-image":"","background-repeat":"repeat","background-position":"center center","background-size":"auto","background-attachment":"scroll","background-type":"","background-media":"","overlay-type":"","overlay-color":"","overlay-opacity":"","overlay-gradient":""}},"ast-content-background-meta":{"desktop":{"background-color":"var(--ast-global-color-5)","background-image":"","background-repeat":"repeat","background-position":"center center","background-size":"auto","background-attachment":"scroll","background-type":"","background-media":"","overlay-type":"","overlay-color":"","overlay-opacity":"","overlay-gradient":""},"tablet":{"background-color":"var(--ast-global-color-5)","background-image":"","background-repeat":"repeat","background-position":"center center","background-size":"auto","background-attachment":"scroll","background-type":"","background-media":"","overlay-type":"","overlay-color":"","overlay-opacity":"","overlay-gradient":""},"mobile":{"background-color":"var(--ast-global-color-5)","background-image":"","background-repeat":"repeat","background-position":"center center","background-size":"auto","background-attachment":"scroll","background-type":"","background-media":"","overlay-type":"","overlay-color":"","overlay-opacity":"","overlay-gradient":""}}},"pwb-brand":[],"product_brand":[],"product_cat":[352],"product_tag":[],"class_list":{"0":"post-8663","1":"product","2":"type-product","3":"status-publish","4":"has-post-thumbnail","6":"product_cat-packs-es","7":"desktop-align-left","8":"tablet-align-left","9":"mobile-align-left","10":"ast-product-gallery-layout-horizontal","11":"ast-product-gallery-with-no-image","12":"ast-magnify-disabled","13":"ast-product-tabs-layout-distributed","14":"ast-qv-on-image","16":"first","17":"instock","18":"taxable","19":"shipping-taxable","20":"purchasable","21":"product-type-simple"},"acf":[],"yoast_head":"<!-- This site is optimized with the Yoast SEO plugin v24.5 - https:\/\/yoast.com\/wordpress\/plugins\/seo\/ -->\n<title>Amantes del cava - Gir\u00f3 Ribot<\/title>\n<meta name=\"description\" content=\"Compra amantes del Cava de Gir\u00f3 Ribot, para probar una selecci\u00f3n de cavas diferentes, que te sorprender\u00e1n. Tienda de vinos y cavas online.\" \/>\n<meta name=\"robots\" content=\"index, follow, max-snippet:-1, max-image-preview:large, max-video-preview:-1\" \/>\n<link rel=\"canonical\" href=\"https:\/\/giroribot.es\/es\/producto\/pack-disfruta-las-fiestas-copia-2\/\" \/>\n<meta property=\"og:locale\" content=\"es_ES\" \/>\n<meta property=\"og:type\" content=\"article\" \/>\n<meta property=\"og:title\" content=\"Amantes del cava - Gir\u00f3 Ribot\" \/>\n<meta property=\"og:description\" content=\"Compra amantes del Cava de Gir\u00f3 Ribot, para probar una selecci\u00f3n de cavas diferentes, que te sorprender\u00e1n. Tienda de vinos y cavas online.\" \/>\n<meta property=\"og:url\" content=\"https:\/\/giroribot.es\/es\/producto\/pack-disfruta-las-fiestas-copia-2\/\" \/>\n<meta property=\"og:site_name\" content=\"Gir\u00f3 Ribot\" \/>\n<meta property=\"article:publisher\" content=\"https:\/\/www.facebook.com\/GiroRibot?fref=ts\" \/>\n<meta property=\"article:modified_time\" content=\"2025-01-23T13:12:23+00:00\" \/>\n<meta property=\"og:image\" content=\"http:\/\/giroribot.es\/wp-content\/uploads\/2023\/10\/pack-amants-del-cava-1024x841.png\" \/>\n\t<meta property=\"og:image:width\" content=\"1024\" \/>\n\t<meta property=\"og:image:height\" content=\"841\" \/>\n\t<meta property=\"og:image:type\" content=\"image\/png\" \/>\n<meta name=\"twitter:card\" content=\"summary_large_image\" \/>\n<meta name=\"twitter:site\" content=\"@GIRORIBOT\" \/>\n<meta name=\"twitter:label1\" content=\"Tiempo de lectura\" \/>\n\t<meta name=\"twitter:data1\" content=\"1 minuto\" \/>\n<script type=\"application\/ld+json\" class=\"yoast-schema-graph\">{\"@context\":\"https:\/\/schema.org\",\"@graph\":[{\"@type\":\"WebPage\",\"@id\":\"https:\/\/giroribot.es\/es\/producto\/pack-disfruta-las-fiestas-copia-2\/\",\"url\":\"https:\/\/giroribot.es\/es\/producto\/pack-disfruta-las-fiestas-copia-2\/\",\"name\":\"Amantes del cava - Gir\u00f3 Ribot\",\"isPartOf\":{\"@id\":\"https:\/\/giroribot.es\/es\/#website\"},\"primaryImageOfPage\":{\"@id\":\"https:\/\/giroribot.es\/es\/producto\/pack-disfruta-las-fiestas-copia-2\/#primaryimage\"},\"image\":{\"@id\":\"https:\/\/giroribot.es\/es\/producto\/pack-disfruta-las-fiestas-copia-2\/#primaryimage\"},\"thumbnailUrl\":\"https:\/\/giroribot.es\/wp-content\/uploads\/2023\/10\/pack-amants-del-cava.png\",\"datePublished\":\"2023-10-27T12:45:08+00:00\",\"dateModified\":\"2025-01-23T13:12:23+00:00\",\"description\":\"Compra amantes del Cava de Gir\u00f3 Ribot, para probar una selecci\u00f3n de cavas diferentes, que te sorprender\u00e1n. Tienda de vinos y cavas online.\",\"breadcrumb\":{\"@id\":\"https:\/\/giroribot.es\/es\/producto\/pack-disfruta-las-fiestas-copia-2\/#breadcrumb\"},\"inLanguage\":\"es\",\"potentialAction\":[{\"@type\":\"ReadAction\",\"target\":[\"https:\/\/giroribot.es\/es\/producto\/pack-disfruta-las-fiestas-copia-2\/\"]}]},{\"@type\":\"ImageObject\",\"inLanguage\":\"es\",\"@id\":\"https:\/\/giroribot.es\/es\/producto\/pack-disfruta-las-fiestas-copia-2\/#primaryimage\",\"url\":\"https:\/\/giroribot.es\/wp-content\/uploads\/2023\/10\/pack-amants-del-cava.png\",\"contentUrl\":\"https:\/\/giroribot.es\/wp-content\/uploads\/2023\/10\/pack-amants-del-cava.png\",\"width\":4960,\"height\":4075},{\"@type\":\"BreadcrumbList\",\"@id\":\"https:\/\/giroribot.es\/es\/producto\/pack-disfruta-las-fiestas-copia-2\/#breadcrumb\",\"itemListElement\":[{\"@type\":\"ListItem\",\"position\":1,\"name\":\"Inici\",\"item\":\"https:\/\/giroribot.es\/es\/\"},{\"@type\":\"ListItem\",\"position\":2,\"name\":\"Tienda\",\"item\":\"https:\/\/giroribot.es\/es\/tienda\/\"},{\"@type\":\"ListItem\",\"position\":3,\"name\":\"Amantes del cava\"}]},{\"@type\":\"WebSite\",\"@id\":\"https:\/\/giroribot.es\/es\/#website\",\"url\":\"https:\/\/giroribot.es\/es\/\",\"name\":\"Gir\u00f3 Ribot - Vins i Caves del Pened\u00e8s\",\"description\":\"Celler | Vins | Caves\",\"publisher\":{\"@id\":\"https:\/\/giroribot.es\/es\/#organization\"},\"potentialAction\":[{\"@type\":\"SearchAction\",\"target\":{\"@type\":\"EntryPoint\",\"urlTemplate\":\"https:\/\/giroribot.es\/es\/?s={search_term_string}\"},\"query-input\":{\"@type\":\"PropertyValueSpecification\",\"valueRequired\":true,\"valueName\":\"search_term_string\"}}],\"inLanguage\":\"es\"},{\"@type\":\"Organization\",\"@id\":\"https:\/\/giroribot.es\/es\/#organization\",\"name\":\"Gir\u00f3 Ribot - Vins i Caves del Pened\u00e8s\",\"url\":\"https:\/\/giroribot.es\/es\/\",\"logo\":{\"@type\":\"ImageObject\",\"inLanguage\":\"es\",\"@id\":\"https:\/\/giroribot.es\/es\/#\/schema\/logo\/image\/\",\"url\":\"https:\/\/giroribot.es\/wp-content\/uploads\/2022\/08\/logo.png\",\"contentUrl\":\"https:\/\/giroribot.es\/wp-content\/uploads\/2022\/08\/logo.png\",\"width\":190,\"height\":58,\"caption\":\"Gir\u00f3 Ribot - Vins i Caves del Pened\u00e8s\"},\"image\":{\"@id\":\"https:\/\/giroribot.es\/es\/#\/schema\/logo\/image\/\"},\"sameAs\":[\"https:\/\/www.facebook.com\/GiroRibot?fref=ts\",\"https:\/\/x.com\/GIRORIBOT\",\"https:\/\/www.instagram.com\/giroribot_vinosycavas\"]}]}<\/script>\n<!-- \/ Yoast SEO plugin. -->","yoast_head_json":{"title":"Amantes del cava - Gir\u00f3 Ribot","description":"Compra amantes del Cava de Gir\u00f3 Ribot, para probar una selecci\u00f3n de cavas diferentes, que te sorprender\u00e1n. Tienda de vinos y cavas online.","robots":{"index":"index","follow":"follow","max-snippet":"max-snippet:-1","max-image-preview":"max-image-preview:large","max-video-preview":"max-video-preview:-1"},"canonical":"https:\/\/giroribot.es\/es\/producto\/pack-disfruta-las-fiestas-copia-2\/","og_locale":"es_ES","og_type":"article","og_title":"Amantes del cava - Gir\u00f3 Ribot","og_description":"Compra amantes del Cava de Gir\u00f3 Ribot, para probar una selecci\u00f3n de cavas diferentes, que te sorprender\u00e1n. Tienda de vinos y cavas online.","og_url":"https:\/\/giroribot.es\/es\/producto\/pack-disfruta-las-fiestas-copia-2\/","og_site_name":"Gir\u00f3 Ribot","article_publisher":"https:\/\/www.facebook.com\/GiroRibot?fref=ts","article_modified_time":"2025-01-23T13:12:23+00:00","og_image":[{"width":1024,"height":841,"url":"http:\/\/giroribot.es\/wp-content\/uploads\/2023\/10\/pack-amants-del-cava-1024x841.png","type":"image\/png"}],"twitter_card":"summary_large_image","twitter_site":"@GIRORIBOT","twitter_misc":{"Tiempo de lectura":"1 minuto"},"schema":{"@context":"https:\/\/schema.org","@graph":[{"@type":"WebPage","@id":"https:\/\/giroribot.es\/es\/producto\/pack-disfruta-las-fiestas-copia-2\/","url":"https:\/\/giroribot.es\/es\/producto\/pack-disfruta-las-fiestas-copia-2\/","name":"Amantes del cava - Gir\u00f3 Ribot","isPartOf":{"@id":"https:\/\/giroribot.es\/es\/#website"},"primaryImageOfPage":{"@id":"https:\/\/giroribot.es\/es\/producto\/pack-disfruta-las-fiestas-copia-2\/#primaryimage"},"image":{"@id":"https:\/\/giroribot.es\/es\/producto\/pack-disfruta-las-fiestas-copia-2\/#primaryimage"},"thumbnailUrl":"https:\/\/giroribot.es\/wp-content\/uploads\/2023\/10\/pack-amants-del-cava.png","datePublished":"2023-10-27T12:45:08+00:00","dateModified":"2025-01-23T13:12:23+00:00","description":"Compra amantes del Cava de Gir\u00f3 Ribot, para probar una selecci\u00f3n de cavas diferentes, que te sorprender\u00e1n. Tienda de vinos y cavas online.","breadcrumb":{"@id":"https:\/\/giroribot.es\/es\/producto\/pack-disfruta-las-fiestas-copia-2\/#breadcrumb"},"inLanguage":"es","potentialAction":[{"@type":"ReadAction","target":["https:\/\/giroribot.es\/es\/producto\/pack-disfruta-las-fiestas-copia-2\/"]}]},{"@type":"ImageObject","inLanguage":"es","@id":"https:\/\/giroribot.es\/es\/producto\/pack-disfruta-las-fiestas-copia-2\/#primaryimage","url":"https:\/\/giroribot.es\/wp-content\/uploads\/2023\/10\/pack-amants-del-cava.png","contentUrl":"https:\/\/giroribot.es\/wp-content\/uploads\/2023\/10\/pack-amants-del-cava.png","width":4960,"height":4075},{"@type":"BreadcrumbList","@id":"https:\/\/giroribot.es\/es\/producto\/pack-disfruta-las-fiestas-copia-2\/#breadcrumb","itemListElement":[{"@type":"ListItem","position":1,"name":"Inici","item":"https:\/\/giroribot.es\/es\/"},{"@type":"ListItem","position":2,"name":"Tienda","item":"https:\/\/giroribot.es\/es\/tienda\/"},{"@type":"ListItem","position":3,"name":"Amantes del cava"}]},{"@type":"WebSite","@id":"https:\/\/giroribot.es\/es\/#website","url":"https:\/\/giroribot.es\/es\/","name":"Gir\u00f3 Ribot - Vins i Caves del Pened\u00e8s","description":"Celler | Vins | Caves","publisher":{"@id":"https:\/\/giroribot.es\/es\/#organization"},"potentialAction":[{"@type":"SearchAction","target":{"@type":"EntryPoint","urlTemplate":"https:\/\/giroribot.es\/es\/?s={search_term_string}"},"query-input":{"@type":"PropertyValueSpecification","valueRequired":true,"valueName":"search_term_string"}}],"inLanguage":"es"},{"@type":"Organization","@id":"https:\/\/giroribot.es\/es\/#organization","name":"Gir\u00f3 Ribot - Vins i Caves del Pened\u00e8s","url":"https:\/\/giroribot.es\/es\/","logo":{"@type":"ImageObject","inLanguage":"es","@id":"https:\/\/giroribot.es\/es\/#\/schema\/logo\/image\/","url":"https:\/\/giroribot.es\/wp-content\/uploads\/2022\/08\/logo.png","contentUrl":"https:\/\/giroribot.es\/wp-content\/uploads\/2022\/08\/logo.png","width":190,"height":58,"caption":"Gir\u00f3 Ribot - Vins i Caves del Pened\u00e8s"},"image":{"@id":"https:\/\/giroribot.es\/es\/#\/schema\/logo\/image\/"},"sameAs":["https:\/\/www.facebook.com\/GiroRibot?fref=ts","https:\/\/x.com\/GIRORIBOT","https:\/\/www.instagram.com\/giroribot_vinosycavas"]}]}},"jetpack_sharing_enabled":true,"brands":[],"_links":{"self":[{"href":"https:\/\/giroribot.es\/es\/wp-json\/wp\/v2\/product\/8663","targetHints":{"allow":["GET"]}}],"collection":[{"href":"https:\/\/giroribot.es\/es\/wp-json\/wp\/v2\/product"}],"about":[{"href":"https:\/\/giroribot.es\/es\/wp-json\/wp\/v2\/types\/product"}],"version-history":[{"count":2,"href":"https:\/\/giroribot.es\/es\/wp-json\/wp\/v2\/product\/8663\/revisions"}],"predecessor-version":[{"id":9830,"href":"https:\/\/giroribot.es\/es\/wp-json\/wp\/v2\/product\/8663\/revisions\/9830"}],"wp:featuredmedia":[{"embeddable":true,"href":"https:\/\/giroribot.es\/es\/wp-json\/wp\/v2\/media\/8701"}],"wp:attachment":[{"href":"https:\/\/giroribot.es\/es\/wp-json\/wp\/v2\/media?parent=8663"}],"wp:term":[{"taxonomy":"pwb-brand","embeddable":true,"href":"https:\/\/giroribot.es\/es\/wp-json\/wp\/v2\/pwb-brand?post=8663"},{"taxonomy":"product_brand","embeddable":true,"href":"https:\/\/giroribot.es\/es\/wp-json\/wp\/v2\/product_brand?post=8663"},{"taxonomy":"product_cat","embeddable":true,"href":"https:\/\/giroribot.es\/es\/wp-json\/wp\/v2\/product_cat?post=8663"},{"taxonomy":"product_tag","embeddable":true,"href":"https:\/\/giroribot.es\/es\/wp-json\/wp\/v2\/product_tag?post=8663"}],"curies":[{"name":"wp","href":"https:\/\/api.w.org\/{rel}","templated":true}]}}