{"id":6796,"date":"2023-01-20T12:35:30","date_gmt":"2023-01-20T12:35:31","guid":{"rendered":"https:\/\/giroribot.es\/?post_type=product&#038;p=6796"},"modified":"2025-01-23T12:06:05","modified_gmt":"2025-01-23T12:06:05","slug":"brut-reserva-paul-cheneau","status":"publish","type":"product","link":"https:\/\/giroribot.es\/es\/producto\/brut-reserva-paul-cheneau\/","title":{"rendered":"Brut Reserva Paul Cheneau"},"content":{"rendered":"<p><strong>Elaboraci\u00f3n<\/strong>: Las uvas seleccionadas con m\u00e1ximo esmero son sometidas a un delicado prensado. A continuaci\u00f3n, se realiza la primera fermentaci\u00f3n en dep\u00f3sitos de acero inoxidable a muy baja temperatura, entre 12-14\u00baC, para potenciar la creaci\u00f3n de aromas secundarios. El vino coupage realiza la segunda fermentaci\u00f3n en botella, de acuerdo con el m\u00e9todo tradicional en nuestras cavas subterr\u00e1neas, permaneciendo en silencio y reposo durante su crianza sobre l\u00edas, hasta su deg\u00fcelle.<\/p>\n<p><strong>Tipos<\/strong>: Cava Brut Reserva<\/p>\n<p><strong>Crianza en botella<\/strong>: 24 meses<\/p>\n<p><strong>Tipo de uva<\/strong>: 45% Macabeo, 40% Xarel\u00b7lo, 15% Chardonnay<\/p>\n<p><strong>Graduaci\u00f3n<\/strong>: 12% vol.<\/p>\n<p><strong>Temperatura ideal<\/strong>: Entre 5 &#8211; 7\u00b0C<\/p>\n<p><strong>Verema<\/strong>: Manual, desde mediados de Agosto a finales de Septiembre.<\/p>\n<p><a href=\"http:\/\/giroribot.es\/wp-content\/uploads\/2023\/07\/Paul-Cheneau-BRUT-Reserva-esp.pdf\" target=\"_blank\" rel=\"noopener\">Descarga ficha y notas de cata<\/a><\/p>\n","protected":false},"excerpt":{"rendered":"<p>Elaboraci\u00f3n: Las uvas seleccionadas con m\u00e1ximo esmero son sometidas a un delicado prensado. A continuaci\u00f3n, se realiza la primera fermentaci\u00f3n en dep\u00f3sitos de acero inoxidable a muy baja temperatura, entre 12-14\u00baC, para potenciar la creaci\u00f3n de aromas secundarios. El vino coupage realiza la segunda fermentaci\u00f3n en botella, de acuerdo con el m\u00e9todo tradicional en nuestras [&hellip;]<\/p>\n","protected":false},"featured_media":6800,"template":"","meta":{"_acf_changed":false,"site-sidebar-layout":"default","site-content-layout":"default","ast-site-content-layout":"default","site-content-style":"default","site-sidebar-style":"default","ast-global-header-display":"","ast-banner-title-visibility":"","ast-main-header-display":"","ast-hfb-above-header-display":"","ast-hfb-below-header-display":"","ast-hfb-mobile-header-display":"","site-post-title":"","ast-breadcrumbs-content":"","ast-featured-img":"","footer-sml-layout":"","theme-transparent-header-meta":"default","adv-header-id-meta":"","stick-header-meta":"","header-above-stick-meta":"","header-main-stick-meta":"","header-below-stick-meta":"","astra-migrate-meta-layouts":"set","ast-page-background-enabled":"default","ast-page-background-meta":{"desktop":{"background-color":"","background-image":"","background-repeat":"repeat","background-position":"center center","background-size":"auto","background-attachment":"scroll","background-type":"","background-media":"","overlay-type":"","overlay-color":"","overlay-opacity":"","overlay-gradient":""},"tablet":{"background-color":"","background-image":"","background-repeat":"repeat","background-position":"center center","background-size":"auto","background-attachment":"scroll","background-type":"","background-media":"","overlay-type":"","overlay-color":"","overlay-opacity":"","overlay-gradient":""},"mobile":{"background-color":"","background-image":"","background-repeat":"repeat","background-position":"center center","background-size":"auto","background-attachment":"scroll","background-type":"","background-media":"","overlay-type":"","overlay-color":"","overlay-opacity":"","overlay-gradient":""}},"ast-content-background-meta":{"desktop":{"background-color":"var(--ast-global-color-5)","background-image":"","background-repeat":"repeat","background-position":"center center","background-size":"auto","background-attachment":"scroll","background-type":"","background-media":"","overlay-type":"","overlay-color":"","overlay-opacity":"","overlay-gradient":""},"tablet":{"background-color":"var(--ast-global-color-5)","background-image":"","background-repeat":"repeat","background-position":"center center","background-size":"auto","background-attachment":"scroll","background-type":"","background-media":"","overlay-type":"","overlay-color":"","overlay-opacity":"","overlay-gradient":""},"mobile":{"background-color":"var(--ast-global-color-5)","background-image":"","background-repeat":"repeat","background-position":"center center","background-size":"auto","background-attachment":"scroll","background-type":"","background-media":"","overlay-type":"","overlay-color":"","overlay-opacity":"","overlay-gradient":""}}},"pwb-brand":[500,518,520,502,522,456,506,420,508,510,776,860,512,446,788,452,804,888],"product_brand":[],"product_cat":[342,347,349],"product_tag":[],"class_list":{"0":"post-6796","1":"product","2":"type-product","3":"status-publish","4":"has-post-thumbnail","6":"pwb-brand-iwsc-2001-es","7":"pwb-brand-iwsc-plata-2002-es","8":"pwb-brand-iwsc-plata-2003-es","9":"pwb-brand-iwsc-2004-es","10":"pwb-brand-iwsc-plata-2005-es","11":"pwb-brand-challenge-bronze-2006-es","12":"pwb-brand-iwsc-bronze-2006-es","13":"pwb-brand-bruxelles-plata-2007-es","14":"pwb-brand-iwsc-bronze-2007-es","15":"pwb-brand-iwsc-bronze-2008-es","16":"pwb-brand-2008-sparking-es-2","17":"pwb-brand-2008-winespirits-es-2","18":"pwb-brand-iwsc-bronze-2009-es","19":"pwb-brand-catavinum-plata-2015-es","20":"pwb-brand-2017-stfrancisco-or-es-2","21":"pwb-brand-catavinum-plata-2018-es","22":"pwb-brand-2018-stfrancisco-plata-es-2","23":"pwb-brand-2022-sakura-doble-oro","24":"product_cat-cavas","25":"product_cat-paul-cheneau-es","26":"product_cat-tradicional-es","27":"desktop-align-left","28":"tablet-align-left","29":"mobile-align-left","30":"ast-product-gallery-layout-horizontal","31":"ast-product-gallery-with-no-image","32":"ast-magnify-disabled","33":"ast-product-tabs-layout-distributed","34":"ast-qv-on-image","36":"first","37":"instock","38":"taxable","39":"shipping-taxable","40":"purchasable","41":"product-type-simple"},"acf":[],"yoast_head":"<!-- This site is optimized with the Yoast SEO plugin v24.5 - https:\/\/yoast.com\/wordpress\/plugins\/seo\/ -->\n<title>Brut Reserva Paul Cheneau - Gir\u00f3 Ribot<\/title>\n<meta name=\"description\" content=\"Compra Cava Brut Paul Cheneau de Gir\u00f3 Ribot directamente del productor, al mejor precio y con env\u00edo gratuito. Tienda de vinos y cavas online.\" \/>\n<meta name=\"robots\" content=\"index, follow, max-snippet:-1, max-image-preview:large, max-video-preview:-1\" \/>\n<link rel=\"canonical\" href=\"https:\/\/giroribot.es\/es\/producto\/brut-reserva-paul-cheneau\/\" \/>\n<meta property=\"og:locale\" content=\"es_ES\" \/>\n<meta property=\"og:type\" content=\"article\" \/>\n<meta property=\"og:title\" content=\"Brut Reserva Paul Cheneau - Gir\u00f3 Ribot\" \/>\n<meta property=\"og:description\" content=\"Compra Cava Brut Paul Cheneau de Gir\u00f3 Ribot directamente del productor, al mejor precio y con env\u00edo gratuito. Tienda de vinos y cavas online.\" \/>\n<meta property=\"og:url\" content=\"https:\/\/giroribot.es\/es\/producto\/brut-reserva-paul-cheneau\/\" \/>\n<meta property=\"og:site_name\" content=\"Gir\u00f3 Ribot\" \/>\n<meta property=\"article:publisher\" content=\"https:\/\/www.facebook.com\/GiroRibot?fref=ts\" \/>\n<meta property=\"article:modified_time\" content=\"2025-01-23T12:06:05+00:00\" \/>\n<meta property=\"og:image\" content=\"http:\/\/giroribot.es\/wp-content\/uploads\/2023\/01\/Cava-P.Ch_.-Rva.jpg\" \/>\n\t<meta property=\"og:image:width\" content=\"1949\" \/>\n\t<meta property=\"og:image:height\" content=\"1949\" \/>\n\t<meta property=\"og:image:type\" content=\"image\/jpeg\" \/>\n<meta name=\"twitter:card\" content=\"summary_large_image\" \/>\n<meta name=\"twitter:site\" content=\"@GIRORIBOT\" \/>\n<meta name=\"twitter:label1\" content=\"Tiempo de lectura\" \/>\n\t<meta name=\"twitter:data1\" content=\"1 minuto\" \/>\n<script type=\"application\/ld+json\" class=\"yoast-schema-graph\">{\"@context\":\"https:\/\/schema.org\",\"@graph\":[{\"@type\":\"WebPage\",\"@id\":\"https:\/\/giroribot.es\/es\/producto\/brut-reserva-paul-cheneau\/\",\"url\":\"https:\/\/giroribot.es\/es\/producto\/brut-reserva-paul-cheneau\/\",\"name\":\"Brut Reserva Paul Cheneau - Gir\u00f3 Ribot\",\"isPartOf\":{\"@id\":\"https:\/\/giroribot.es\/es\/#website\"},\"primaryImageOfPage\":{\"@id\":\"https:\/\/giroribot.es\/es\/producto\/brut-reserva-paul-cheneau\/#primaryimage\"},\"image\":{\"@id\":\"https:\/\/giroribot.es\/es\/producto\/brut-reserva-paul-cheneau\/#primaryimage\"},\"thumbnailUrl\":\"https:\/\/giroribot.es\/wp-content\/uploads\/2023\/01\/Cava-P.Ch_.-Rva.jpg\",\"datePublished\":\"2023-01-20T12:35:31+00:00\",\"dateModified\":\"2025-01-23T12:06:05+00:00\",\"description\":\"Compra Cava Brut Paul Cheneau de Gir\u00f3 Ribot directamente del productor, al mejor precio y con env\u00edo gratuito. Tienda de vinos y cavas online.\",\"breadcrumb\":{\"@id\":\"https:\/\/giroribot.es\/es\/producto\/brut-reserva-paul-cheneau\/#breadcrumb\"},\"inLanguage\":\"es\",\"potentialAction\":[{\"@type\":\"ReadAction\",\"target\":[\"https:\/\/giroribot.es\/es\/producto\/brut-reserva-paul-cheneau\/\"]}]},{\"@type\":\"ImageObject\",\"inLanguage\":\"es\",\"@id\":\"https:\/\/giroribot.es\/es\/producto\/brut-reserva-paul-cheneau\/#primaryimage\",\"url\":\"https:\/\/giroribot.es\/wp-content\/uploads\/2023\/01\/Cava-P.Ch_.-Rva.jpg\",\"contentUrl\":\"https:\/\/giroribot.es\/wp-content\/uploads\/2023\/01\/Cava-P.Ch_.-Rva.jpg\",\"width\":1949,\"height\":1949},{\"@type\":\"BreadcrumbList\",\"@id\":\"https:\/\/giroribot.es\/es\/producto\/brut-reserva-paul-cheneau\/#breadcrumb\",\"itemListElement\":[{\"@type\":\"ListItem\",\"position\":1,\"name\":\"Inici\",\"item\":\"https:\/\/giroribot.es\/es\/\"},{\"@type\":\"ListItem\",\"position\":2,\"name\":\"Tienda\",\"item\":\"https:\/\/giroribot.es\/es\/tienda\/\"},{\"@type\":\"ListItem\",\"position\":3,\"name\":\"Brut Reserva Paul Cheneau\"}]},{\"@type\":\"WebSite\",\"@id\":\"https:\/\/giroribot.es\/es\/#website\",\"url\":\"https:\/\/giroribot.es\/es\/\",\"name\":\"Gir\u00f3 Ribot - Vins i Caves del Pened\u00e8s\",\"description\":\"Celler | Vins | Caves\",\"publisher\":{\"@id\":\"https:\/\/giroribot.es\/es\/#organization\"},\"potentialAction\":[{\"@type\":\"SearchAction\",\"target\":{\"@type\":\"EntryPoint\",\"urlTemplate\":\"https:\/\/giroribot.es\/es\/?s={search_term_string}\"},\"query-input\":{\"@type\":\"PropertyValueSpecification\",\"valueRequired\":true,\"valueName\":\"search_term_string\"}}],\"inLanguage\":\"es\"},{\"@type\":\"Organization\",\"@id\":\"https:\/\/giroribot.es\/es\/#organization\",\"name\":\"Gir\u00f3 Ribot - Vins i Caves del Pened\u00e8s\",\"url\":\"https:\/\/giroribot.es\/es\/\",\"logo\":{\"@type\":\"ImageObject\",\"inLanguage\":\"es\",\"@id\":\"https:\/\/giroribot.es\/es\/#\/schema\/logo\/image\/\",\"url\":\"https:\/\/giroribot.es\/wp-content\/uploads\/2022\/08\/logo.png\",\"contentUrl\":\"https:\/\/giroribot.es\/wp-content\/uploads\/2022\/08\/logo.png\",\"width\":190,\"height\":58,\"caption\":\"Gir\u00f3 Ribot - Vins i Caves del Pened\u00e8s\"},\"image\":{\"@id\":\"https:\/\/giroribot.es\/es\/#\/schema\/logo\/image\/\"},\"sameAs\":[\"https:\/\/www.facebook.com\/GiroRibot?fref=ts\",\"https:\/\/x.com\/GIRORIBOT\",\"https:\/\/www.instagram.com\/giroribot_vinosycavas\"]}]}<\/script>\n<!-- \/ Yoast SEO plugin. -->","yoast_head_json":{"title":"Brut Reserva Paul Cheneau - Gir\u00f3 Ribot","description":"Compra Cava Brut Paul Cheneau de Gir\u00f3 Ribot directamente del productor, al mejor precio y con env\u00edo gratuito. Tienda de vinos y cavas online.","robots":{"index":"index","follow":"follow","max-snippet":"max-snippet:-1","max-image-preview":"max-image-preview:large","max-video-preview":"max-video-preview:-1"},"canonical":"https:\/\/giroribot.es\/es\/producto\/brut-reserva-paul-cheneau\/","og_locale":"es_ES","og_type":"article","og_title":"Brut Reserva Paul Cheneau - Gir\u00f3 Ribot","og_description":"Compra Cava Brut Paul Cheneau de Gir\u00f3 Ribot directamente del productor, al mejor precio y con env\u00edo gratuito. Tienda de vinos y cavas online.","og_url":"https:\/\/giroribot.es\/es\/producto\/brut-reserva-paul-cheneau\/","og_site_name":"Gir\u00f3 Ribot","article_publisher":"https:\/\/www.facebook.com\/GiroRibot?fref=ts","article_modified_time":"2025-01-23T12:06:05+00:00","og_image":[{"width":1949,"height":1949,"url":"http:\/\/giroribot.es\/wp-content\/uploads\/2023\/01\/Cava-P.Ch_.-Rva.jpg","type":"image\/jpeg"}],"twitter_card":"summary_large_image","twitter_site":"@GIRORIBOT","twitter_misc":{"Tiempo de lectura":"1 minuto"},"schema":{"@context":"https:\/\/schema.org","@graph":[{"@type":"WebPage","@id":"https:\/\/giroribot.es\/es\/producto\/brut-reserva-paul-cheneau\/","url":"https:\/\/giroribot.es\/es\/producto\/brut-reserva-paul-cheneau\/","name":"Brut Reserva Paul Cheneau - Gir\u00f3 Ribot","isPartOf":{"@id":"https:\/\/giroribot.es\/es\/#website"},"primaryImageOfPage":{"@id":"https:\/\/giroribot.es\/es\/producto\/brut-reserva-paul-cheneau\/#primaryimage"},"image":{"@id":"https:\/\/giroribot.es\/es\/producto\/brut-reserva-paul-cheneau\/#primaryimage"},"thumbnailUrl":"https:\/\/giroribot.es\/wp-content\/uploads\/2023\/01\/Cava-P.Ch_.-Rva.jpg","datePublished":"2023-01-20T12:35:31+00:00","dateModified":"2025-01-23T12:06:05+00:00","description":"Compra Cava Brut Paul Cheneau de Gir\u00f3 Ribot directamente del productor, al mejor precio y con env\u00edo gratuito. Tienda de vinos y cavas online.","breadcrumb":{"@id":"https:\/\/giroribot.es\/es\/producto\/brut-reserva-paul-cheneau\/#breadcrumb"},"inLanguage":"es","potentialAction":[{"@type":"ReadAction","target":["https:\/\/giroribot.es\/es\/producto\/brut-reserva-paul-cheneau\/"]}]},{"@type":"ImageObject","inLanguage":"es","@id":"https:\/\/giroribot.es\/es\/producto\/brut-reserva-paul-cheneau\/#primaryimage","url":"https:\/\/giroribot.es\/wp-content\/uploads\/2023\/01\/Cava-P.Ch_.-Rva.jpg","contentUrl":"https:\/\/giroribot.es\/wp-content\/uploads\/2023\/01\/Cava-P.Ch_.-Rva.jpg","width":1949,"height":1949},{"@type":"BreadcrumbList","@id":"https:\/\/giroribot.es\/es\/producto\/brut-reserva-paul-cheneau\/#breadcrumb","itemListElement":[{"@type":"ListItem","position":1,"name":"Inici","item":"https:\/\/giroribot.es\/es\/"},{"@type":"ListItem","position":2,"name":"Tienda","item":"https:\/\/giroribot.es\/es\/tienda\/"},{"@type":"ListItem","position":3,"name":"Brut Reserva Paul Cheneau"}]},{"@type":"WebSite","@id":"https:\/\/giroribot.es\/es\/#website","url":"https:\/\/giroribot.es\/es\/","name":"Gir\u00f3 Ribot - Vins i Caves del Pened\u00e8s","description":"Celler | Vins | Caves","publisher":{"@id":"https:\/\/giroribot.es\/es\/#organization"},"potentialAction":[{"@type":"SearchAction","target":{"@type":"EntryPoint","urlTemplate":"https:\/\/giroribot.es\/es\/?s={search_term_string}"},"query-input":{"@type":"PropertyValueSpecification","valueRequired":true,"valueName":"search_term_string"}}],"inLanguage":"es"},{"@type":"Organization","@id":"https:\/\/giroribot.es\/es\/#organization","name":"Gir\u00f3 Ribot - Vins i Caves del Pened\u00e8s","url":"https:\/\/giroribot.es\/es\/","logo":{"@type":"ImageObject","inLanguage":"es","@id":"https:\/\/giroribot.es\/es\/#\/schema\/logo\/image\/","url":"https:\/\/giroribot.es\/wp-content\/uploads\/2022\/08\/logo.png","contentUrl":"https:\/\/giroribot.es\/wp-content\/uploads\/2022\/08\/logo.png","width":190,"height":58,"caption":"Gir\u00f3 Ribot - Vins i Caves del Pened\u00e8s"},"image":{"@id":"https:\/\/giroribot.es\/es\/#\/schema\/logo\/image\/"},"sameAs":["https:\/\/www.facebook.com\/GiroRibot?fref=ts","https:\/\/x.com\/GIRORIBOT","https:\/\/www.instagram.com\/giroribot_vinosycavas"]}]}},"jetpack_sharing_enabled":true,"brands":[{"id":500,"name":"2001 IWSC","slug":"iwsc-2001-es"},{"id":518,"name":"2002 IWSC plata","slug":"iwsc-plata-2002-es"},{"id":520,"name":"2003 IWSC plata","slug":"iwsc-plata-2003-es"},{"id":502,"name":"2004 IWSC","slug":"iwsc-2004-es"},{"id":522,"name":"2005 IWSC plata","slug":"iwsc-plata-2005-es"},{"id":456,"name":"2006 Challenge bronze","slug":"challenge-bronze-2006-es"},{"id":506,"name":"2006 IWSC bronze","slug":"iwsc-bronze-2006-es"},{"id":420,"name":"2007 Bruxelles plata","slug":"bruxelles-plata-2007-es"},{"id":508,"name":"2007 IWSC bronze","slug":"iwsc-bronze-2007-es"},{"id":510,"name":"2008 IWSC bronze","slug":"iwsc-bronze-2008-es"},{"id":776,"name":"2008 Sparking","slug":"2008-sparking-es-2"},{"id":860,"name":"2008 Wine&amp;Spirits","slug":"2008-winespirits-es-2"},{"id":512,"name":"2009 IWSC bronze","slug":"iwsc-bronze-2009-es"},{"id":446,"name":"2015 Catavinum plata","slug":"catavinum-plata-2015-es"},{"id":788,"name":"2017 StFrancisco or","slug":"2017-stfrancisco-or-es-2"},{"id":452,"name":"2018 Catavinum plata","slug":"catavinum-plata-2018-es"},{"id":804,"name":"2018 StFrancisco plata","slug":"2018-stfrancisco-plata-es-2"},{"id":888,"name":"2022 Sakura doble oro","slug":"2022-sakura-doble-oro"}],"_links":{"self":[{"href":"https:\/\/giroribot.es\/es\/wp-json\/wp\/v2\/product\/6796","targetHints":{"allow":["GET"]}}],"collection":[{"href":"https:\/\/giroribot.es\/es\/wp-json\/wp\/v2\/product"}],"about":[{"href":"https:\/\/giroribot.es\/es\/wp-json\/wp\/v2\/types\/product"}],"version-history":[{"count":2,"href":"https:\/\/giroribot.es\/es\/wp-json\/wp\/v2\/product\/6796\/revisions"}],"predecessor-version":[{"id":9823,"href":"https:\/\/giroribot.es\/es\/wp-json\/wp\/v2\/product\/6796\/revisions\/9823"}],"wp:featuredmedia":[{"embeddable":true,"href":"https:\/\/giroribot.es\/es\/wp-json\/wp\/v2\/media\/6800"}],"wp:attachment":[{"href":"https:\/\/giroribot.es\/es\/wp-json\/wp\/v2\/media?parent=6796"}],"wp:term":[{"taxonomy":"pwb-brand","embeddable":true,"href":"https:\/\/giroribot.es\/es\/wp-json\/wp\/v2\/pwb-brand?post=6796"},{"taxonomy":"product_brand","embeddable":true,"href":"https:\/\/giroribot.es\/es\/wp-json\/wp\/v2\/product_brand?post=6796"},{"taxonomy":"product_cat","embeddable":true,"href":"https:\/\/giroribot.es\/es\/wp-json\/wp\/v2\/product_cat?post=6796"},{"taxonomy":"product_tag","embeddable":true,"href":"https:\/\/giroribot.es\/es\/wp-json\/wp\/v2\/product_tag?post=6796"}],"curies":[{"name":"wp","href":"https:\/\/api.w.org\/{rel}","templated":true}]}}