{"id":5446,"date":"2022-08-03T14:31:08","date_gmt":"2022-08-03T14:31:08","guid":{"rendered":"http:\/\/giroribot.es\/producto\/avant\/"},"modified":"2023-07-18T09:31:33","modified_gmt":"2023-07-18T09:31:33","slug":"avant","status":"publish","type":"product","link":"https:\/\/giroribot.es\/es\/producto\/avant\/","title":{"rendered":"Avant"},"content":{"rendered":"<p><strong>Elaboraci\u00f3n<\/strong>: La uva se derrapa y se somete a una criomaceraci\u00f3n para extraer los aromas primarios de la variedad. Una parte fermenta en tinas de acero inoxidable a temperaturas muy bajas, entre 12-14 \u00b0C. La otra parte fermenta en barricas nuevas de roble franc\u00e9s y de los Balcanes, posteriormente se realiza una crianza sobre l\u00edas. Este vino coupage realiza la segunda fermentaci\u00f3n en botella, siguiendo el m\u00e9todo tradicional.<\/p>\n<p><strong>Tipos<\/strong>: Bruto Reserva<\/p>\n<p><strong>Crianza en botella<\/strong>: M\u00e1s de 36 meses<\/p>\n<p><strong>Tipos de uva<\/strong>: 10% Macabeo, 45% Chardonnay, 45% Xarel\u00b7lo<\/p>\n<p><strong>Graduaci\u00f3n<\/strong>: 12,5% vol.<\/p>\n<p><strong>Temperatura ideal<\/strong>: Entre 6 \u2013 8 \u00baC<\/p>\n<p><strong>Verema<\/strong>: Manual en cajas de 20 kg desde mediados de agosto a finales de septiembre. Uva procedente de nuestro vi\u00f1edo m\u00e1s viejo de la finca de Can Bas, con edad entre 30 y 50 a\u00f1os y de producci\u00f3n limitada.<\/p>\n<p><a href=\"http:\/\/giroribot.es\/wp-content\/uploads\/2023\/07\/Avant-2016-esp.pdf\" target=\"_blank\" rel=\"noopener\">Descarga ficha y notas de cata<\/a><\/p>\n","protected":false},"excerpt":{"rendered":"<p>Elaboraci\u00f3n: La uva se derrapa y se somete a una criomaceraci\u00f3n para extraer los aromas primarios de la variedad. Una parte fermenta en tinas de acero inoxidable a temperaturas muy bajas, entre 12-14 \u00b0C. La otra parte fermenta en barricas nuevas de roble franc\u00e9s y de los Balcanes, posteriormente se realiza una crianza sobre l\u00edas. [&hellip;]<\/p>\n","protected":false},"featured_media":1290,"template":"","meta":{"_acf_changed":false,"site-sidebar-layout":"default","site-content-layout":"default","ast-site-content-layout":"","site-content-style":"default","site-sidebar-style":"default","ast-global-header-display":"","ast-banner-title-visibility":"","ast-main-header-display":"","ast-hfb-above-header-display":"","ast-hfb-below-header-display":"","ast-hfb-mobile-header-display":"","site-post-title":"","ast-breadcrumbs-content":"","ast-featured-img":"","footer-sml-layout":"","theme-transparent-header-meta":"default","adv-header-id-meta":"","stick-header-meta":"","header-above-stick-meta":"","header-main-stick-meta":"","header-below-stick-meta":"","astra-migrate-meta-layouts":"default","ast-page-background-enabled":"default","ast-page-background-meta":{"desktop":{"background-color":"","background-image":"","background-repeat":"repeat","background-position":"center center","background-size":"auto","background-attachment":"scroll","background-type":"","background-media":"","overlay-type":"","overlay-color":"","overlay-opacity":"","overlay-gradient":""},"tablet":{"background-color":"","background-image":"","background-repeat":"repeat","background-position":"center center","background-size":"auto","background-attachment":"scroll","background-type":"","background-media":"","overlay-type":"","overlay-color":"","overlay-opacity":"","overlay-gradient":""},"mobile":{"background-color":"","background-image":"","background-repeat":"repeat","background-position":"center center","background-size":"auto","background-attachment":"scroll","background-type":"","background-media":"","overlay-type":"","overlay-color":"","overlay-opacity":"","overlay-gradient":""}},"ast-content-background-meta":{"desktop":{"background-color":"var(--ast-global-color-5)","background-image":"","background-repeat":"repeat","background-position":"center center","background-size":"auto","background-attachment":"scroll","background-type":"","background-media":"","overlay-type":"","overlay-color":"","overlay-opacity":"","overlay-gradient":""},"tablet":{"background-color":"var(--ast-global-color-5)","background-image":"","background-repeat":"repeat","background-position":"center center","background-size":"auto","background-attachment":"scroll","background-type":"","background-media":"","overlay-type":"","overlay-color":"","overlay-opacity":"","overlay-gradient":""},"mobile":{"background-color":"var(--ast-global-color-5)","background-image":"","background-repeat":"repeat","background-position":"center center","background-size":"auto","background-attachment":"scroll","background-type":"","background-media":"","overlay-type":"","overlay-color":"","overlay-opacity":"","overlay-gradient":""}}},"pwb-brand":[458,490,514,468,496,426,540,428,743,825,874,430,470,747,808,432,726,811,424,434,466,480,730,436,474,482,852,898],"product_brand":[],"product_cat":[342,346,343],"product_tag":[],"class_list":{"0":"post-5446","1":"product","2":"type-product","3":"status-publish","4":"has-post-thumbnail","6":"pwb-brand-challenge-or-2008-es","7":"pwb-brand-girovi-or-2008-es","8":"pwb-brand-iwsc-bronze-2010-es","9":"pwb-brand-decanter-bronze-2011-es","10":"pwb-brand-international-or-2011-es","11":"pwb-brand-catavinum-or-2012-es","12":"pwb-brand-2012-guia-945-es-2","13":"pwb-brand-catavinum-or-2013-es","14":"pwb-brand-2013-penin-93-es-2","15":"pwb-brand-2013-vinari-or-es-2","16":"pwb-brand-2013-zarzillo-plata-es-2","17":"pwb-brand-catavinum-or-2014-es","18":"pwb-brand-decanter-bronze-2014-es","19":"pwb-brand-2014-penin-93-es-2","20":"pwb-brand-2014-vinari-bronze-es-2","21":"pwb-brand-catavinum-or-2015-es","22":"pwb-brand-2015-penin-92-es-2","23":"pwb-brand-2015-vinari-bronze-es-2","24":"pwb-brand-catavinum-gran-or-2016-es","25":"pwb-brand-catavinum-or-2016-es","26":"pwb-brand-china-doble-or-2016-es","27":"pwb-brand-gilbert-gaillard-or-90-2016-es","28":"pwb-brand-2016-penin-92-es-2","29":"pwb-brand-catavinum-or-2017-es","30":"pwb-brand-decanter-plata-2017-es","31":"pwb-brand-gilbert-gaillard-or-90-2017-es","32":"pwb-brand-2020-vinari-plata-es-2","33":"pwb-brand-2022-vinari-plata-es","34":"product_cat-cavas","35":"product_cat-excelsus-es","36":"product_cat-giro-ribot-es","37":"desktop-align-left","38":"tablet-align-left","39":"mobile-align-left","40":"ast-product-gallery-layout-horizontal","41":"ast-magnify-disabled","42":"ast-product-tabs-layout-distributed","43":"ast-qv-on-image","45":"first","46":"instock","47":"taxable","48":"shipping-taxable","49":"purchasable","50":"product-type-simple"},"acf":[],"yoast_head":"<!-- This site is optimized with the Yoast SEO plugin v24.5 - https:\/\/yoast.com\/wordpress\/plugins\/seo\/ -->\n<title>Avant - Gir\u00f3 Ribot<\/title>\n<meta name=\"description\" content=\"Compra Cava Avant Excelsus de Gir\u00f3 Ribot directamente del productor, al mejor precio y con env\u00edo gratuito. Tienda de vinos y cavas online.\" \/>\n<meta name=\"robots\" content=\"index, follow, max-snippet:-1, max-image-preview:large, max-video-preview:-1\" \/>\n<link rel=\"canonical\" href=\"https:\/\/giroribot.es\/es\/producto\/avant\/\" \/>\n<meta property=\"og:locale\" content=\"es_ES\" \/>\n<meta property=\"og:type\" content=\"article\" \/>\n<meta property=\"og:title\" content=\"Avant - Gir\u00f3 Ribot\" \/>\n<meta property=\"og:description\" content=\"Compra Cava Avant Excelsus de Gir\u00f3 Ribot directamente del productor, al mejor precio y con env\u00edo gratuito. Tienda de vinos y cavas online.\" \/>\n<meta property=\"og:url\" content=\"https:\/\/giroribot.es\/es\/producto\/avant\/\" \/>\n<meta property=\"og:site_name\" content=\"Gir\u00f3 Ribot\" \/>\n<meta property=\"article:publisher\" content=\"https:\/\/www.facebook.com\/GiroRibot?fref=ts\" \/>\n<meta property=\"article:modified_time\" content=\"2023-07-18T09:31:33+00:00\" \/>\n<meta property=\"og:image\" content=\"http:\/\/giroribot.es\/wp-content\/uploads\/2022\/08\/giro-ribot_cava_avant_2018.jpg\" \/>\n\t<meta property=\"og:image:width\" content=\"635\" \/>\n\t<meta property=\"og:image:height\" content=\"600\" \/>\n\t<meta property=\"og:image:type\" content=\"image\/jpeg\" \/>\n<meta name=\"twitter:card\" content=\"summary_large_image\" \/>\n<meta name=\"twitter:site\" content=\"@GIRORIBOT\" \/>\n<meta name=\"twitter:label1\" content=\"Tiempo de lectura\" \/>\n\t<meta name=\"twitter:data1\" content=\"1 minuto\" \/>\n<script type=\"application\/ld+json\" class=\"yoast-schema-graph\">{\"@context\":\"https:\/\/schema.org\",\"@graph\":[{\"@type\":\"WebPage\",\"@id\":\"https:\/\/giroribot.es\/es\/producto\/avant\/\",\"url\":\"https:\/\/giroribot.es\/es\/producto\/avant\/\",\"name\":\"Avant - Gir\u00f3 Ribot\",\"isPartOf\":{\"@id\":\"https:\/\/giroribot.es\/es\/#website\"},\"primaryImageOfPage\":{\"@id\":\"https:\/\/giroribot.es\/es\/producto\/avant\/#primaryimage\"},\"image\":{\"@id\":\"https:\/\/giroribot.es\/es\/producto\/avant\/#primaryimage\"},\"thumbnailUrl\":\"https:\/\/giroribot.es\/wp-content\/uploads\/2022\/08\/giro-ribot_cava_avant_2018.jpg\",\"datePublished\":\"2022-08-03T14:31:08+00:00\",\"dateModified\":\"2023-07-18T09:31:33+00:00\",\"description\":\"Compra Cava Avant Excelsus de Gir\u00f3 Ribot directamente del productor, al mejor precio y con env\u00edo gratuito. Tienda de vinos y cavas online.\",\"breadcrumb\":{\"@id\":\"https:\/\/giroribot.es\/es\/producto\/avant\/#breadcrumb\"},\"inLanguage\":\"es\",\"potentialAction\":[{\"@type\":\"ReadAction\",\"target\":[\"https:\/\/giroribot.es\/es\/producto\/avant\/\"]}]},{\"@type\":\"ImageObject\",\"inLanguage\":\"es\",\"@id\":\"https:\/\/giroribot.es\/es\/producto\/avant\/#primaryimage\",\"url\":\"https:\/\/giroribot.es\/wp-content\/uploads\/2022\/08\/giro-ribot_cava_avant_2018.jpg\",\"contentUrl\":\"https:\/\/giroribot.es\/wp-content\/uploads\/2022\/08\/giro-ribot_cava_avant_2018.jpg\",\"width\":635,\"height\":600},{\"@type\":\"BreadcrumbList\",\"@id\":\"https:\/\/giroribot.es\/es\/producto\/avant\/#breadcrumb\",\"itemListElement\":[{\"@type\":\"ListItem\",\"position\":1,\"name\":\"Inici\",\"item\":\"https:\/\/giroribot.es\/es\/\"},{\"@type\":\"ListItem\",\"position\":2,\"name\":\"Tienda\",\"item\":\"https:\/\/giroribot.es\/es\/tienda\/\"},{\"@type\":\"ListItem\",\"position\":3,\"name\":\"Avant\"}]},{\"@type\":\"WebSite\",\"@id\":\"https:\/\/giroribot.es\/es\/#website\",\"url\":\"https:\/\/giroribot.es\/es\/\",\"name\":\"Gir\u00f3 Ribot - Vins i Caves del Pened\u00e8s\",\"description\":\"Celler | Vins | Caves\",\"publisher\":{\"@id\":\"https:\/\/giroribot.es\/es\/#organization\"},\"potentialAction\":[{\"@type\":\"SearchAction\",\"target\":{\"@type\":\"EntryPoint\",\"urlTemplate\":\"https:\/\/giroribot.es\/es\/?s={search_term_string}\"},\"query-input\":{\"@type\":\"PropertyValueSpecification\",\"valueRequired\":true,\"valueName\":\"search_term_string\"}}],\"inLanguage\":\"es\"},{\"@type\":\"Organization\",\"@id\":\"https:\/\/giroribot.es\/es\/#organization\",\"name\":\"Gir\u00f3 Ribot - Vins i Caves del Pened\u00e8s\",\"url\":\"https:\/\/giroribot.es\/es\/\",\"logo\":{\"@type\":\"ImageObject\",\"inLanguage\":\"es\",\"@id\":\"https:\/\/giroribot.es\/es\/#\/schema\/logo\/image\/\",\"url\":\"https:\/\/giroribot.es\/wp-content\/uploads\/2022\/08\/logo.png\",\"contentUrl\":\"https:\/\/giroribot.es\/wp-content\/uploads\/2022\/08\/logo.png\",\"width\":190,\"height\":58,\"caption\":\"Gir\u00f3 Ribot - Vins i Caves del Pened\u00e8s\"},\"image\":{\"@id\":\"https:\/\/giroribot.es\/es\/#\/schema\/logo\/image\/\"},\"sameAs\":[\"https:\/\/www.facebook.com\/GiroRibot?fref=ts\",\"https:\/\/x.com\/GIRORIBOT\",\"https:\/\/www.instagram.com\/giroribot_vinosycavas\"]}]}<\/script>\n<!-- \/ Yoast SEO plugin. -->","yoast_head_json":{"title":"Avant - Gir\u00f3 Ribot","description":"Compra Cava Avant Excelsus de Gir\u00f3 Ribot directamente del productor, al mejor precio y con env\u00edo gratuito. Tienda de vinos y cavas online.","robots":{"index":"index","follow":"follow","max-snippet":"max-snippet:-1","max-image-preview":"max-image-preview:large","max-video-preview":"max-video-preview:-1"},"canonical":"https:\/\/giroribot.es\/es\/producto\/avant\/","og_locale":"es_ES","og_type":"article","og_title":"Avant - Gir\u00f3 Ribot","og_description":"Compra Cava Avant Excelsus de Gir\u00f3 Ribot directamente del productor, al mejor precio y con env\u00edo gratuito. Tienda de vinos y cavas online.","og_url":"https:\/\/giroribot.es\/es\/producto\/avant\/","og_site_name":"Gir\u00f3 Ribot","article_publisher":"https:\/\/www.facebook.com\/GiroRibot?fref=ts","article_modified_time":"2023-07-18T09:31:33+00:00","og_image":[{"width":635,"height":600,"url":"http:\/\/giroribot.es\/wp-content\/uploads\/2022\/08\/giro-ribot_cava_avant_2018.jpg","type":"image\/jpeg"}],"twitter_card":"summary_large_image","twitter_site":"@GIRORIBOT","twitter_misc":{"Tiempo de lectura":"1 minuto"},"schema":{"@context":"https:\/\/schema.org","@graph":[{"@type":"WebPage","@id":"https:\/\/giroribot.es\/es\/producto\/avant\/","url":"https:\/\/giroribot.es\/es\/producto\/avant\/","name":"Avant - Gir\u00f3 Ribot","isPartOf":{"@id":"https:\/\/giroribot.es\/es\/#website"},"primaryImageOfPage":{"@id":"https:\/\/giroribot.es\/es\/producto\/avant\/#primaryimage"},"image":{"@id":"https:\/\/giroribot.es\/es\/producto\/avant\/#primaryimage"},"thumbnailUrl":"https:\/\/giroribot.es\/wp-content\/uploads\/2022\/08\/giro-ribot_cava_avant_2018.jpg","datePublished":"2022-08-03T14:31:08+00:00","dateModified":"2023-07-18T09:31:33+00:00","description":"Compra Cava Avant Excelsus de Gir\u00f3 Ribot directamente del productor, al mejor precio y con env\u00edo gratuito. Tienda de vinos y cavas online.","breadcrumb":{"@id":"https:\/\/giroribot.es\/es\/producto\/avant\/#breadcrumb"},"inLanguage":"es","potentialAction":[{"@type":"ReadAction","target":["https:\/\/giroribot.es\/es\/producto\/avant\/"]}]},{"@type":"ImageObject","inLanguage":"es","@id":"https:\/\/giroribot.es\/es\/producto\/avant\/#primaryimage","url":"https:\/\/giroribot.es\/wp-content\/uploads\/2022\/08\/giro-ribot_cava_avant_2018.jpg","contentUrl":"https:\/\/giroribot.es\/wp-content\/uploads\/2022\/08\/giro-ribot_cava_avant_2018.jpg","width":635,"height":600},{"@type":"BreadcrumbList","@id":"https:\/\/giroribot.es\/es\/producto\/avant\/#breadcrumb","itemListElement":[{"@type":"ListItem","position":1,"name":"Inici","item":"https:\/\/giroribot.es\/es\/"},{"@type":"ListItem","position":2,"name":"Tienda","item":"https:\/\/giroribot.es\/es\/tienda\/"},{"@type":"ListItem","position":3,"name":"Avant"}]},{"@type":"WebSite","@id":"https:\/\/giroribot.es\/es\/#website","url":"https:\/\/giroribot.es\/es\/","name":"Gir\u00f3 Ribot - Vins i Caves del Pened\u00e8s","description":"Celler | Vins | Caves","publisher":{"@id":"https:\/\/giroribot.es\/es\/#organization"},"potentialAction":[{"@type":"SearchAction","target":{"@type":"EntryPoint","urlTemplate":"https:\/\/giroribot.es\/es\/?s={search_term_string}"},"query-input":{"@type":"PropertyValueSpecification","valueRequired":true,"valueName":"search_term_string"}}],"inLanguage":"es"},{"@type":"Organization","@id":"https:\/\/giroribot.es\/es\/#organization","name":"Gir\u00f3 Ribot - Vins i Caves del Pened\u00e8s","url":"https:\/\/giroribot.es\/es\/","logo":{"@type":"ImageObject","inLanguage":"es","@id":"https:\/\/giroribot.es\/es\/#\/schema\/logo\/image\/","url":"https:\/\/giroribot.es\/wp-content\/uploads\/2022\/08\/logo.png","contentUrl":"https:\/\/giroribot.es\/wp-content\/uploads\/2022\/08\/logo.png","width":190,"height":58,"caption":"Gir\u00f3 Ribot - Vins i Caves del Pened\u00e8s"},"image":{"@id":"https:\/\/giroribot.es\/es\/#\/schema\/logo\/image\/"},"sameAs":["https:\/\/www.facebook.com\/GiroRibot?fref=ts","https:\/\/x.com\/GIRORIBOT","https:\/\/www.instagram.com\/giroribot_vinosycavas"]}]}},"jetpack_sharing_enabled":true,"brands":[{"id":458,"name":"2008 Challenge or","slug":"challenge-or-2008-es"},{"id":490,"name":"2008 Girovi or","slug":"girovi-or-2008-es"},{"id":514,"name":"2010 IWSC bronze","slug":"iwsc-bronze-2010-es"},{"id":468,"name":"2011 Decanter bronze","slug":"decanter-bronze-2011-es"},{"id":496,"name":"2011 International or","slug":"international-or-2011-es"},{"id":426,"name":"2012 Catavinum or","slug":"catavinum-or-2012-es"},{"id":540,"name":"2012 Guia 9,45","slug":"2012-guia-945-es-2"},{"id":428,"name":"2013 Catavinum or","slug":"catavinum-or-2013-es"},{"id":743,"name":"2013 Pe\u00f1in 93","slug":"2013-penin-93-es-2"},{"id":825,"name":"2013 Vinari or","slug":"2013-vinari-or-es-2"},{"id":874,"name":"2013 Zarzillo plata","slug":"2013-zarzillo-plata-es-2"},{"id":430,"name":"2014 Catavinum or","slug":"catavinum-or-2014-es"},{"id":470,"name":"2014 Decanter bronze","slug":"decanter-bronze-2014-es"},{"id":747,"name":"2014 Pe\u00f1in 93","slug":"2014-penin-93-es-2"},{"id":808,"name":"2014 Vinari bronze","slug":"2014-vinari-bronze-es-2"},{"id":432,"name":"2015 Catavinum or","slug":"catavinum-or-2015-es"},{"id":726,"name":"2015 Pe\u00f1in 92","slug":"2015-penin-92-es-2"},{"id":811,"name":"2015 Vinari bronze","slug":"2015-vinari-bronze-es-2"},{"id":424,"name":"2016 Catavinum gran or","slug":"catavinum-gran-or-2016-es"},{"id":434,"name":"2016 Catavinum or","slug":"catavinum-or-2016-es"},{"id":466,"name":"2016 China doble or","slug":"china-doble-or-2016-es"},{"id":480,"name":"2016 Gilbert Gaillard or 90+","slug":"gilbert-gaillard-or-90-2016-es"},{"id":730,"name":"2016 Pe\u00f1in 92","slug":"2016-penin-92-es-2"},{"id":436,"name":"2017 Catavinum or","slug":"catavinum-or-2017-es"},{"id":474,"name":"2017 Decanter plata","slug":"decanter-plata-2017-es"},{"id":482,"name":"2017 Gilbert Gaillard or 90+","slug":"gilbert-gaillard-or-90-2017-es"},{"id":852,"name":"2020 Vinari plata","slug":"2020-vinari-plata-es-2"},{"id":898,"name":"2022 Vinari plata","slug":"2022-vinari-plata-es"}],"_links":{"self":[{"href":"https:\/\/giroribot.es\/es\/wp-json\/wp\/v2\/product\/5446","targetHints":{"allow":["GET"]}}],"collection":[{"href":"https:\/\/giroribot.es\/es\/wp-json\/wp\/v2\/product"}],"about":[{"href":"https:\/\/giroribot.es\/es\/wp-json\/wp\/v2\/types\/product"}],"version-history":[{"count":0,"href":"https:\/\/giroribot.es\/es\/wp-json\/wp\/v2\/product\/5446\/revisions"}],"wp:featuredmedia":[{"embeddable":true,"href":"https:\/\/giroribot.es\/es\/wp-json\/wp\/v2\/media\/1290"}],"wp:attachment":[{"href":"https:\/\/giroribot.es\/es\/wp-json\/wp\/v2\/media?parent=5446"}],"wp:term":[{"taxonomy":"pwb-brand","embeddable":true,"href":"https:\/\/giroribot.es\/es\/wp-json\/wp\/v2\/pwb-brand?post=5446"},{"taxonomy":"product_brand","embeddable":true,"href":"https:\/\/giroribot.es\/es\/wp-json\/wp\/v2\/product_brand?post=5446"},{"taxonomy":"product_cat","embeddable":true,"href":"https:\/\/giroribot.es\/es\/wp-json\/wp\/v2\/product_cat?post=5446"},{"taxonomy":"product_tag","embeddable":true,"href":"https:\/\/giroribot.es\/es\/wp-json\/wp\/v2\/product_tag?post=5446"}],"curies":[{"name":"wp","href":"https:\/\/api.w.org\/{rel}","templated":true}]}}