{"id":5439,"date":"2022-08-03T15:29:21","date_gmt":"2022-08-03T15:29:21","guid":{"rendered":"http:\/\/giroribot.es\/producto\/unplugged\/"},"modified":"2023-07-18T10:34:17","modified_gmt":"2023-07-18T10:34:17","slug":"unplugged","status":"publish","type":"product","link":"https:\/\/giroribot.es\/es\/producto\/unplugged\/","title":{"rendered":"Unplugged Excelsus"},"content":{"rendered":"<p><strong>Elaboraci\u00f3n<\/strong>: Una parte fermenta en dep\u00f3sitos de acero inoxidable a temperaturas muy bajas, entre 12-14 \u00baC, con el fin de obtener todo su potencial en aromas secundarios. La otra parte fermenta en barricas nuevas de roble franc\u00e9s y americano.<\/p>\n<p><strong>Tipos<\/strong>: Brut Ros\u00e9 Barrica<\/p>\n<p><strong>Crianza en botella<\/strong>: Entre 15 y 24 meses<\/p>\n<p><strong>Tipo de uva<\/strong>: Pinot Noir y una selecci\u00f3n de variedades de nuestra finca.<\/p>\n<p><strong>Graduaci\u00f3n<\/strong>: 12,5% vol.<\/p>\n<p><strong>Temperatura ideal<\/strong>: 6-8 grados cent\u00edgrados<\/p>\n<p><strong>Verema<\/strong>: Vendimia temprana a mediados de agosto.<\/p>\n<p><a href=\"http:\/\/giroribot.es\/wp-content\/uploads\/2023\/07\/Unplugged-2018-esp.pdf\" target=\"_blank\" rel=\"noopener\">Descarga ficha y notas de cata<\/a><\/p>\n","protected":false},"excerpt":{"rendered":"<p>Elaboraci\u00f3n: Una parte fermenta en dep\u00f3sitos de acero inoxidable a temperaturas muy bajas, entre 12-14 \u00baC, con el fin de obtener todo su potencial en aromas secundarios. La otra parte fermenta en barricas nuevas de roble franc\u00e9s y americano. Tipos: Brut Ros\u00e9 Barrica Crianza en botella: Entre 15 y 24 meses Tipo de uva: Pinot [&hellip;]<\/p>\n","protected":false},"featured_media":1284,"template":"","meta":{"_acf_changed":false,"site-sidebar-layout":"default","site-content-layout":"default","ast-site-content-layout":"","site-content-style":"default","site-sidebar-style":"default","ast-global-header-display":"","ast-banner-title-visibility":"","ast-main-header-display":"","ast-hfb-above-header-display":"","ast-hfb-below-header-display":"","ast-hfb-mobile-header-display":"","site-post-title":"","ast-breadcrumbs-content":"","ast-featured-img":"","footer-sml-layout":"","theme-transparent-header-meta":"default","adv-header-id-meta":"","stick-header-meta":"","header-above-stick-meta":"","header-main-stick-meta":"","header-below-stick-meta":"","astra-migrate-meta-layouts":"default","ast-page-background-enabled":"default","ast-page-background-meta":{"desktop":{"background-color":"","background-image":"","background-repeat":"repeat","background-position":"center center","background-size":"auto","background-attachment":"scroll","background-type":"","background-media":"","overlay-type":"","overlay-color":"","overlay-opacity":"","overlay-gradient":""},"tablet":{"background-color":"","background-image":"","background-repeat":"repeat","background-position":"center center","background-size":"auto","background-attachment":"scroll","background-type":"","background-media":"","overlay-type":"","overlay-color":"","overlay-opacity":"","overlay-gradient":""},"mobile":{"background-color":"","background-image":"","background-repeat":"repeat","background-position":"center center","background-size":"auto","background-attachment":"scroll","background-type":"","background-media":"","overlay-type":"","overlay-color":"","overlay-opacity":"","overlay-gradient":""}},"ast-content-background-meta":{"desktop":{"background-color":"var(--ast-global-color-5)","background-image":"","background-repeat":"repeat","background-position":"center center","background-size":"auto","background-attachment":"scroll","background-type":"","background-media":"","overlay-type":"","overlay-color":"","overlay-opacity":"","overlay-gradient":""},"tablet":{"background-color":"var(--ast-global-color-5)","background-image":"","background-repeat":"repeat","background-position":"center center","background-size":"auto","background-attachment":"scroll","background-type":"","background-media":"","overlay-type":"","overlay-color":"","overlay-opacity":"","overlay-gradient":""},"mobile":{"background-color":"var(--ast-global-color-5)","background-image":"","background-repeat":"repeat","background-position":"center center","background-size":"auto","background-attachment":"scroll","background-type":"","background-media":"","overlay-type":"","overlay-color":"","overlay-opacity":"","overlay-gradient":""}}},"pwb-brand":[548,703,430,528,432,751,756,436,486,438],"product_brand":[],"product_cat":[342,346,343],"product_tag":[],"class_list":{"0":"post-5439","1":"product","2":"type-product","3":"status-publish","4":"has-post-thumbnail","6":"pwb-brand-2013-guia-912-es-2","7":"pwb-brand-2013-penin-91-es-2","8":"pwb-brand-catavinum-or-2014-es","9":"pwb-brand-iwsc-plata-2014-es","10":"pwb-brand-catavinum-or-2015-es","11":"pwb-brand-2015-penin-93-es-2","12":"pwb-brand-2016-penin-93-es-2","13":"pwb-brand-catavinum-or-2017-es","14":"pwb-brand-gilbert-gaillard-plata-2017-es","15":"pwb-brand-catavinum-or-2018-es","16":"product_cat-cavas","17":"product_cat-excelsus-es","18":"product_cat-giro-ribot-es","19":"desktop-align-left","20":"tablet-align-left","21":"mobile-align-left","22":"ast-product-gallery-layout-horizontal","23":"ast-product-gallery-with-no-image","24":"ast-magnify-disabled","25":"ast-product-tabs-layout-distributed","26":"ast-qv-on-image","28":"first","29":"instock","30":"taxable","31":"shipping-taxable","32":"purchasable","33":"product-type-simple"},"acf":[],"yoast_head":"<!-- This site is optimized with the Yoast SEO plugin v24.5 - https:\/\/yoast.com\/wordpress\/plugins\/seo\/ -->\n<title>Unplugged Excelsus - Gir\u00f3 Ribot<\/title>\n<meta name=\"description\" content=\"Compra Cava Unplugged Excelsus de Gir\u00f3 Ribot directamente del productor, al mejor precio y con env\u00edo gratuito. Tienda de vinos y cavas online.\" \/>\n<meta name=\"robots\" content=\"index, follow, max-snippet:-1, max-image-preview:large, max-video-preview:-1\" \/>\n<link rel=\"canonical\" href=\"https:\/\/giroribot.es\/es\/producto\/unplugged\/\" \/>\n<meta property=\"og:locale\" content=\"es_ES\" \/>\n<meta property=\"og:type\" content=\"article\" \/>\n<meta property=\"og:title\" content=\"Unplugged Excelsus - Gir\u00f3 Ribot\" \/>\n<meta property=\"og:description\" content=\"Compra Cava Unplugged Excelsus de Gir\u00f3 Ribot directamente del productor, al mejor precio y con env\u00edo gratuito. Tienda de vinos y cavas online.\" \/>\n<meta property=\"og:url\" content=\"https:\/\/giroribot.es\/es\/producto\/unplugged\/\" \/>\n<meta property=\"og:site_name\" content=\"Gir\u00f3 Ribot\" \/>\n<meta property=\"article:publisher\" content=\"https:\/\/www.facebook.com\/GiroRibot?fref=ts\" \/>\n<meta property=\"article:modified_time\" content=\"2023-07-18T10:34:17+00:00\" \/>\n<meta property=\"og:image\" content=\"http:\/\/giroribot.es\/wp-content\/uploads\/2022\/08\/giro-ribot_cava_unplugged.jpg\" \/>\n\t<meta property=\"og:image:width\" content=\"635\" \/>\n\t<meta property=\"og:image:height\" content=\"600\" \/>\n\t<meta property=\"og:image:type\" content=\"image\/jpeg\" \/>\n<meta name=\"twitter:card\" content=\"summary_large_image\" \/>\n<meta name=\"twitter:site\" content=\"@GIRORIBOT\" \/>\n<meta name=\"twitter:label1\" content=\"Tiempo de lectura\" \/>\n\t<meta name=\"twitter:data1\" content=\"1 minuto\" \/>\n<script type=\"application\/ld+json\" class=\"yoast-schema-graph\">{\"@context\":\"https:\/\/schema.org\",\"@graph\":[{\"@type\":\"WebPage\",\"@id\":\"https:\/\/giroribot.es\/es\/producto\/unplugged\/\",\"url\":\"https:\/\/giroribot.es\/es\/producto\/unplugged\/\",\"name\":\"Unplugged Excelsus - Gir\u00f3 Ribot\",\"isPartOf\":{\"@id\":\"https:\/\/giroribot.es\/es\/#website\"},\"primaryImageOfPage\":{\"@id\":\"https:\/\/giroribot.es\/es\/producto\/unplugged\/#primaryimage\"},\"image\":{\"@id\":\"https:\/\/giroribot.es\/es\/producto\/unplugged\/#primaryimage\"},\"thumbnailUrl\":\"https:\/\/giroribot.es\/wp-content\/uploads\/2022\/08\/giro-ribot_cava_unplugged.jpg\",\"datePublished\":\"2022-08-03T15:29:21+00:00\",\"dateModified\":\"2023-07-18T10:34:17+00:00\",\"description\":\"Compra Cava Unplugged Excelsus de Gir\u00f3 Ribot directamente del productor, al mejor precio y con env\u00edo gratuito. Tienda de vinos y cavas online.\",\"breadcrumb\":{\"@id\":\"https:\/\/giroribot.es\/es\/producto\/unplugged\/#breadcrumb\"},\"inLanguage\":\"es\",\"potentialAction\":[{\"@type\":\"ReadAction\",\"target\":[\"https:\/\/giroribot.es\/es\/producto\/unplugged\/\"]}]},{\"@type\":\"ImageObject\",\"inLanguage\":\"es\",\"@id\":\"https:\/\/giroribot.es\/es\/producto\/unplugged\/#primaryimage\",\"url\":\"https:\/\/giroribot.es\/wp-content\/uploads\/2022\/08\/giro-ribot_cava_unplugged.jpg\",\"contentUrl\":\"https:\/\/giroribot.es\/wp-content\/uploads\/2022\/08\/giro-ribot_cava_unplugged.jpg\",\"width\":635,\"height\":600},{\"@type\":\"BreadcrumbList\",\"@id\":\"https:\/\/giroribot.es\/es\/producto\/unplugged\/#breadcrumb\",\"itemListElement\":[{\"@type\":\"ListItem\",\"position\":1,\"name\":\"Inici\",\"item\":\"https:\/\/giroribot.es\/es\/\"},{\"@type\":\"ListItem\",\"position\":2,\"name\":\"Tienda\",\"item\":\"https:\/\/giroribot.es\/es\/tienda\/\"},{\"@type\":\"ListItem\",\"position\":3,\"name\":\"Unplugged Excelsus\"}]},{\"@type\":\"WebSite\",\"@id\":\"https:\/\/giroribot.es\/es\/#website\",\"url\":\"https:\/\/giroribot.es\/es\/\",\"name\":\"Gir\u00f3 Ribot - Vins i Caves del Pened\u00e8s\",\"description\":\"Celler | Vins | Caves\",\"publisher\":{\"@id\":\"https:\/\/giroribot.es\/es\/#organization\"},\"potentialAction\":[{\"@type\":\"SearchAction\",\"target\":{\"@type\":\"EntryPoint\",\"urlTemplate\":\"https:\/\/giroribot.es\/es\/?s={search_term_string}\"},\"query-input\":{\"@type\":\"PropertyValueSpecification\",\"valueRequired\":true,\"valueName\":\"search_term_string\"}}],\"inLanguage\":\"es\"},{\"@type\":\"Organization\",\"@id\":\"https:\/\/giroribot.es\/es\/#organization\",\"name\":\"Gir\u00f3 Ribot - Vins i Caves del Pened\u00e8s\",\"url\":\"https:\/\/giroribot.es\/es\/\",\"logo\":{\"@type\":\"ImageObject\",\"inLanguage\":\"es\",\"@id\":\"https:\/\/giroribot.es\/es\/#\/schema\/logo\/image\/\",\"url\":\"https:\/\/giroribot.es\/wp-content\/uploads\/2022\/08\/logo.png\",\"contentUrl\":\"https:\/\/giroribot.es\/wp-content\/uploads\/2022\/08\/logo.png\",\"width\":190,\"height\":58,\"caption\":\"Gir\u00f3 Ribot - Vins i Caves del Pened\u00e8s\"},\"image\":{\"@id\":\"https:\/\/giroribot.es\/es\/#\/schema\/logo\/image\/\"},\"sameAs\":[\"https:\/\/www.facebook.com\/GiroRibot?fref=ts\",\"https:\/\/x.com\/GIRORIBOT\",\"https:\/\/www.instagram.com\/giroribot_vinosycavas\"]}]}<\/script>\n<!-- \/ Yoast SEO plugin. -->","yoast_head_json":{"title":"Unplugged Excelsus - Gir\u00f3 Ribot","description":"Compra Cava Unplugged Excelsus de Gir\u00f3 Ribot directamente del productor, al mejor precio y con env\u00edo gratuito. Tienda de vinos y cavas online.","robots":{"index":"index","follow":"follow","max-snippet":"max-snippet:-1","max-image-preview":"max-image-preview:large","max-video-preview":"max-video-preview:-1"},"canonical":"https:\/\/giroribot.es\/es\/producto\/unplugged\/","og_locale":"es_ES","og_type":"article","og_title":"Unplugged Excelsus - Gir\u00f3 Ribot","og_description":"Compra Cava Unplugged Excelsus de Gir\u00f3 Ribot directamente del productor, al mejor precio y con env\u00edo gratuito. Tienda de vinos y cavas online.","og_url":"https:\/\/giroribot.es\/es\/producto\/unplugged\/","og_site_name":"Gir\u00f3 Ribot","article_publisher":"https:\/\/www.facebook.com\/GiroRibot?fref=ts","article_modified_time":"2023-07-18T10:34:17+00:00","og_image":[{"width":635,"height":600,"url":"http:\/\/giroribot.es\/wp-content\/uploads\/2022\/08\/giro-ribot_cava_unplugged.jpg","type":"image\/jpeg"}],"twitter_card":"summary_large_image","twitter_site":"@GIRORIBOT","twitter_misc":{"Tiempo de lectura":"1 minuto"},"schema":{"@context":"https:\/\/schema.org","@graph":[{"@type":"WebPage","@id":"https:\/\/giroribot.es\/es\/producto\/unplugged\/","url":"https:\/\/giroribot.es\/es\/producto\/unplugged\/","name":"Unplugged Excelsus - Gir\u00f3 Ribot","isPartOf":{"@id":"https:\/\/giroribot.es\/es\/#website"},"primaryImageOfPage":{"@id":"https:\/\/giroribot.es\/es\/producto\/unplugged\/#primaryimage"},"image":{"@id":"https:\/\/giroribot.es\/es\/producto\/unplugged\/#primaryimage"},"thumbnailUrl":"https:\/\/giroribot.es\/wp-content\/uploads\/2022\/08\/giro-ribot_cava_unplugged.jpg","datePublished":"2022-08-03T15:29:21+00:00","dateModified":"2023-07-18T10:34:17+00:00","description":"Compra Cava Unplugged Excelsus de Gir\u00f3 Ribot directamente del productor, al mejor precio y con env\u00edo gratuito. Tienda de vinos y cavas online.","breadcrumb":{"@id":"https:\/\/giroribot.es\/es\/producto\/unplugged\/#breadcrumb"},"inLanguage":"es","potentialAction":[{"@type":"ReadAction","target":["https:\/\/giroribot.es\/es\/producto\/unplugged\/"]}]},{"@type":"ImageObject","inLanguage":"es","@id":"https:\/\/giroribot.es\/es\/producto\/unplugged\/#primaryimage","url":"https:\/\/giroribot.es\/wp-content\/uploads\/2022\/08\/giro-ribot_cava_unplugged.jpg","contentUrl":"https:\/\/giroribot.es\/wp-content\/uploads\/2022\/08\/giro-ribot_cava_unplugged.jpg","width":635,"height":600},{"@type":"BreadcrumbList","@id":"https:\/\/giroribot.es\/es\/producto\/unplugged\/#breadcrumb","itemListElement":[{"@type":"ListItem","position":1,"name":"Inici","item":"https:\/\/giroribot.es\/es\/"},{"@type":"ListItem","position":2,"name":"Tienda","item":"https:\/\/giroribot.es\/es\/tienda\/"},{"@type":"ListItem","position":3,"name":"Unplugged Excelsus"}]},{"@type":"WebSite","@id":"https:\/\/giroribot.es\/es\/#website","url":"https:\/\/giroribot.es\/es\/","name":"Gir\u00f3 Ribot - Vins i Caves del Pened\u00e8s","description":"Celler | Vins | Caves","publisher":{"@id":"https:\/\/giroribot.es\/es\/#organization"},"potentialAction":[{"@type":"SearchAction","target":{"@type":"EntryPoint","urlTemplate":"https:\/\/giroribot.es\/es\/?s={search_term_string}"},"query-input":{"@type":"PropertyValueSpecification","valueRequired":true,"valueName":"search_term_string"}}],"inLanguage":"es"},{"@type":"Organization","@id":"https:\/\/giroribot.es\/es\/#organization","name":"Gir\u00f3 Ribot - Vins i Caves del Pened\u00e8s","url":"https:\/\/giroribot.es\/es\/","logo":{"@type":"ImageObject","inLanguage":"es","@id":"https:\/\/giroribot.es\/es\/#\/schema\/logo\/image\/","url":"https:\/\/giroribot.es\/wp-content\/uploads\/2022\/08\/logo.png","contentUrl":"https:\/\/giroribot.es\/wp-content\/uploads\/2022\/08\/logo.png","width":190,"height":58,"caption":"Gir\u00f3 Ribot - Vins i Caves del Pened\u00e8s"},"image":{"@id":"https:\/\/giroribot.es\/es\/#\/schema\/logo\/image\/"},"sameAs":["https:\/\/www.facebook.com\/GiroRibot?fref=ts","https:\/\/x.com\/GIRORIBOT","https:\/\/www.instagram.com\/giroribot_vinosycavas"]}]}},"jetpack_sharing_enabled":true,"brands":[{"id":548,"name":"2013 Guia 9,12","slug":"2013-guia-912-es-2"},{"id":703,"name":"2013 Pe\u00f1in 91","slug":"2013-penin-91-es-2"},{"id":430,"name":"2014 Catavinum or","slug":"catavinum-or-2014-es"},{"id":528,"name":"2014 IWSC plata","slug":"iwsc-plata-2014-es"},{"id":432,"name":"2015 Catavinum or","slug":"catavinum-or-2015-es"},{"id":751,"name":"2015 Pe\u00f1in 93","slug":"2015-penin-93-es-2"},{"id":756,"name":"2016 Pe\u00f1in 93","slug":"2016-penin-93-es-2"},{"id":436,"name":"2017 Catavinum or","slug":"catavinum-or-2017-es"},{"id":486,"name":"2017 Gilbert Gaillard plata","slug":"gilbert-gaillard-plata-2017-es"},{"id":438,"name":"2018 Catavinum or","slug":"catavinum-or-2018-es"}],"_links":{"self":[{"href":"https:\/\/giroribot.es\/es\/wp-json\/wp\/v2\/product\/5439","targetHints":{"allow":["GET"]}}],"collection":[{"href":"https:\/\/giroribot.es\/es\/wp-json\/wp\/v2\/product"}],"about":[{"href":"https:\/\/giroribot.es\/es\/wp-json\/wp\/v2\/types\/product"}],"version-history":[{"count":0,"href":"https:\/\/giroribot.es\/es\/wp-json\/wp\/v2\/product\/5439\/revisions"}],"wp:featuredmedia":[{"embeddable":true,"href":"https:\/\/giroribot.es\/es\/wp-json\/wp\/v2\/media\/1284"}],"wp:attachment":[{"href":"https:\/\/giroribot.es\/es\/wp-json\/wp\/v2\/media?parent=5439"}],"wp:term":[{"taxonomy":"pwb-brand","embeddable":true,"href":"https:\/\/giroribot.es\/es\/wp-json\/wp\/v2\/pwb-brand?post=5439"},{"taxonomy":"product_brand","embeddable":true,"href":"https:\/\/giroribot.es\/es\/wp-json\/wp\/v2\/product_brand?post=5439"},{"taxonomy":"product_cat","embeddable":true,"href":"https:\/\/giroribot.es\/es\/wp-json\/wp\/v2\/product_cat?post=5439"},{"taxonomy":"product_tag","embeddable":true,"href":"https:\/\/giroribot.es\/es\/wp-json\/wp\/v2\/product_tag?post=5439"}],"curies":[{"name":"wp","href":"https:\/\/api.w.org\/{rel}","templated":true}]}}