{"id":5433,"date":"2022-08-04T07:27:32","date_gmt":"2022-08-04T07:27:32","guid":{"rendered":"http:\/\/giroribot.es\/producto\/brut-nature\/"},"modified":"2025-01-23T10:10:23","modified_gmt":"2025-01-23T10:10:23","slug":"brut-nature","status":"publish","type":"product","link":"https:\/\/giroribot.es\/es\/producto\/brut-nature\/","title":{"rendered":"Ab Origene Brut Nature Reserva Ecol\u00f3gico"},"content":{"rendered":"<p><strong>Elaboraci\u00f3n<\/strong>: La uva se despalilla y se somete a una criomaceraci\u00f3n para extraer los aromas primarios de la variedad. La fermentaci\u00f3n se produce en dep\u00f3sitos de acero inoxidable a temperaturas muy bajas, entre 12-14 \u00b0C, para obtener todo su potencial en aromas secundarios. El vino coupage se somete a una segunda fermentaci\u00f3n en botella, siguiendo el m\u00e9todo tradicional.<\/p>\n<p><strong>Tipo<\/strong>: Cava Brut Nature. Reserva<\/p>\n<p><strong>Crianza en botella<\/strong>: Entre 24 y 36 meses<\/p>\n<p><strong>Tipo de uva<\/strong>: 50% Macabeo, 30% Xarel\u00b7lo, 20% Parellada<\/p>\n<p><strong>Graduaci\u00f3n<\/strong>: 11,5% vol.<\/p>\n<p><strong>Temperatura ideal<\/strong>: Entre 5 \u2013 7\u00b0C<\/p>\n<p><strong>Verema<\/strong>: Vendimia manual desde mediados de agosto a finales de septiembre. Uva procedente de una selecci\u00f3n de nuestros vi\u00f1edos, de edades comprendidas entre 20 y 30 a\u00f1os.<\/p>\n<p><a href=\"http:\/\/giroribot.es\/wp-content\/uploads\/2023\/07\/Ab-origine-brut-nature-esp.pdf\" target=\"_blank\" rel=\"noopener\">Descarga ficha y notas de cata<\/a><\/p>\n","protected":false},"excerpt":{"rendered":"<p>Elaboraci\u00f3n: La uva se despalilla y se somete a una criomaceraci\u00f3n para extraer los aromas primarios de la variedad. La fermentaci\u00f3n se produce en dep\u00f3sitos de acero inoxidable a temperaturas muy bajas, entre 12-14 \u00b0C, para obtener todo su potencial en aromas secundarios. El vino coupage se somete a una segunda fermentaci\u00f3n en botella, siguiendo [&hellip;]<\/p>\n","protected":false},"featured_media":6794,"template":"","meta":{"_acf_changed":false,"site-sidebar-layout":"default","site-content-layout":"default","ast-site-content-layout":"default","site-content-style":"default","site-sidebar-style":"default","ast-global-header-display":"","ast-banner-title-visibility":"","ast-main-header-display":"","ast-hfb-above-header-display":"","ast-hfb-below-header-display":"","ast-hfb-mobile-header-display":"","site-post-title":"","ast-breadcrumbs-content":"","ast-featured-img":"","footer-sml-layout":"","theme-transparent-header-meta":"default","adv-header-id-meta":"","stick-header-meta":"","header-above-stick-meta":"","header-main-stick-meta":"","header-below-stick-meta":"","astra-migrate-meta-layouts":"set","ast-page-background-enabled":"default","ast-page-background-meta":{"desktop":{"background-color":"","background-image":"","background-repeat":"repeat","background-position":"center center","background-size":"auto","background-attachment":"scroll","background-type":"","background-media":"","overlay-type":"","overlay-color":"","overlay-opacity":"","overlay-gradient":""},"tablet":{"background-color":"","background-image":"","background-repeat":"repeat","background-position":"center center","background-size":"auto","background-attachment":"scroll","background-type":"","background-media":"","overlay-type":"","overlay-color":"","overlay-opacity":"","overlay-gradient":""},"mobile":{"background-color":"","background-image":"","background-repeat":"repeat","background-position":"center center","background-size":"auto","background-attachment":"scroll","background-type":"","background-media":"","overlay-type":"","overlay-color":"","overlay-opacity":"","overlay-gradient":""}},"ast-content-background-meta":{"desktop":{"background-color":"var(--ast-global-color-5)","background-image":"","background-repeat":"repeat","background-position":"center center","background-size":"auto","background-attachment":"scroll","background-type":"","background-media":"","overlay-type":"","overlay-color":"","overlay-opacity":"","overlay-gradient":""},"tablet":{"background-color":"var(--ast-global-color-5)","background-image":"","background-repeat":"repeat","background-position":"center center","background-size":"auto","background-attachment":"scroll","background-type":"","background-media":"","overlay-type":"","overlay-color":"","overlay-opacity":"","overlay-gradient":""},"mobile":{"background-color":"var(--ast-global-color-5)","background-image":"","background-repeat":"repeat","background-position":"center center","background-size":"auto","background-attachment":"scroll","background-type":"","background-media":"","overlay-type":"","overlay-color":"","overlay-opacity":"","overlay-gradient":""}}},"pwb-brand":[864,412,440,540,764,442,544,444,581,446,448,450,608,617,454,632,668,890],"product_brand":[],"product_cat":[344,342,343],"product_tag":[],"class_list":{"0":"post-5433","1":"product","2":"type-product","3":"status-publish","4":"has-post-thumbnail","6":"pwb-brand-2003-zarzillo-plata-es-2","7":"pwb-brand-bacchus-or-2008-es","8":"pwb-brand-catavinum-plata-2012-es","9":"pwb-brand-2012-guia-945-es-2","10":"pwb-brand-2012-prague-millor-cava-es-2","11":"pwb-brand-catavinum-plata-2013-es","12":"pwb-brand-2013-guia-920-es-2","13":"pwb-brand-catavinum-plata-2014-es","14":"pwb-brand-2014-guia-910-es-2","15":"pwb-brand-catavinum-plata-2015-es","16":"pwb-brand-catavinum-plata-2016-es","17":"pwb-brand-catavinum-plata-2017-es","18":"pwb-brand-2017-guia-919-es-2","19":"pwb-brand-2018-guia-916-es-2","20":"pwb-brand-catavinum-plata-2019-es","21":"pwb-brand-2019-guia-928-es-2","22":"pwb-brand-2020-guia-949-es-2","23":"pwb-brand-2022-sakura-oro","24":"product_cat-ab-origine-es","25":"product_cat-cavas","26":"product_cat-giro-ribot-es","27":"desktop-align-left","28":"tablet-align-left","29":"mobile-align-left","30":"ast-product-gallery-layout-horizontal","31":"ast-product-gallery-with-no-image","32":"ast-magnify-disabled","33":"ast-product-tabs-layout-distributed","34":"ast-qv-on-image","36":"first","37":"instock","38":"taxable","39":"shipping-taxable","40":"purchasable","41":"product-type-simple"},"acf":[],"yoast_head":"<!-- This site is optimized with the Yoast SEO plugin v24.5 - https:\/\/yoast.com\/wordpress\/plugins\/seo\/ -->\n<title>Ab Origene Brut Nature Reserva Ecol\u00f3gico - Gir\u00f3 Ribot<\/title>\n<meta name=\"description\" content=\"Compra Cava Brut Nature Ab Origen de Gir\u00f3 Ribot directamente del productor, al mejor precio y con env\u00edo gratuito. Tienda de vinos y cavas online.\" \/>\n<meta name=\"robots\" content=\"index, follow, max-snippet:-1, max-image-preview:large, max-video-preview:-1\" \/>\n<link rel=\"canonical\" href=\"https:\/\/giroribot.es\/es\/producto\/brut-nature\/\" \/>\n<meta property=\"og:locale\" content=\"es_ES\" \/>\n<meta property=\"og:type\" content=\"article\" \/>\n<meta property=\"og:title\" content=\"Ab Origene Brut Nature Reserva Ecol\u00f3gico - Gir\u00f3 Ribot\" \/>\n<meta property=\"og:description\" content=\"Compra Cava Brut Nature Ab Origen de Gir\u00f3 Ribot directamente del productor, al mejor precio y con env\u00edo gratuito. Tienda de vinos y cavas online.\" \/>\n<meta property=\"og:url\" content=\"https:\/\/giroribot.es\/es\/producto\/brut-nature\/\" \/>\n<meta property=\"og:site_name\" content=\"Gir\u00f3 Ribot\" \/>\n<meta property=\"article:publisher\" content=\"https:\/\/www.facebook.com\/GiroRibot?fref=ts\" \/>\n<meta property=\"article:modified_time\" content=\"2025-01-23T10:10:23+00:00\" \/>\n<meta property=\"og:image\" content=\"http:\/\/giroribot.es\/wp-content\/uploads\/2022\/08\/Cava-AB-Brut-Nature-Rva-1.jpg\" \/>\n\t<meta property=\"og:image:width\" content=\"1949\" \/>\n\t<meta property=\"og:image:height\" content=\"1949\" \/>\n\t<meta property=\"og:image:type\" content=\"image\/jpeg\" \/>\n<meta name=\"twitter:card\" content=\"summary_large_image\" \/>\n<meta name=\"twitter:site\" content=\"@GIRORIBOT\" \/>\n<meta name=\"twitter:label1\" content=\"Tiempo de lectura\" \/>\n\t<meta name=\"twitter:data1\" content=\"1 minuto\" \/>\n<script type=\"application\/ld+json\" class=\"yoast-schema-graph\">{\"@context\":\"https:\/\/schema.org\",\"@graph\":[{\"@type\":\"WebPage\",\"@id\":\"https:\/\/giroribot.es\/es\/producto\/brut-nature\/\",\"url\":\"https:\/\/giroribot.es\/es\/producto\/brut-nature\/\",\"name\":\"Ab Origene Brut Nature Reserva Ecol\u00f3gico - Gir\u00f3 Ribot\",\"isPartOf\":{\"@id\":\"https:\/\/giroribot.es\/es\/#website\"},\"primaryImageOfPage\":{\"@id\":\"https:\/\/giroribot.es\/es\/producto\/brut-nature\/#primaryimage\"},\"image\":{\"@id\":\"https:\/\/giroribot.es\/es\/producto\/brut-nature\/#primaryimage\"},\"thumbnailUrl\":\"https:\/\/giroribot.es\/wp-content\/uploads\/2022\/08\/Cava-AB-Brut-Nature-Rva-1.jpg\",\"datePublished\":\"2022-08-04T07:27:32+00:00\",\"dateModified\":\"2025-01-23T10:10:23+00:00\",\"description\":\"Compra Cava Brut Nature Ab Origen de Gir\u00f3 Ribot directamente del productor, al mejor precio y con env\u00edo gratuito. Tienda de vinos y cavas online.\",\"breadcrumb\":{\"@id\":\"https:\/\/giroribot.es\/es\/producto\/brut-nature\/#breadcrumb\"},\"inLanguage\":\"es\",\"potentialAction\":[{\"@type\":\"ReadAction\",\"target\":[\"https:\/\/giroribot.es\/es\/producto\/brut-nature\/\"]}]},{\"@type\":\"ImageObject\",\"inLanguage\":\"es\",\"@id\":\"https:\/\/giroribot.es\/es\/producto\/brut-nature\/#primaryimage\",\"url\":\"https:\/\/giroribot.es\/wp-content\/uploads\/2022\/08\/Cava-AB-Brut-Nature-Rva-1.jpg\",\"contentUrl\":\"https:\/\/giroribot.es\/wp-content\/uploads\/2022\/08\/Cava-AB-Brut-Nature-Rva-1.jpg\",\"width\":1949,\"height\":1949},{\"@type\":\"BreadcrumbList\",\"@id\":\"https:\/\/giroribot.es\/es\/producto\/brut-nature\/#breadcrumb\",\"itemListElement\":[{\"@type\":\"ListItem\",\"position\":1,\"name\":\"Inici\",\"item\":\"https:\/\/giroribot.es\/es\/\"},{\"@type\":\"ListItem\",\"position\":2,\"name\":\"Tienda\",\"item\":\"https:\/\/giroribot.es\/es\/tienda\/\"},{\"@type\":\"ListItem\",\"position\":3,\"name\":\"Ab Origene Brut Nature Reserva Ecol\u00f3gico\"}]},{\"@type\":\"WebSite\",\"@id\":\"https:\/\/giroribot.es\/es\/#website\",\"url\":\"https:\/\/giroribot.es\/es\/\",\"name\":\"Gir\u00f3 Ribot - Vins i Caves del Pened\u00e8s\",\"description\":\"Celler | Vins | Caves\",\"publisher\":{\"@id\":\"https:\/\/giroribot.es\/es\/#organization\"},\"potentialAction\":[{\"@type\":\"SearchAction\",\"target\":{\"@type\":\"EntryPoint\",\"urlTemplate\":\"https:\/\/giroribot.es\/es\/?s={search_term_string}\"},\"query-input\":{\"@type\":\"PropertyValueSpecification\",\"valueRequired\":true,\"valueName\":\"search_term_string\"}}],\"inLanguage\":\"es\"},{\"@type\":\"Organization\",\"@id\":\"https:\/\/giroribot.es\/es\/#organization\",\"name\":\"Gir\u00f3 Ribot - Vins i Caves del Pened\u00e8s\",\"url\":\"https:\/\/giroribot.es\/es\/\",\"logo\":{\"@type\":\"ImageObject\",\"inLanguage\":\"es\",\"@id\":\"https:\/\/giroribot.es\/es\/#\/schema\/logo\/image\/\",\"url\":\"https:\/\/giroribot.es\/wp-content\/uploads\/2022\/08\/logo.png\",\"contentUrl\":\"https:\/\/giroribot.es\/wp-content\/uploads\/2022\/08\/logo.png\",\"width\":190,\"height\":58,\"caption\":\"Gir\u00f3 Ribot - Vins i Caves del Pened\u00e8s\"},\"image\":{\"@id\":\"https:\/\/giroribot.es\/es\/#\/schema\/logo\/image\/\"},\"sameAs\":[\"https:\/\/www.facebook.com\/GiroRibot?fref=ts\",\"https:\/\/x.com\/GIRORIBOT\",\"https:\/\/www.instagram.com\/giroribot_vinosycavas\"]}]}<\/script>\n<!-- \/ Yoast SEO plugin. -->","yoast_head_json":{"title":"Ab Origene Brut Nature Reserva Ecol\u00f3gico - Gir\u00f3 Ribot","description":"Compra Cava Brut Nature Ab Origen de Gir\u00f3 Ribot directamente del productor, al mejor precio y con env\u00edo gratuito. Tienda de vinos y cavas online.","robots":{"index":"index","follow":"follow","max-snippet":"max-snippet:-1","max-image-preview":"max-image-preview:large","max-video-preview":"max-video-preview:-1"},"canonical":"https:\/\/giroribot.es\/es\/producto\/brut-nature\/","og_locale":"es_ES","og_type":"article","og_title":"Ab Origene Brut Nature Reserva Ecol\u00f3gico - Gir\u00f3 Ribot","og_description":"Compra Cava Brut Nature Ab Origen de Gir\u00f3 Ribot directamente del productor, al mejor precio y con env\u00edo gratuito. Tienda de vinos y cavas online.","og_url":"https:\/\/giroribot.es\/es\/producto\/brut-nature\/","og_site_name":"Gir\u00f3 Ribot","article_publisher":"https:\/\/www.facebook.com\/GiroRibot?fref=ts","article_modified_time":"2025-01-23T10:10:23+00:00","og_image":[{"width":1949,"height":1949,"url":"http:\/\/giroribot.es\/wp-content\/uploads\/2022\/08\/Cava-AB-Brut-Nature-Rva-1.jpg","type":"image\/jpeg"}],"twitter_card":"summary_large_image","twitter_site":"@GIRORIBOT","twitter_misc":{"Tiempo de lectura":"1 minuto"},"schema":{"@context":"https:\/\/schema.org","@graph":[{"@type":"WebPage","@id":"https:\/\/giroribot.es\/es\/producto\/brut-nature\/","url":"https:\/\/giroribot.es\/es\/producto\/brut-nature\/","name":"Ab Origene Brut Nature Reserva Ecol\u00f3gico - Gir\u00f3 Ribot","isPartOf":{"@id":"https:\/\/giroribot.es\/es\/#website"},"primaryImageOfPage":{"@id":"https:\/\/giroribot.es\/es\/producto\/brut-nature\/#primaryimage"},"image":{"@id":"https:\/\/giroribot.es\/es\/producto\/brut-nature\/#primaryimage"},"thumbnailUrl":"https:\/\/giroribot.es\/wp-content\/uploads\/2022\/08\/Cava-AB-Brut-Nature-Rva-1.jpg","datePublished":"2022-08-04T07:27:32+00:00","dateModified":"2025-01-23T10:10:23+00:00","description":"Compra Cava Brut Nature Ab Origen de Gir\u00f3 Ribot directamente del productor, al mejor precio y con env\u00edo gratuito. Tienda de vinos y cavas online.","breadcrumb":{"@id":"https:\/\/giroribot.es\/es\/producto\/brut-nature\/#breadcrumb"},"inLanguage":"es","potentialAction":[{"@type":"ReadAction","target":["https:\/\/giroribot.es\/es\/producto\/brut-nature\/"]}]},{"@type":"ImageObject","inLanguage":"es","@id":"https:\/\/giroribot.es\/es\/producto\/brut-nature\/#primaryimage","url":"https:\/\/giroribot.es\/wp-content\/uploads\/2022\/08\/Cava-AB-Brut-Nature-Rva-1.jpg","contentUrl":"https:\/\/giroribot.es\/wp-content\/uploads\/2022\/08\/Cava-AB-Brut-Nature-Rva-1.jpg","width":1949,"height":1949},{"@type":"BreadcrumbList","@id":"https:\/\/giroribot.es\/es\/producto\/brut-nature\/#breadcrumb","itemListElement":[{"@type":"ListItem","position":1,"name":"Inici","item":"https:\/\/giroribot.es\/es\/"},{"@type":"ListItem","position":2,"name":"Tienda","item":"https:\/\/giroribot.es\/es\/tienda\/"},{"@type":"ListItem","position":3,"name":"Ab Origene Brut Nature Reserva Ecol\u00f3gico"}]},{"@type":"WebSite","@id":"https:\/\/giroribot.es\/es\/#website","url":"https:\/\/giroribot.es\/es\/","name":"Gir\u00f3 Ribot - Vins i Caves del Pened\u00e8s","description":"Celler | Vins | Caves","publisher":{"@id":"https:\/\/giroribot.es\/es\/#organization"},"potentialAction":[{"@type":"SearchAction","target":{"@type":"EntryPoint","urlTemplate":"https:\/\/giroribot.es\/es\/?s={search_term_string}"},"query-input":{"@type":"PropertyValueSpecification","valueRequired":true,"valueName":"search_term_string"}}],"inLanguage":"es"},{"@type":"Organization","@id":"https:\/\/giroribot.es\/es\/#organization","name":"Gir\u00f3 Ribot - Vins i Caves del Pened\u00e8s","url":"https:\/\/giroribot.es\/es\/","logo":{"@type":"ImageObject","inLanguage":"es","@id":"https:\/\/giroribot.es\/es\/#\/schema\/logo\/image\/","url":"https:\/\/giroribot.es\/wp-content\/uploads\/2022\/08\/logo.png","contentUrl":"https:\/\/giroribot.es\/wp-content\/uploads\/2022\/08\/logo.png","width":190,"height":58,"caption":"Gir\u00f3 Ribot - Vins i Caves del Pened\u00e8s"},"image":{"@id":"https:\/\/giroribot.es\/es\/#\/schema\/logo\/image\/"},"sameAs":["https:\/\/www.facebook.com\/GiroRibot?fref=ts","https:\/\/x.com\/GIRORIBOT","https:\/\/www.instagram.com\/giroribot_vinosycavas"]}]}},"jetpack_sharing_enabled":true,"brands":[{"id":864,"name":"2003 Zarzillo plata","slug":"2003-zarzillo-plata-es-2"},{"id":412,"name":"2008 Bacchus or","slug":"bacchus-or-2008-es"},{"id":440,"name":"2012 Catavinum plata","slug":"catavinum-plata-2012-es"},{"id":540,"name":"2012 Guia 9,45","slug":"2012-guia-945-es-2"},{"id":764,"name":"2012 Prague millor cava","slug":"2012-prague-millor-cava-es-2"},{"id":442,"name":"2013 Catavinum plata","slug":"catavinum-plata-2013-es"},{"id":544,"name":"2013 Guia 9,20","slug":"2013-guia-920-es-2"},{"id":444,"name":"2014 Catavinum plata","slug":"catavinum-plata-2014-es"},{"id":581,"name":"2014 Guia 9,10","slug":"2014-guia-910-es-2"},{"id":446,"name":"2015 Catavinum plata","slug":"catavinum-plata-2015-es"},{"id":448,"name":"2016 Catavinum plata","slug":"catavinum-plata-2016-es"},{"id":450,"name":"2017 Catavinum plata","slug":"catavinum-plata-2017-es"},{"id":608,"name":"2017 Guia 9,19","slug":"2017-guia-919-es-2"},{"id":617,"name":"2018 Guia 9,16","slug":"2018-guia-916-es-2"},{"id":454,"name":"2019 Catavinum plata","slug":"catavinum-plata-2019-es"},{"id":632,"name":"2019 Guia 9,28","slug":"2019-guia-928-es-2"},{"id":668,"name":"2020 Guia 9,49","slug":"2020-guia-949-es-2"},{"id":890,"name":"2022 Sakura oro","slug":"2022-sakura-oro"}],"_links":{"self":[{"href":"https:\/\/giroribot.es\/es\/wp-json\/wp\/v2\/product\/5433","targetHints":{"allow":["GET"]}}],"collection":[{"href":"https:\/\/giroribot.es\/es\/wp-json\/wp\/v2\/product"}],"about":[{"href":"https:\/\/giroribot.es\/es\/wp-json\/wp\/v2\/types\/product"}],"version-history":[{"count":1,"href":"https:\/\/giroribot.es\/es\/wp-json\/wp\/v2\/product\/5433\/revisions"}],"predecessor-version":[{"id":9801,"href":"https:\/\/giroribot.es\/es\/wp-json\/wp\/v2\/product\/5433\/revisions\/9801"}],"wp:featuredmedia":[{"embeddable":true,"href":"https:\/\/giroribot.es\/es\/wp-json\/wp\/v2\/media\/6794"}],"wp:attachment":[{"href":"https:\/\/giroribot.es\/es\/wp-json\/wp\/v2\/media?parent=5433"}],"wp:term":[{"taxonomy":"pwb-brand","embeddable":true,"href":"https:\/\/giroribot.es\/es\/wp-json\/wp\/v2\/pwb-brand?post=5433"},{"taxonomy":"product_brand","embeddable":true,"href":"https:\/\/giroribot.es\/es\/wp-json\/wp\/v2\/product_brand?post=5433"},{"taxonomy":"product_cat","embeddable":true,"href":"https:\/\/giroribot.es\/es\/wp-json\/wp\/v2\/product_cat?post=5433"},{"taxonomy":"product_tag","embeddable":true,"href":"https:\/\/giroribot.es\/es\/wp-json\/wp\/v2\/product_tag?post=5433"}],"curies":[{"name":"wp","href":"https:\/\/api.w.org\/{rel}","templated":true}]}}