{"id":5430,"date":"2022-08-04T07:43:28","date_gmt":"2022-08-04T07:43:28","guid":{"rendered":"http:\/\/giroribot.es\/producto\/brut-rosat\/"},"modified":"2025-01-23T09:57:18","modified_gmt":"2025-01-23T09:57:18","slug":"brut-rosado","status":"publish","type":"product","link":"https:\/\/giroribot.es\/es\/producto\/brut-rosado\/","title":{"rendered":"Ab Origene Brut Rosado Ecol\u00f3gico"},"content":{"rendered":"<p><strong>Elaboraci\u00f3n<\/strong>:\u00a0La uva se derrapa y se somete a una maceraci\u00f3n para extraer el color deseado. La fermentaci\u00f3n se produce en tinas de acero inoxidable a temperaturas muy bajas, entre 12-14 \u00baC. El vino coupage se somete a una segunda fermentaci\u00f3n en botella, siguiendo el m\u00e9todo tradicional. Para ello, se usan levaduras, proceso que en el descanso y silencio de nuestra cava subterr\u00e1nea, aportar\u00e1 una textura aterciopelada al paladar.<\/p>\n<p>Tipo: Cava Brut Rosado<\/p>\n<p>Crianza en botella: Entre 12 y 20 meses<\/p>\n<p>Tipo de uva: 85% Trepat, 15% Pinot Noir<\/p>\n<p>Graduaci\u00f3n: 11,5% vol.<\/p>\n<p>Temperatura ideal: Entre 5 \u2013 7 \u00baC<\/p>\n<p>Vendimia: Vendimia manual de Pinot Noir a mediados de agosto y de Trepat a principios de octubre. Uva procedente de vi\u00f1edos controlados por nuestro departamento t\u00e9cnico.<\/p>\n<p><a href=\"http:\/\/giroribot.es\/wp-content\/uploads\/2023\/07\/Ab-origine-brut-rose-esp.pdf\" target=\"_blank\" rel=\"noopener\">Descarga ficha y notas de cata<\/a><\/p>\n","protected":false},"excerpt":{"rendered":"<p>Elaboraci\u00f3n:\u00a0La uva se derrapa y se somete a una maceraci\u00f3n para extraer el color deseado. La fermentaci\u00f3n se produce en tinas de acero inoxidable a temperaturas muy bajas, entre 12-14 \u00baC. El vino coupage se somete a una segunda fermentaci\u00f3n en botella, siguiendo el m\u00e9todo tradicional. Para ello, se usan levaduras, proceso que en el [&hellip;]<\/p>\n","protected":false},"featured_media":10108,"template":"","meta":{"_acf_changed":false,"site-sidebar-layout":"default","site-content-layout":"default","ast-site-content-layout":"default","site-content-style":"default","site-sidebar-style":"default","ast-global-header-display":"","ast-banner-title-visibility":"","ast-main-header-display":"","ast-hfb-above-header-display":"","ast-hfb-below-header-display":"","ast-hfb-mobile-header-display":"","site-post-title":"","ast-breadcrumbs-content":"","ast-featured-img":"","footer-sml-layout":"","theme-transparent-header-meta":"default","adv-header-id-meta":"","stick-header-meta":"","header-above-stick-meta":"","header-main-stick-meta":"","header-below-stick-meta":"","astra-migrate-meta-layouts":"set","ast-page-background-enabled":"default","ast-page-background-meta":{"desktop":{"background-color":"","background-image":"","background-repeat":"repeat","background-position":"center center","background-size":"auto","background-attachment":"scroll","background-type":"","background-media":"","overlay-type":"","overlay-color":"","overlay-opacity":"","overlay-gradient":""},"tablet":{"background-color":"","background-image":"","background-repeat":"repeat","background-position":"center center","background-size":"auto","background-attachment":"scroll","background-type":"","background-media":"","overlay-type":"","overlay-color":"","overlay-opacity":"","overlay-gradient":""},"mobile":{"background-color":"","background-image":"","background-repeat":"repeat","background-position":"center center","background-size":"auto","background-attachment":"scroll","background-type":"","background-media":"","overlay-type":"","overlay-color":"","overlay-opacity":"","overlay-gradient":""}},"ast-content-background-meta":{"desktop":{"background-color":"var(--ast-global-color-5)","background-image":"","background-repeat":"repeat","background-position":"center center","background-size":"auto","background-attachment":"scroll","background-type":"","background-media":"","overlay-type":"","overlay-color":"","overlay-opacity":"","overlay-gradient":""},"tablet":{"background-color":"var(--ast-global-color-5)","background-image":"","background-repeat":"repeat","background-position":"center center","background-size":"auto","background-attachment":"scroll","background-type":"","background-media":"","overlay-type":"","overlay-color":"","overlay-opacity":"","overlay-gradient":""},"mobile":{"background-color":"var(--ast-global-color-5)","background-image":"","background-repeat":"repeat","background-position":"center center","background-size":"auto","background-attachment":"scroll","background-type":"","background-media":"","overlay-type":"","overlay-color":"","overlay-opacity":"","overlay-gradient":""}}},"pwb-brand":[410,440,673,837,444,678,841,856,446,811,448,484,795,450,906],"product_brand":[],"product_cat":[344,342,343],"product_tag":[],"class_list":{"0":"post-5430","1":"product","2":"type-product","3":"status-publish","4":"has-post-thumbnail","6":"pwb-brand-awc-vienna-plata-2012-es","7":"pwb-brand-catavinum-plata-2012-es","8":"pwb-brand-2013-penin-89-es-2","9":"pwb-brand-2013-vinari-plata-es-2","10":"pwb-brand-catavinum-plata-2014-es","11":"pwb-brand-2014-penin-89-es-2","12":"pwb-brand-2014-vinari-plata-es-2","13":"pwb-brand-2014-vinari-plata-2n-millor-es-2","14":"pwb-brand-catavinum-plata-2015-es","15":"pwb-brand-2015-vinari-bronze-es-2","16":"pwb-brand-catavinum-plata-2016-es","17":"pwb-brand-gilbert-gaillard-plata-2016-es","18":"pwb-brand-2016-stfrancisco-plata-es-2","19":"pwb-brand-catavinum-plata-2017-es","20":"pwb-brand-2023-vinari-oro-es","21":"product_cat-ab-origine-es","22":"product_cat-cavas","23":"product_cat-giro-ribot-es","24":"desktop-align-left","25":"tablet-align-left","26":"mobile-align-left","27":"ast-product-gallery-layout-horizontal","28":"ast-product-gallery-with-no-image","29":"ast-magnify-disabled","30":"ast-product-tabs-layout-distributed","31":"ast-qv-on-image","33":"first","34":"instock","35":"taxable","36":"shipping-taxable","37":"purchasable","38":"product-type-simple"},"acf":[],"yoast_head":"<!-- This site is optimized with the Yoast SEO plugin v24.5 - https:\/\/yoast.com\/wordpress\/plugins\/seo\/ -->\n<title>Ab Origene Brut Rosado Ecol\u00f3gico - Gir\u00f3 Ribot<\/title>\n<meta name=\"description\" content=\"Compra Cava Brut Rosado Ab Origen de Gir\u00f3 Ribot directamente del productor, al mejor precio y con env\u00edo gratuito. Tienda de vinos y cavas online.\" \/>\n<meta name=\"robots\" content=\"index, follow, max-snippet:-1, max-image-preview:large, max-video-preview:-1\" \/>\n<link rel=\"canonical\" href=\"https:\/\/giroribot.es\/es\/producto\/brut-rosado\/\" \/>\n<meta property=\"og:locale\" content=\"es_ES\" \/>\n<meta property=\"og:type\" content=\"article\" \/>\n<meta property=\"og:title\" content=\"Ab Origene Brut Rosado Ecol\u00f3gico - Gir\u00f3 Ribot\" \/>\n<meta property=\"og:description\" content=\"Compra Cava Brut Rosado Ab Origen de Gir\u00f3 Ribot directamente del productor, al mejor precio y con env\u00edo gratuito. Tienda de vinos y cavas online.\" \/>\n<meta property=\"og:url\" content=\"https:\/\/giroribot.es\/es\/producto\/brut-rosado\/\" \/>\n<meta property=\"og:site_name\" content=\"Gir\u00f3 Ribot\" \/>\n<meta property=\"article:publisher\" content=\"https:\/\/www.facebook.com\/GiroRibot?fref=ts\" \/>\n<meta property=\"article:modified_time\" content=\"2025-01-23T09:57:18+00:00\" \/>\n<meta property=\"og:image\" content=\"http:\/\/giroribot.es\/wp-content\/uploads\/2022\/08\/Cava-AB-Rose-1.jpg\" \/>\n\t<meta property=\"og:image:width\" content=\"1949\" \/>\n\t<meta property=\"og:image:height\" content=\"1949\" \/>\n\t<meta property=\"og:image:type\" content=\"image\/jpeg\" \/>\n<meta name=\"twitter:card\" content=\"summary_large_image\" \/>\n<meta name=\"twitter:site\" content=\"@GIRORIBOT\" \/>\n<meta name=\"twitter:label1\" content=\"Tiempo de lectura\" \/>\n\t<meta name=\"twitter:data1\" content=\"1 minuto\" \/>\n<script type=\"application\/ld+json\" class=\"yoast-schema-graph\">{\"@context\":\"https:\/\/schema.org\",\"@graph\":[{\"@type\":\"WebPage\",\"@id\":\"https:\/\/giroribot.es\/es\/producto\/brut-rosado\/\",\"url\":\"https:\/\/giroribot.es\/es\/producto\/brut-rosado\/\",\"name\":\"Ab Origene Brut Rosado Ecol\u00f3gico - Gir\u00f3 Ribot\",\"isPartOf\":{\"@id\":\"https:\/\/giroribot.es\/es\/#website\"},\"primaryImageOfPage\":{\"@id\":\"https:\/\/giroribot.es\/es\/producto\/brut-rosado\/#primaryimage\"},\"image\":{\"@id\":\"https:\/\/giroribot.es\/es\/producto\/brut-rosado\/#primaryimage\"},\"thumbnailUrl\":\"https:\/\/giroribot.es\/wp-content\/uploads\/2022\/08\/Cava-AB-Rose-3.jpg\",\"datePublished\":\"2022-08-04T07:43:28+00:00\",\"dateModified\":\"2025-01-23T09:57:18+00:00\",\"description\":\"Compra Cava Brut Rosado Ab Origen de Gir\u00f3 Ribot directamente del productor, al mejor precio y con env\u00edo gratuito. Tienda de vinos y cavas online.\",\"breadcrumb\":{\"@id\":\"https:\/\/giroribot.es\/es\/producto\/brut-rosado\/#breadcrumb\"},\"inLanguage\":\"es\",\"potentialAction\":[{\"@type\":\"ReadAction\",\"target\":[\"https:\/\/giroribot.es\/es\/producto\/brut-rosado\/\"]}]},{\"@type\":\"ImageObject\",\"inLanguage\":\"es\",\"@id\":\"https:\/\/giroribot.es\/es\/producto\/brut-rosado\/#primaryimage\",\"url\":\"https:\/\/giroribot.es\/wp-content\/uploads\/2022\/08\/Cava-AB-Rose-3.jpg\",\"contentUrl\":\"https:\/\/giroribot.es\/wp-content\/uploads\/2022\/08\/Cava-AB-Rose-3.jpg\",\"width\":1949,\"height\":1949},{\"@type\":\"BreadcrumbList\",\"@id\":\"https:\/\/giroribot.es\/es\/producto\/brut-rosado\/#breadcrumb\",\"itemListElement\":[{\"@type\":\"ListItem\",\"position\":1,\"name\":\"Inici\",\"item\":\"https:\/\/giroribot.es\/es\/\"},{\"@type\":\"ListItem\",\"position\":2,\"name\":\"Tienda\",\"item\":\"https:\/\/giroribot.es\/es\/tienda\/\"},{\"@type\":\"ListItem\",\"position\":3,\"name\":\"Ab Origene Brut Rosado Ecol\u00f3gico\"}]},{\"@type\":\"WebSite\",\"@id\":\"https:\/\/giroribot.es\/es\/#website\",\"url\":\"https:\/\/giroribot.es\/es\/\",\"name\":\"Gir\u00f3 Ribot - Vins i Caves del Pened\u00e8s\",\"description\":\"Celler | Vins | Caves\",\"publisher\":{\"@id\":\"https:\/\/giroribot.es\/es\/#organization\"},\"potentialAction\":[{\"@type\":\"SearchAction\",\"target\":{\"@type\":\"EntryPoint\",\"urlTemplate\":\"https:\/\/giroribot.es\/es\/?s={search_term_string}\"},\"query-input\":{\"@type\":\"PropertyValueSpecification\",\"valueRequired\":true,\"valueName\":\"search_term_string\"}}],\"inLanguage\":\"es\"},{\"@type\":\"Organization\",\"@id\":\"https:\/\/giroribot.es\/es\/#organization\",\"name\":\"Gir\u00f3 Ribot - Vins i Caves del Pened\u00e8s\",\"url\":\"https:\/\/giroribot.es\/es\/\",\"logo\":{\"@type\":\"ImageObject\",\"inLanguage\":\"es\",\"@id\":\"https:\/\/giroribot.es\/es\/#\/schema\/logo\/image\/\",\"url\":\"https:\/\/giroribot.es\/wp-content\/uploads\/2022\/08\/logo.png\",\"contentUrl\":\"https:\/\/giroribot.es\/wp-content\/uploads\/2022\/08\/logo.png\",\"width\":190,\"height\":58,\"caption\":\"Gir\u00f3 Ribot - Vins i Caves del Pened\u00e8s\"},\"image\":{\"@id\":\"https:\/\/giroribot.es\/es\/#\/schema\/logo\/image\/\"},\"sameAs\":[\"https:\/\/www.facebook.com\/GiroRibot?fref=ts\",\"https:\/\/x.com\/GIRORIBOT\",\"https:\/\/www.instagram.com\/giroribot_vinosycavas\"]}]}<\/script>\n<!-- \/ Yoast SEO plugin. -->","yoast_head_json":{"title":"Ab Origene Brut Rosado Ecol\u00f3gico - Gir\u00f3 Ribot","description":"Compra Cava Brut Rosado Ab Origen de Gir\u00f3 Ribot directamente del productor, al mejor precio y con env\u00edo gratuito. Tienda de vinos y cavas online.","robots":{"index":"index","follow":"follow","max-snippet":"max-snippet:-1","max-image-preview":"max-image-preview:large","max-video-preview":"max-video-preview:-1"},"canonical":"https:\/\/giroribot.es\/es\/producto\/brut-rosado\/","og_locale":"es_ES","og_type":"article","og_title":"Ab Origene Brut Rosado Ecol\u00f3gico - Gir\u00f3 Ribot","og_description":"Compra Cava Brut Rosado Ab Origen de Gir\u00f3 Ribot directamente del productor, al mejor precio y con env\u00edo gratuito. Tienda de vinos y cavas online.","og_url":"https:\/\/giroribot.es\/es\/producto\/brut-rosado\/","og_site_name":"Gir\u00f3 Ribot","article_publisher":"https:\/\/www.facebook.com\/GiroRibot?fref=ts","article_modified_time":"2025-01-23T09:57:18+00:00","og_image":[{"width":1949,"height":1949,"url":"http:\/\/giroribot.es\/wp-content\/uploads\/2022\/08\/Cava-AB-Rose-1.jpg","type":"image\/jpeg"}],"twitter_card":"summary_large_image","twitter_site":"@GIRORIBOT","twitter_misc":{"Tiempo de lectura":"1 minuto"},"schema":{"@context":"https:\/\/schema.org","@graph":[{"@type":"WebPage","@id":"https:\/\/giroribot.es\/es\/producto\/brut-rosado\/","url":"https:\/\/giroribot.es\/es\/producto\/brut-rosado\/","name":"Ab Origene Brut Rosado Ecol\u00f3gico - Gir\u00f3 Ribot","isPartOf":{"@id":"https:\/\/giroribot.es\/es\/#website"},"primaryImageOfPage":{"@id":"https:\/\/giroribot.es\/es\/producto\/brut-rosado\/#primaryimage"},"image":{"@id":"https:\/\/giroribot.es\/es\/producto\/brut-rosado\/#primaryimage"},"thumbnailUrl":"https:\/\/giroribot.es\/wp-content\/uploads\/2022\/08\/Cava-AB-Rose-3.jpg","datePublished":"2022-08-04T07:43:28+00:00","dateModified":"2025-01-23T09:57:18+00:00","description":"Compra Cava Brut Rosado Ab Origen de Gir\u00f3 Ribot directamente del productor, al mejor precio y con env\u00edo gratuito. Tienda de vinos y cavas online.","breadcrumb":{"@id":"https:\/\/giroribot.es\/es\/producto\/brut-rosado\/#breadcrumb"},"inLanguage":"es","potentialAction":[{"@type":"ReadAction","target":["https:\/\/giroribot.es\/es\/producto\/brut-rosado\/"]}]},{"@type":"ImageObject","inLanguage":"es","@id":"https:\/\/giroribot.es\/es\/producto\/brut-rosado\/#primaryimage","url":"https:\/\/giroribot.es\/wp-content\/uploads\/2022\/08\/Cava-AB-Rose-3.jpg","contentUrl":"https:\/\/giroribot.es\/wp-content\/uploads\/2022\/08\/Cava-AB-Rose-3.jpg","width":1949,"height":1949},{"@type":"BreadcrumbList","@id":"https:\/\/giroribot.es\/es\/producto\/brut-rosado\/#breadcrumb","itemListElement":[{"@type":"ListItem","position":1,"name":"Inici","item":"https:\/\/giroribot.es\/es\/"},{"@type":"ListItem","position":2,"name":"Tienda","item":"https:\/\/giroribot.es\/es\/tienda\/"},{"@type":"ListItem","position":3,"name":"Ab Origene Brut Rosado Ecol\u00f3gico"}]},{"@type":"WebSite","@id":"https:\/\/giroribot.es\/es\/#website","url":"https:\/\/giroribot.es\/es\/","name":"Gir\u00f3 Ribot - Vins i Caves del Pened\u00e8s","description":"Celler | Vins | Caves","publisher":{"@id":"https:\/\/giroribot.es\/es\/#organization"},"potentialAction":[{"@type":"SearchAction","target":{"@type":"EntryPoint","urlTemplate":"https:\/\/giroribot.es\/es\/?s={search_term_string}"},"query-input":{"@type":"PropertyValueSpecification","valueRequired":true,"valueName":"search_term_string"}}],"inLanguage":"es"},{"@type":"Organization","@id":"https:\/\/giroribot.es\/es\/#organization","name":"Gir\u00f3 Ribot - Vins i Caves del Pened\u00e8s","url":"https:\/\/giroribot.es\/es\/","logo":{"@type":"ImageObject","inLanguage":"es","@id":"https:\/\/giroribot.es\/es\/#\/schema\/logo\/image\/","url":"https:\/\/giroribot.es\/wp-content\/uploads\/2022\/08\/logo.png","contentUrl":"https:\/\/giroribot.es\/wp-content\/uploads\/2022\/08\/logo.png","width":190,"height":58,"caption":"Gir\u00f3 Ribot - Vins i Caves del Pened\u00e8s"},"image":{"@id":"https:\/\/giroribot.es\/es\/#\/schema\/logo\/image\/"},"sameAs":["https:\/\/www.facebook.com\/GiroRibot?fref=ts","https:\/\/x.com\/GIRORIBOT","https:\/\/www.instagram.com\/giroribot_vinosycavas"]}]}},"jetpack_sharing_enabled":true,"brands":[{"id":410,"name":"2012 AWC Vienna Plata","slug":"awc-vienna-plata-2012-es"},{"id":440,"name":"2012 Catavinum plata","slug":"catavinum-plata-2012-es"},{"id":673,"name":"2013 Pe\u00f1in 89","slug":"2013-penin-89-es-2"},{"id":837,"name":"2013 Vinari plata","slug":"2013-vinari-plata-es-2"},{"id":444,"name":"2014 Catavinum plata","slug":"catavinum-plata-2014-es"},{"id":678,"name":"2014 Pe\u00f1in 89","slug":"2014-penin-89-es-2"},{"id":841,"name":"2014 Vinari plata","slug":"2014-vinari-plata-es-2"},{"id":856,"name":"2014 Vinari plata 2n millor","slug":"2014-vinari-plata-2n-millor-es-2"},{"id":446,"name":"2015 Catavinum plata","slug":"catavinum-plata-2015-es"},{"id":811,"name":"2015 Vinari bronze","slug":"2015-vinari-bronze-es-2"},{"id":448,"name":"2016 Catavinum plata","slug":"catavinum-plata-2016-es"},{"id":484,"name":"2016 Gilbert Gaillard plata","slug":"gilbert-gaillard-plata-2016-es"},{"id":795,"name":"2016 StFrancisco plata","slug":"2016-stfrancisco-plata-es-2"},{"id":450,"name":"2017 Catavinum plata","slug":"catavinum-plata-2017-es"},{"id":906,"name":"2023 Vinari oro","slug":"2023-vinari-oro-es"}],"_links":{"self":[{"href":"https:\/\/giroribot.es\/es\/wp-json\/wp\/v2\/product\/5430","targetHints":{"allow":["GET"]}}],"collection":[{"href":"https:\/\/giroribot.es\/es\/wp-json\/wp\/v2\/product"}],"about":[{"href":"https:\/\/giroribot.es\/es\/wp-json\/wp\/v2\/types\/product"}],"version-history":[{"count":1,"href":"https:\/\/giroribot.es\/es\/wp-json\/wp\/v2\/product\/5430\/revisions"}],"predecessor-version":[{"id":9791,"href":"https:\/\/giroribot.es\/es\/wp-json\/wp\/v2\/product\/5430\/revisions\/9791"}],"wp:featuredmedia":[{"embeddable":true,"href":"https:\/\/giroribot.es\/es\/wp-json\/wp\/v2\/media\/10108"}],"wp:attachment":[{"href":"https:\/\/giroribot.es\/es\/wp-json\/wp\/v2\/media?parent=5430"}],"wp:term":[{"taxonomy":"pwb-brand","embeddable":true,"href":"https:\/\/giroribot.es\/es\/wp-json\/wp\/v2\/pwb-brand?post=5430"},{"taxonomy":"product_brand","embeddable":true,"href":"https:\/\/giroribot.es\/es\/wp-json\/wp\/v2\/product_brand?post=5430"},{"taxonomy":"product_cat","embeddable":true,"href":"https:\/\/giroribot.es\/es\/wp-json\/wp\/v2\/product_cat?post=5430"},{"taxonomy":"product_tag","embeddable":true,"href":"https:\/\/giroribot.es\/es\/wp-json\/wp\/v2\/product_tag?post=5430"}],"curies":[{"name":"wp","href":"https:\/\/api.w.org\/{rel}","templated":true}]}}