{"id":5427,"date":"2022-08-04T08:00:09","date_gmt":"2022-08-04T08:00:09","guid":{"rendered":"http:\/\/giroribot.es\/producto\/lady-of-spain\/"},"modified":"2023-07-18T10:25:07","modified_gmt":"2023-07-18T10:25:07","slug":"lady-of-spain","status":"publish","type":"product","link":"https:\/\/giroribot.es\/es\/producto\/lady-of-spain\/","title":{"rendered":"Lady of Spain Paul Cheneau"},"content":{"rendered":"<p><strong>Elaboraci\u00f3n<\/strong>:\u00a0Las uvas seleccionadas con el m\u00e1ximo cuidado se prensan suavemente. La primera fermentaci\u00f3n se realiza en dep\u00f3sitos de acero inoxidable a muy baja temperatura, entre 12-14 \u00baC, para potenciar la creaci\u00f3n de aromas secundarios. El vino coupage realiza la segunda fermentaci\u00f3n en botella en nuestras cavas subterr\u00e1neas siguiendo el m\u00e9todo tradicional.<\/p>\n<p><strong>Tiu<\/strong><strong>ps&lt; \/strong&gt;: Cava Brut<\/strong><\/p>\n<p><strong>Crianza en botella<\/strong>: Entre 12 \u2013 15 meses<\/p>\n<p><strong>Tipo de uva<\/strong>: 50% Macabeo, 30% Xarel\u00b7lo, 20% Parellada<\/p>\n<p><strong>Graduaci\u00f3n<\/strong>: 12% vol.<\/p>\n<p><strong>Temperatura ideal<\/strong>: Entre 5 &#8211; 7\u00b0C<\/p>\n<p><strong>Verema<\/strong>: Manual y mec\u00e1nica, desde mediados de agosto a finales de septiembre. Uva procedente de la finca de Can Bas, con una edad media de los vi\u00f1edos de 15 a\u00f1os.<\/p>\n<p><a href=\"http:\/\/giroribot.es\/wp-content\/uploads\/2023\/07\/Lady-of-spain-esp.pdf\" target=\"_blank\" rel=\"noopener\">Descarga ficha y notas de cata<\/a><\/p>\n","protected":false},"excerpt":{"rendered":"<p>Elaboraci\u00f3n:\u00a0Las uvas seleccionadas con el m\u00e1ximo cuidado se prensan suavemente. La primera fermentaci\u00f3n se realiza en dep\u00f3sitos de acero inoxidable a muy baja temperatura, entre 12-14 \u00baC, para potenciar la creaci\u00f3n de aromas secundarios. El vino coupage realiza la segunda fermentaci\u00f3n en botella en nuestras cavas subterr\u00e1neas siguiendo el m\u00e9todo tradicional. Tiups&lt; \/strong&gt;: Cava Brut [&hellip;]<\/p>\n","protected":false},"featured_media":1245,"template":"","meta":{"_acf_changed":false,"site-sidebar-layout":"default","site-content-layout":"default","ast-site-content-layout":"","site-content-style":"default","site-sidebar-style":"default","ast-global-header-display":"","ast-banner-title-visibility":"","ast-main-header-display":"","ast-hfb-above-header-display":"","ast-hfb-below-header-display":"","ast-hfb-mobile-header-display":"","site-post-title":"","ast-breadcrumbs-content":"","ast-featured-img":"","footer-sml-layout":"","theme-transparent-header-meta":"default","adv-header-id-meta":"","stick-header-meta":"","header-above-stick-meta":"","header-main-stick-meta":"","header-below-stick-meta":"","astra-migrate-meta-layouts":"default","ast-page-background-enabled":"default","ast-page-background-meta":{"desktop":{"background-color":"","background-image":"","background-repeat":"repeat","background-position":"center center","background-size":"auto","background-attachment":"scroll","background-type":"","background-media":"","overlay-type":"","overlay-color":"","overlay-opacity":"","overlay-gradient":""},"tablet":{"background-color":"","background-image":"","background-repeat":"repeat","background-position":"center center","background-size":"auto","background-attachment":"scroll","background-type":"","background-media":"","overlay-type":"","overlay-color":"","overlay-opacity":"","overlay-gradient":""},"mobile":{"background-color":"","background-image":"","background-repeat":"repeat","background-position":"center center","background-size":"auto","background-attachment":"scroll","background-type":"","background-media":"","overlay-type":"","overlay-color":"","overlay-opacity":"","overlay-gradient":""}},"ast-content-background-meta":{"desktop":{"background-color":"var(--ast-global-color-5)","background-image":"","background-repeat":"repeat","background-position":"center center","background-size":"auto","background-attachment":"scroll","background-type":"","background-media":"","overlay-type":"","overlay-color":"","overlay-opacity":"","overlay-gradient":""},"tablet":{"background-color":"var(--ast-global-color-5)","background-image":"","background-repeat":"repeat","background-position":"center center","background-size":"auto","background-attachment":"scroll","background-type":"","background-media":"","overlay-type":"","overlay-color":"","overlay-opacity":"","overlay-gradient":""},"mobile":{"background-color":"var(--ast-global-color-5)","background-image":"","background-repeat":"repeat","background-position":"center center","background-size":"auto","background-attachment":"scroll","background-type":"","background-media":"","overlay-type":"","overlay-color":"","overlay-opacity":"","overlay-gradient":""}}},"pwb-brand":[552,874,446,792,448,784,452,893],"product_brand":[],"product_cat":[342,347,348],"product_tag":[],"class_list":{"0":"post-5427","1":"product","2":"type-product","3":"status-publish","4":"has-post-thumbnail","6":"pwb-brand-2013-guia-928-es-2","7":"pwb-brand-2013-zarzillo-plata-es-2","8":"pwb-brand-catavinum-plata-2015-es","9":"pwb-brand-2015-stfrancisco-plata-es-2","10":"pwb-brand-catavinum-plata-2016-es","11":"pwb-brand-2016-stfrancisco-bronze-es-2","12":"pwb-brand-catavinum-plata-2018-es","13":"pwb-brand-2023-sakura-oro","14":"product_cat-cavas","15":"product_cat-paul-cheneau-es","16":"product_cat-sleeve-es","17":"desktop-align-left","18":"tablet-align-left","19":"mobile-align-left","20":"ast-product-gallery-layout-horizontal","21":"ast-product-gallery-with-no-image","22":"ast-magnify-disabled","23":"ast-product-tabs-layout-distributed","24":"ast-qv-on-image","26":"first","27":"instock","28":"taxable","29":"shipping-taxable","30":"purchasable","31":"product-type-simple"},"acf":[],"yoast_head":"<!-- This site is optimized with the Yoast SEO plugin v24.5 - https:\/\/yoast.com\/wordpress\/plugins\/seo\/ -->\n<title>Lady of Spain Paul Cheneau - Gir\u00f3 Ribot<\/title>\n<meta name=\"description\" content=\"Compra Cava Lady of Spain Paul Cheneau de Gir\u00f3 Ribot directamente del productor, al mejor precio y con env\u00edo gratuito. Tienda de vinos y cavas online.\" \/>\n<meta name=\"robots\" content=\"index, follow, max-snippet:-1, max-image-preview:large, max-video-preview:-1\" \/>\n<link rel=\"canonical\" href=\"https:\/\/giroribot.es\/es\/producto\/lady-of-spain\/\" \/>\n<meta property=\"og:locale\" content=\"es_ES\" \/>\n<meta property=\"og:type\" content=\"article\" \/>\n<meta property=\"og:title\" content=\"Lady of Spain Paul Cheneau - Gir\u00f3 Ribot\" \/>\n<meta property=\"og:description\" content=\"Compra Cava Lady of Spain Paul Cheneau de Gir\u00f3 Ribot directamente del productor, al mejor precio y con env\u00edo gratuito. Tienda de vinos y cavas online.\" \/>\n<meta property=\"og:url\" content=\"https:\/\/giroribot.es\/es\/producto\/lady-of-spain\/\" \/>\n<meta property=\"og:site_name\" content=\"Gir\u00f3 Ribot\" \/>\n<meta property=\"article:publisher\" content=\"https:\/\/www.facebook.com\/GiroRibot?fref=ts\" \/>\n<meta property=\"article:modified_time\" content=\"2023-07-18T10:25:07+00:00\" \/>\n<meta property=\"og:image\" content=\"http:\/\/giroribot.es\/wp-content\/uploads\/2022\/08\/giro-ribot_paul-cheneau_cava_lady.jpg\" \/>\n\t<meta property=\"og:image:width\" content=\"635\" \/>\n\t<meta property=\"og:image:height\" content=\"600\" \/>\n\t<meta property=\"og:image:type\" content=\"image\/jpeg\" \/>\n<meta name=\"twitter:card\" content=\"summary_large_image\" \/>\n<meta name=\"twitter:site\" content=\"@GIRORIBOT\" \/>\n<meta name=\"twitter:label1\" content=\"Tiempo de lectura\" \/>\n\t<meta name=\"twitter:data1\" content=\"1 minuto\" \/>\n<script type=\"application\/ld+json\" class=\"yoast-schema-graph\">{\"@context\":\"https:\/\/schema.org\",\"@graph\":[{\"@type\":\"WebPage\",\"@id\":\"https:\/\/giroribot.es\/es\/producto\/lady-of-spain\/\",\"url\":\"https:\/\/giroribot.es\/es\/producto\/lady-of-spain\/\",\"name\":\"Lady of Spain Paul Cheneau - Gir\u00f3 Ribot\",\"isPartOf\":{\"@id\":\"https:\/\/giroribot.es\/es\/#website\"},\"primaryImageOfPage\":{\"@id\":\"https:\/\/giroribot.es\/es\/producto\/lady-of-spain\/#primaryimage\"},\"image\":{\"@id\":\"https:\/\/giroribot.es\/es\/producto\/lady-of-spain\/#primaryimage\"},\"thumbnailUrl\":\"https:\/\/giroribot.es\/wp-content\/uploads\/2022\/08\/giro-ribot_paul-cheneau_cava_lady.jpg\",\"datePublished\":\"2022-08-04T08:00:09+00:00\",\"dateModified\":\"2023-07-18T10:25:07+00:00\",\"description\":\"Compra Cava Lady of Spain Paul Cheneau de Gir\u00f3 Ribot directamente del productor, al mejor precio y con env\u00edo gratuito. Tienda de vinos y cavas online.\",\"breadcrumb\":{\"@id\":\"https:\/\/giroribot.es\/es\/producto\/lady-of-spain\/#breadcrumb\"},\"inLanguage\":\"es\",\"potentialAction\":[{\"@type\":\"ReadAction\",\"target\":[\"https:\/\/giroribot.es\/es\/producto\/lady-of-spain\/\"]}]},{\"@type\":\"ImageObject\",\"inLanguage\":\"es\",\"@id\":\"https:\/\/giroribot.es\/es\/producto\/lady-of-spain\/#primaryimage\",\"url\":\"https:\/\/giroribot.es\/wp-content\/uploads\/2022\/08\/giro-ribot_paul-cheneau_cava_lady.jpg\",\"contentUrl\":\"https:\/\/giroribot.es\/wp-content\/uploads\/2022\/08\/giro-ribot_paul-cheneau_cava_lady.jpg\",\"width\":635,\"height\":600,\"caption\":\"Cava Lady of Spain Paul Cheneau\"},{\"@type\":\"BreadcrumbList\",\"@id\":\"https:\/\/giroribot.es\/es\/producto\/lady-of-spain\/#breadcrumb\",\"itemListElement\":[{\"@type\":\"ListItem\",\"position\":1,\"name\":\"Inici\",\"item\":\"https:\/\/giroribot.es\/es\/\"},{\"@type\":\"ListItem\",\"position\":2,\"name\":\"Tienda\",\"item\":\"https:\/\/giroribot.es\/es\/tienda\/\"},{\"@type\":\"ListItem\",\"position\":3,\"name\":\"Lady of Spain Paul Cheneau\"}]},{\"@type\":\"WebSite\",\"@id\":\"https:\/\/giroribot.es\/es\/#website\",\"url\":\"https:\/\/giroribot.es\/es\/\",\"name\":\"Gir\u00f3 Ribot - Vins i Caves del Pened\u00e8s\",\"description\":\"Celler | Vins | Caves\",\"publisher\":{\"@id\":\"https:\/\/giroribot.es\/es\/#organization\"},\"potentialAction\":[{\"@type\":\"SearchAction\",\"target\":{\"@type\":\"EntryPoint\",\"urlTemplate\":\"https:\/\/giroribot.es\/es\/?s={search_term_string}\"},\"query-input\":{\"@type\":\"PropertyValueSpecification\",\"valueRequired\":true,\"valueName\":\"search_term_string\"}}],\"inLanguage\":\"es\"},{\"@type\":\"Organization\",\"@id\":\"https:\/\/giroribot.es\/es\/#organization\",\"name\":\"Gir\u00f3 Ribot - Vins i Caves del Pened\u00e8s\",\"url\":\"https:\/\/giroribot.es\/es\/\",\"logo\":{\"@type\":\"ImageObject\",\"inLanguage\":\"es\",\"@id\":\"https:\/\/giroribot.es\/es\/#\/schema\/logo\/image\/\",\"url\":\"https:\/\/giroribot.es\/wp-content\/uploads\/2022\/08\/logo.png\",\"contentUrl\":\"https:\/\/giroribot.es\/wp-content\/uploads\/2022\/08\/logo.png\",\"width\":190,\"height\":58,\"caption\":\"Gir\u00f3 Ribot - Vins i Caves del Pened\u00e8s\"},\"image\":{\"@id\":\"https:\/\/giroribot.es\/es\/#\/schema\/logo\/image\/\"},\"sameAs\":[\"https:\/\/www.facebook.com\/GiroRibot?fref=ts\",\"https:\/\/x.com\/GIRORIBOT\",\"https:\/\/www.instagram.com\/giroribot_vinosycavas\"]}]}<\/script>\n<!-- \/ Yoast SEO plugin. -->","yoast_head_json":{"title":"Lady of Spain Paul Cheneau - Gir\u00f3 Ribot","description":"Compra Cava Lady of Spain Paul Cheneau de Gir\u00f3 Ribot directamente del productor, al mejor precio y con env\u00edo gratuito. Tienda de vinos y cavas online.","robots":{"index":"index","follow":"follow","max-snippet":"max-snippet:-1","max-image-preview":"max-image-preview:large","max-video-preview":"max-video-preview:-1"},"canonical":"https:\/\/giroribot.es\/es\/producto\/lady-of-spain\/","og_locale":"es_ES","og_type":"article","og_title":"Lady of Spain Paul Cheneau - Gir\u00f3 Ribot","og_description":"Compra Cava Lady of Spain Paul Cheneau de Gir\u00f3 Ribot directamente del productor, al mejor precio y con env\u00edo gratuito. Tienda de vinos y cavas online.","og_url":"https:\/\/giroribot.es\/es\/producto\/lady-of-spain\/","og_site_name":"Gir\u00f3 Ribot","article_publisher":"https:\/\/www.facebook.com\/GiroRibot?fref=ts","article_modified_time":"2023-07-18T10:25:07+00:00","og_image":[{"width":635,"height":600,"url":"http:\/\/giroribot.es\/wp-content\/uploads\/2022\/08\/giro-ribot_paul-cheneau_cava_lady.jpg","type":"image\/jpeg"}],"twitter_card":"summary_large_image","twitter_site":"@GIRORIBOT","twitter_misc":{"Tiempo de lectura":"1 minuto"},"schema":{"@context":"https:\/\/schema.org","@graph":[{"@type":"WebPage","@id":"https:\/\/giroribot.es\/es\/producto\/lady-of-spain\/","url":"https:\/\/giroribot.es\/es\/producto\/lady-of-spain\/","name":"Lady of Spain Paul Cheneau - Gir\u00f3 Ribot","isPartOf":{"@id":"https:\/\/giroribot.es\/es\/#website"},"primaryImageOfPage":{"@id":"https:\/\/giroribot.es\/es\/producto\/lady-of-spain\/#primaryimage"},"image":{"@id":"https:\/\/giroribot.es\/es\/producto\/lady-of-spain\/#primaryimage"},"thumbnailUrl":"https:\/\/giroribot.es\/wp-content\/uploads\/2022\/08\/giro-ribot_paul-cheneau_cava_lady.jpg","datePublished":"2022-08-04T08:00:09+00:00","dateModified":"2023-07-18T10:25:07+00:00","description":"Compra Cava Lady of Spain Paul Cheneau de Gir\u00f3 Ribot directamente del productor, al mejor precio y con env\u00edo gratuito. Tienda de vinos y cavas online.","breadcrumb":{"@id":"https:\/\/giroribot.es\/es\/producto\/lady-of-spain\/#breadcrumb"},"inLanguage":"es","potentialAction":[{"@type":"ReadAction","target":["https:\/\/giroribot.es\/es\/producto\/lady-of-spain\/"]}]},{"@type":"ImageObject","inLanguage":"es","@id":"https:\/\/giroribot.es\/es\/producto\/lady-of-spain\/#primaryimage","url":"https:\/\/giroribot.es\/wp-content\/uploads\/2022\/08\/giro-ribot_paul-cheneau_cava_lady.jpg","contentUrl":"https:\/\/giroribot.es\/wp-content\/uploads\/2022\/08\/giro-ribot_paul-cheneau_cava_lady.jpg","width":635,"height":600,"caption":"Cava Lady of Spain Paul Cheneau"},{"@type":"BreadcrumbList","@id":"https:\/\/giroribot.es\/es\/producto\/lady-of-spain\/#breadcrumb","itemListElement":[{"@type":"ListItem","position":1,"name":"Inici","item":"https:\/\/giroribot.es\/es\/"},{"@type":"ListItem","position":2,"name":"Tienda","item":"https:\/\/giroribot.es\/es\/tienda\/"},{"@type":"ListItem","position":3,"name":"Lady of Spain Paul Cheneau"}]},{"@type":"WebSite","@id":"https:\/\/giroribot.es\/es\/#website","url":"https:\/\/giroribot.es\/es\/","name":"Gir\u00f3 Ribot - Vins i Caves del Pened\u00e8s","description":"Celler | Vins | Caves","publisher":{"@id":"https:\/\/giroribot.es\/es\/#organization"},"potentialAction":[{"@type":"SearchAction","target":{"@type":"EntryPoint","urlTemplate":"https:\/\/giroribot.es\/es\/?s={search_term_string}"},"query-input":{"@type":"PropertyValueSpecification","valueRequired":true,"valueName":"search_term_string"}}],"inLanguage":"es"},{"@type":"Organization","@id":"https:\/\/giroribot.es\/es\/#organization","name":"Gir\u00f3 Ribot - Vins i Caves del Pened\u00e8s","url":"https:\/\/giroribot.es\/es\/","logo":{"@type":"ImageObject","inLanguage":"es","@id":"https:\/\/giroribot.es\/es\/#\/schema\/logo\/image\/","url":"https:\/\/giroribot.es\/wp-content\/uploads\/2022\/08\/logo.png","contentUrl":"https:\/\/giroribot.es\/wp-content\/uploads\/2022\/08\/logo.png","width":190,"height":58,"caption":"Gir\u00f3 Ribot - Vins i Caves del Pened\u00e8s"},"image":{"@id":"https:\/\/giroribot.es\/es\/#\/schema\/logo\/image\/"},"sameAs":["https:\/\/www.facebook.com\/GiroRibot?fref=ts","https:\/\/x.com\/GIRORIBOT","https:\/\/www.instagram.com\/giroribot_vinosycavas"]}]}},"jetpack_sharing_enabled":true,"brands":[{"id":552,"name":"2013 Guia 9,28","slug":"2013-guia-928-es-2"},{"id":874,"name":"2013 Zarzillo plata","slug":"2013-zarzillo-plata-es-2"},{"id":446,"name":"2015 Catavinum plata","slug":"catavinum-plata-2015-es"},{"id":792,"name":"2015 StFrancisco plata","slug":"2015-stfrancisco-plata-es-2"},{"id":448,"name":"2016 Catavinum plata","slug":"catavinum-plata-2016-es"},{"id":784,"name":"2016 StFrancisco bronze","slug":"2016-stfrancisco-bronze-es-2"},{"id":452,"name":"2018 Catavinum plata","slug":"catavinum-plata-2018-es"},{"id":893,"name":"2023 Sakura oro","slug":"2023-sakura-oro"}],"_links":{"self":[{"href":"https:\/\/giroribot.es\/es\/wp-json\/wp\/v2\/product\/5427","targetHints":{"allow":["GET"]}}],"collection":[{"href":"https:\/\/giroribot.es\/es\/wp-json\/wp\/v2\/product"}],"about":[{"href":"https:\/\/giroribot.es\/es\/wp-json\/wp\/v2\/types\/product"}],"version-history":[{"count":0,"href":"https:\/\/giroribot.es\/es\/wp-json\/wp\/v2\/product\/5427\/revisions"}],"wp:featuredmedia":[{"embeddable":true,"href":"https:\/\/giroribot.es\/es\/wp-json\/wp\/v2\/media\/1245"}],"wp:attachment":[{"href":"https:\/\/giroribot.es\/es\/wp-json\/wp\/v2\/media?parent=5427"}],"wp:term":[{"taxonomy":"pwb-brand","embeddable":true,"href":"https:\/\/giroribot.es\/es\/wp-json\/wp\/v2\/pwb-brand?post=5427"},{"taxonomy":"product_brand","embeddable":true,"href":"https:\/\/giroribot.es\/es\/wp-json\/wp\/v2\/product_brand?post=5427"},{"taxonomy":"product_cat","embeddable":true,"href":"https:\/\/giroribot.es\/es\/wp-json\/wp\/v2\/product_cat?post=5427"},{"taxonomy":"product_tag","embeddable":true,"href":"https:\/\/giroribot.es\/es\/wp-json\/wp\/v2\/product_tag?post=5427"}],"curies":[{"name":"wp","href":"https:\/\/api.w.org\/{rel}","templated":true}]}}