{"id":6379,"date":"2023-01-11T08:35:20","date_gmt":"2023-01-11T08:35:20","guid":{"rendered":"https:\/\/giroribot.es\/termes-i-condicions\/"},"modified":"2023-01-11T08:39:05","modified_gmt":"2023-01-11T08:39:05","slug":"termes-i-condicions","status":"publish","type":"page","link":"https:\/\/giroribot.es\/es\/termes-i-condicions\/","title":{"rendered":"T\u00e9rminos y Condiciones"},"content":{"rendered":"<h2 class=\"wp-block-heading\">1. Pol\u00edtica de devoluciones<\/h2><p>Generalmente, puede haber dos causas de devoluci\u00f3n de pedidos o productos:<\/p><h4 class=\"wp-block-heading\">1. Derecho de revocaci\u00f3n:<\/h4><p>El Arte. 44 de la Ley 7\/1996, de 15 de enero, de Ordenaci\u00f3n del Comercio Minorista, confiere el Cliente el derecho a la revocaci\u00f3n del pedido solicitado en un plazo de siete d\u00edas desde la recepci\u00f3n del mismo, previa comunicaci\u00f3n en&nbsp;<strong>GIR\u00d3 RIBOT SL<\/strong>. (mediante correo electr\u00f3nico dirigido a:&nbsp;<a href=\"mailto:giroribot@giroribot.es\">giroribot@giroribot.es<\/a>, con devoluci\u00f3n del precio que hubiera pagado por el mismo.<\/p><p>Se deber\u00e1 devolver el pedido con todos los productos que se deseen devolver y con sus embalajes originales. Si el producto tiene defectos en su calidad en estos siete d\u00edas, el cliente tambi\u00e9n puede optar por la sustituci\u00f3n del producto.<\/p><h4 class=\"wp-block-heading\">2. Devoluci\u00f3n por defectos de producto:<\/h4><p>Defectos producidos en el transporte o error en el env\u00edo: Si en el momento de la entrega se aprecia de forma visible y clara, sin necesidad de manipular los embalajes de env\u00edo o los propios del producto, que un producto tiene defectos provocados por da\u00f1os en el transporte o se aprecia, en la misma forma, un error en la mercanc\u00eda recibida, el cliente deber\u00e1 comunicarlo a&nbsp;<strong>GIR\u00d3 RIBOT SL<\/strong>. (mediante correo electr\u00f3nico dirigido a:&nbsp;<a href=\"mailto:giroribot@giroribot.es\">giroribot@giroribot.es<\/a>&nbsp;en el transcurso de las 48 horas siguientes a la recepci\u00f3n del pedido para poder instar la devoluci\u00f3n del producto o productos afectados y con ello la sustituci\u00f3n por uno nuevo o el reembolso del precio pagado por el mismo.<\/p><h2 class=\"wp-block-heading\">2. Env\u00edo de pedidos<\/h2><ul class=\"wp-block-list\"><li>Una vez realizado el pedido a trav\u00e9s de www.giroribot.es, recibir\u00e1s una confirmaci\u00f3n v\u00eda correo electr\u00f3nico. Los pedidos se env\u00edan mediante transporte de paqueter\u00eda a la direcci\u00f3n de entrega indicada al realizar el pedido.<\/li>\n\n<li>El coste del env\u00edo es de 10\u20ac por pedidos inferiores a 150\u20ac o GRATUITO para pedidos superiores a 150\u20ac por pen\u00ednsula y 15\u20ac por baleares. Desde la salida de nuestro almac\u00e9n, el plazo de entrega es de 48\/96 horas.<\/li>\n\n<li>Si en el momento de la entrega no te encuentras presente en la direcci\u00f3n indicada, la compa\u00f1\u00eda de transportes se pondr\u00e1 en contacto contigo para poder concertar la entrega.<\/li>\n\n<li>Sy en el momento de la entrega se aprecia de forma visible y clara, sin necesidad de manipular los embalajes de env\u00edo o los propios del producto, que un producto tiene defectos provocados por da\u00f1os causados del transporte o se aprecia, de igual forma, un error en la mercanc\u00eda recibida, el Cliente deber\u00e1 consignarlo en el albar\u00e1n de entrega y comunicarlo a&nbsp;<strong>GIR\u00d3 RIBOT SL<\/strong>. (mediante correo electr\u00f3nico dirigido a:&nbsp;<a href=\"mailto:giroribot@giroribot.es\">giroribot@giroribot.es<\/a>&nbsp;en el transcurso de las 48 horas siguientes a la recepci\u00f3n del pedido para poder instar la devoluci\u00f3n del producto o productos afectados (para poder optar a la sustituci\u00f3n por un nuevo o el reembolso del precio pagado por el mismo)<\/li>\n\n<li>\u00danicamente se realizan env\u00edos a la Pen\u00ednsula, en las Islas Baleares. No se realizan env\u00edos a Canarias, Ceuta y Melilla.<\/li><\/ul><h2 class=\"wp-block-heading\">3. Formas de pago<\/h2><p>Ponemos a tu alcance 2 formas de pago:<\/p><h4 class=\"wp-block-heading\">1. Transferencia bancaria<\/h4><p>El cliente puede elegir el pago mediante transferencia bancaria a nuestra cuenta&nbsp;<strong>2081 0008 43 3300059545<\/strong>, y una vez tengamos el comprobante, se enviar\u00e1 la mercanc\u00eda. Si se adelanta el comprobante por e-mail a la direcci\u00f3n&nbsp;<a href=\"mailto:giroribot@giroribot.es\">giroribot@giroribot.es<\/a>, se enviar\u00e1 la mercanc\u00eda una vez lo tengamos.<\/p><h4 class=\"wp-block-heading\">2. Pago mediante tarjeta de cr\u00e9dito<\/h4><p>El cliente puede elegir el pago mediante tarjeta de cr\u00e9dito, efectu\u00e1ndose la operaci\u00f3n en el momento de confirmaci\u00f3n del pedido. Se aceptan todas las tarjetas Visa y Mastercard.<\/p><h2 class=\"wp-block-heading\">4. Seguridad en tus compras<\/h2><p>Esta web sigue los est\u00e1ndares de seguridad con los que los compradores pueden estar seguros de que terceras personas no pueden tener acceso a sus datos personales.<\/p><p>Dicho esto, s\u00f3lo nos queda desearte un buen d\u00eda de compras en&nbsp;<a href=\"http:\/\/www.giroribot.es\/\">www.giroribot.es<\/a>!<\/p>","protected":false},"excerpt":{"rendered":"<p>1. Pol\u00edtica de devoluciones Generalmente, puede haber dos causas de devoluci\u00f3n de pedidos o productos: 1. Derecho de revocaci\u00f3n: El Arte. 44 de la Ley 7\/1996, de 15 de enero, de Ordenaci\u00f3n del Comercio Minorista, confiere el Cliente el derecho a la revocaci\u00f3n del pedido solicitado en un plazo de siete d\u00edas desde la recepci\u00f3n [&hellip;]<\/p>\n","protected":false},"author":2,"featured_media":0,"parent":0,"menu_order":0,"comment_status":"closed","ping_status":"closed","template":"","meta":{"_acf_changed":false,"site-sidebar-layout":"default","site-content-layout":"","ast-site-content-layout":"","site-content-style":"default","site-sidebar-style":"default","ast-global-header-display":"","ast-banner-title-visibility":"","ast-main-header-display":"","ast-hfb-above-header-display":"","ast-hfb-below-header-display":"","ast-hfb-mobile-header-display":"","site-post-title":"","ast-breadcrumbs-content":"","ast-featured-img":"","footer-sml-layout":"","theme-transparent-header-meta":"","adv-header-id-meta":"","stick-header-meta":"","header-above-stick-meta":"","header-main-stick-meta":"","header-below-stick-meta":"","astra-migrate-meta-layouts":"default","ast-page-background-enabled":"default","ast-page-background-meta":{"desktop":{"background-color":"","background-image":"","background-repeat":"repeat","background-position":"center center","background-size":"auto","background-attachment":"scroll","background-type":"","background-media":"","overlay-type":"","overlay-color":"","overlay-opacity":"","overlay-gradient":""},"tablet":{"background-color":"","background-image":"","background-repeat":"repeat","background-position":"center center","background-size":"auto","background-attachment":"scroll","background-type":"","background-media":"","overlay-type":"","overlay-color":"","overlay-opacity":"","overlay-gradient":""},"mobile":{"background-color":"","background-image":"","background-repeat":"repeat","background-position":"center center","background-size":"auto","background-attachment":"scroll","background-type":"","background-media":"","overlay-type":"","overlay-color":"","overlay-opacity":"","overlay-gradient":""}},"ast-content-background-meta":{"desktop":{"background-color":"var(--ast-global-color-5)","background-image":"","background-repeat":"repeat","background-position":"center center","background-size":"auto","background-attachment":"scroll","background-type":"","background-media":"","overlay-type":"","overlay-color":"","overlay-opacity":"","overlay-gradient":""},"tablet":{"background-color":"var(--ast-global-color-5)","background-image":"","background-repeat":"repeat","background-position":"center center","background-size":"auto","background-attachment":"scroll","background-type":"","background-media":"","overlay-type":"","overlay-color":"","overlay-opacity":"","overlay-gradient":""},"mobile":{"background-color":"var(--ast-global-color-5)","background-image":"","background-repeat":"repeat","background-position":"center center","background-size":"auto","background-attachment":"scroll","background-type":"","background-media":"","overlay-type":"","overlay-color":"","overlay-opacity":"","overlay-gradient":""}},"footnotes":""},"class_list":["post-6379","page","type-page","status-publish","hentry"],"acf":[],"yoast_head":"<!-- This site is optimized with the Yoast SEO plugin v24.5 - https:\/\/yoast.com\/wordpress\/plugins\/seo\/ -->\n<title>T\u00e9rminos y Condiciones - Gir\u00f3 Ribot<\/title>\n<meta name=\"robots\" content=\"index, follow, max-snippet:-1, max-image-preview:large, max-video-preview:-1\" \/>\n<link rel=\"canonical\" href=\"https:\/\/giroribot.es\/es\/termes-i-condicions\/\" \/>\n<meta property=\"og:locale\" content=\"es_ES\" \/>\n<meta property=\"og:type\" content=\"article\" \/>\n<meta property=\"og:title\" content=\"T\u00e9rminos y Condiciones - Gir\u00f3 Ribot\" \/>\n<meta property=\"og:description\" content=\"1. Pol\u00edtica de devoluciones Generalmente, puede haber dos causas de devoluci\u00f3n de pedidos o productos: 1. Derecho de revocaci\u00f3n: El Arte. 44 de la Ley 7\/1996, de 15 de enero, de Ordenaci\u00f3n del Comercio Minorista, confiere el Cliente el derecho a la revocaci\u00f3n del pedido solicitado en un plazo de siete d\u00edas desde la recepci\u00f3n [&hellip;]\" \/>\n<meta property=\"og:url\" content=\"https:\/\/giroribot.es\/es\/termes-i-condicions\/\" \/>\n<meta property=\"og:site_name\" content=\"Gir\u00f3 Ribot\" \/>\n<meta property=\"article:publisher\" content=\"https:\/\/www.facebook.com\/GiroRibot?fref=ts\" \/>\n<meta property=\"article:modified_time\" content=\"2023-01-11T08:39:05+00:00\" \/>\n<meta name=\"twitter:card\" content=\"summary_large_image\" \/>\n<meta name=\"twitter:site\" content=\"@GIRORIBOT\" \/>\n<meta name=\"twitter:label1\" content=\"Tiempo de lectura\" \/>\n\t<meta name=\"twitter:data1\" content=\"3 minutos\" \/>\n<script type=\"application\/ld+json\" class=\"yoast-schema-graph\">{\"@context\":\"https:\/\/schema.org\",\"@graph\":[{\"@type\":\"WebPage\",\"@id\":\"https:\/\/giroribot.es\/es\/termes-i-condicions\/\",\"url\":\"https:\/\/giroribot.es\/es\/termes-i-condicions\/\",\"name\":\"T\u00e9rminos y Condiciones - Gir\u00f3 Ribot\",\"isPartOf\":{\"@id\":\"https:\/\/giroribot.es\/es\/#website\"},\"datePublished\":\"2023-01-11T08:35:20+00:00\",\"dateModified\":\"2023-01-11T08:39:05+00:00\",\"breadcrumb\":{\"@id\":\"https:\/\/giroribot.es\/es\/termes-i-condicions\/#breadcrumb\"},\"inLanguage\":\"es\",\"potentialAction\":[{\"@type\":\"ReadAction\",\"target\":[\"https:\/\/giroribot.es\/es\/termes-i-condicions\/\"]}]},{\"@type\":\"BreadcrumbList\",\"@id\":\"https:\/\/giroribot.es\/es\/termes-i-condicions\/#breadcrumb\",\"itemListElement\":[{\"@type\":\"ListItem\",\"position\":1,\"name\":\"Inici\",\"item\":\"https:\/\/giroribot.es\/es\/\"},{\"@type\":\"ListItem\",\"position\":2,\"name\":\"T\u00e9rminos y Condiciones\"}]},{\"@type\":\"WebSite\",\"@id\":\"https:\/\/giroribot.es\/es\/#website\",\"url\":\"https:\/\/giroribot.es\/es\/\",\"name\":\"Gir\u00f3 Ribot - Vins i Caves del Pened\u00e8s\",\"description\":\"Celler | Vins | Caves\",\"publisher\":{\"@id\":\"https:\/\/giroribot.es\/es\/#organization\"},\"potentialAction\":[{\"@type\":\"SearchAction\",\"target\":{\"@type\":\"EntryPoint\",\"urlTemplate\":\"https:\/\/giroribot.es\/es\/?s={search_term_string}\"},\"query-input\":{\"@type\":\"PropertyValueSpecification\",\"valueRequired\":true,\"valueName\":\"search_term_string\"}}],\"inLanguage\":\"es\"},{\"@type\":\"Organization\",\"@id\":\"https:\/\/giroribot.es\/es\/#organization\",\"name\":\"Gir\u00f3 Ribot - Vins i Caves del Pened\u00e8s\",\"url\":\"https:\/\/giroribot.es\/es\/\",\"logo\":{\"@type\":\"ImageObject\",\"inLanguage\":\"es\",\"@id\":\"https:\/\/giroribot.es\/es\/#\/schema\/logo\/image\/\",\"url\":\"https:\/\/giroribot.es\/wp-content\/uploads\/2022\/08\/logo.png\",\"contentUrl\":\"https:\/\/giroribot.es\/wp-content\/uploads\/2022\/08\/logo.png\",\"width\":190,\"height\":58,\"caption\":\"Gir\u00f3 Ribot - Vins i Caves del Pened\u00e8s\"},\"image\":{\"@id\":\"https:\/\/giroribot.es\/es\/#\/schema\/logo\/image\/\"},\"sameAs\":[\"https:\/\/www.facebook.com\/GiroRibot?fref=ts\",\"https:\/\/x.com\/GIRORIBOT\",\"https:\/\/www.instagram.com\/giroribot_vinosycavas\"]}]}<\/script>\n<!-- \/ Yoast SEO plugin. -->","yoast_head_json":{"title":"T\u00e9rminos y Condiciones - Gir\u00f3 Ribot","robots":{"index":"index","follow":"follow","max-snippet":"max-snippet:-1","max-image-preview":"max-image-preview:large","max-video-preview":"max-video-preview:-1"},"canonical":"https:\/\/giroribot.es\/es\/termes-i-condicions\/","og_locale":"es_ES","og_type":"article","og_title":"T\u00e9rminos y Condiciones - Gir\u00f3 Ribot","og_description":"1. Pol\u00edtica de devoluciones Generalmente, puede haber dos causas de devoluci\u00f3n de pedidos o productos: 1. Derecho de revocaci\u00f3n: El Arte. 44 de la Ley 7\/1996, de 15 de enero, de Ordenaci\u00f3n del Comercio Minorista, confiere el Cliente el derecho a la revocaci\u00f3n del pedido solicitado en un plazo de siete d\u00edas desde la recepci\u00f3n [&hellip;]","og_url":"https:\/\/giroribot.es\/es\/termes-i-condicions\/","og_site_name":"Gir\u00f3 Ribot","article_publisher":"https:\/\/www.facebook.com\/GiroRibot?fref=ts","article_modified_time":"2023-01-11T08:39:05+00:00","twitter_card":"summary_large_image","twitter_site":"@GIRORIBOT","twitter_misc":{"Tiempo de lectura":"3 minutos"},"schema":{"@context":"https:\/\/schema.org","@graph":[{"@type":"WebPage","@id":"https:\/\/giroribot.es\/es\/termes-i-condicions\/","url":"https:\/\/giroribot.es\/es\/termes-i-condicions\/","name":"T\u00e9rminos y Condiciones - Gir\u00f3 Ribot","isPartOf":{"@id":"https:\/\/giroribot.es\/es\/#website"},"datePublished":"2023-01-11T08:35:20+00:00","dateModified":"2023-01-11T08:39:05+00:00","breadcrumb":{"@id":"https:\/\/giroribot.es\/es\/termes-i-condicions\/#breadcrumb"},"inLanguage":"es","potentialAction":[{"@type":"ReadAction","target":["https:\/\/giroribot.es\/es\/termes-i-condicions\/"]}]},{"@type":"BreadcrumbList","@id":"https:\/\/giroribot.es\/es\/termes-i-condicions\/#breadcrumb","itemListElement":[{"@type":"ListItem","position":1,"name":"Inici","item":"https:\/\/giroribot.es\/es\/"},{"@type":"ListItem","position":2,"name":"T\u00e9rminos y Condiciones"}]},{"@type":"WebSite","@id":"https:\/\/giroribot.es\/es\/#website","url":"https:\/\/giroribot.es\/es\/","name":"Gir\u00f3 Ribot - Vins i Caves del Pened\u00e8s","description":"Celler | Vins | Caves","publisher":{"@id":"https:\/\/giroribot.es\/es\/#organization"},"potentialAction":[{"@type":"SearchAction","target":{"@type":"EntryPoint","urlTemplate":"https:\/\/giroribot.es\/es\/?s={search_term_string}"},"query-input":{"@type":"PropertyValueSpecification","valueRequired":true,"valueName":"search_term_string"}}],"inLanguage":"es"},{"@type":"Organization","@id":"https:\/\/giroribot.es\/es\/#organization","name":"Gir\u00f3 Ribot - Vins i Caves del Pened\u00e8s","url":"https:\/\/giroribot.es\/es\/","logo":{"@type":"ImageObject","inLanguage":"es","@id":"https:\/\/giroribot.es\/es\/#\/schema\/logo\/image\/","url":"https:\/\/giroribot.es\/wp-content\/uploads\/2022\/08\/logo.png","contentUrl":"https:\/\/giroribot.es\/wp-content\/uploads\/2022\/08\/logo.png","width":190,"height":58,"caption":"Gir\u00f3 Ribot - Vins i Caves del Pened\u00e8s"},"image":{"@id":"https:\/\/giroribot.es\/es\/#\/schema\/logo\/image\/"},"sameAs":["https:\/\/www.facebook.com\/GiroRibot?fref=ts","https:\/\/x.com\/GIRORIBOT","https:\/\/www.instagram.com\/giroribot_vinosycavas"]}]}},"jetpack_sharing_enabled":true,"_links":{"self":[{"href":"https:\/\/giroribot.es\/es\/wp-json\/wp\/v2\/pages\/6379","targetHints":{"allow":["GET"]}}],"collection":[{"href":"https:\/\/giroribot.es\/es\/wp-json\/wp\/v2\/pages"}],"about":[{"href":"https:\/\/giroribot.es\/es\/wp-json\/wp\/v2\/types\/page"}],"author":[{"embeddable":true,"href":"https:\/\/giroribot.es\/es\/wp-json\/wp\/v2\/users\/2"}],"replies":[{"embeddable":true,"href":"https:\/\/giroribot.es\/es\/wp-json\/wp\/v2\/comments?post=6379"}],"version-history":[{"count":0,"href":"https:\/\/giroribot.es\/es\/wp-json\/wp\/v2\/pages\/6379\/revisions"}],"wp:attachment":[{"href":"https:\/\/giroribot.es\/es\/wp-json\/wp\/v2\/media?parent=6379"}],"curies":[{"name":"wp","href":"https:\/\/api.w.org\/{rel}","templated":true}]}}