{"id":5473,"date":"2022-08-03T15:20:57","date_gmt":"2022-08-03T15:20:57","guid":{"rendered":"http:\/\/giroribot.es\/producto\/mare\/"},"modified":"2023-07-18T12:01:05","modified_gmt":"2023-07-18T12:01:05","slug":"mare","status":"publish","type":"product","link":"https:\/\/giroribot.es\/en\/product\/mare\/","title":{"rendered":"Mare Excelsus"},"content":{"rendered":"<p><strong>Elaboraci\u00f3<\/strong>: El ra\u00efm es derrapa i es sotmet a una criomaceraci\u00f3 per extreure els aromes primaris de la varietat. La fermentaci\u00f3 es produeix en tines d\u2019acer inoxidable a temperatures molt baixes, entre 12-14 \u00baC. El vi cupatge realitza una segona fermentaci\u00f3 en ampolla, seguint el m\u00e8tode tradicional.<\/p>\n<p><strong>Tipus<\/strong>: Brut Nature Gran Reserva<\/p>\n<p><strong>Crian\u00e7a en ampolla<\/strong>: M\u00ednim 36 mesos<\/p>\n<p><strong>Tipus de ra\u00efm<\/strong>: 65% Xarel\u00b7lo, 30% Macabeu, 5% Parellada<\/p>\n<p><strong>Graduaci\u00f3<\/strong>: 12 % vol.<\/p>\n<p><strong>Temperatura ideal<\/strong>: Entre 6 &#8211; 8 \u00baC<\/p>\n<p><strong>Verema<\/strong>: Verema manual en caixes de 20 kg, des de principis a finals de setembre. Ra\u00efm procedent de la nostra vinya m\u00e9s vella i aut\u00f2ctona de la finca de El Pont, amb edat entre 30 &#8211; 50 anys i de producci\u00f3 limitada.<\/p>\n<p><a href=\"http:\/\/giroribot.es\/wp-content\/uploads\/2023\/07\/Mare-2018-eng.pdf\" target=\"_blank\" rel=\"noopener\">Descarrega fitxa i notes de tast<\/a><\/p>\n","protected":false},"excerpt":{"rendered":"<p>Elaboraci\u00f3: El ra\u00efm es derrapa i es sotmet a una criomaceraci\u00f3 per extreure els aromes primaris de la varietat. La fermentaci\u00f3 es produeix en tines d\u2019acer inoxidable a temperatures molt baixes, entre 12-14 \u00baC. El vi cupatge realitza una segona fermentaci\u00f3 en ampolla, seguint el m\u00e8tode tradicional. Tipus: Brut Nature Gran Reserva Crian\u00e7a en ampolla: [&hellip;]<\/p>\n","protected":false},"featured_media":1286,"template":"","meta":{"_acf_changed":false,"site-sidebar-layout":"default","site-content-layout":"default","ast-site-content-layout":"","site-content-style":"default","site-sidebar-style":"default","ast-global-header-display":"","ast-banner-title-visibility":"","ast-main-header-display":"","ast-hfb-above-header-display":"","ast-hfb-below-header-display":"","ast-hfb-mobile-header-display":"","site-post-title":"","ast-breadcrumbs-content":"","ast-featured-img":"","footer-sml-layout":"","theme-transparent-header-meta":"default","adv-header-id-meta":"","stick-header-meta":"","header-above-stick-meta":"","header-main-stick-meta":"","header-below-stick-meta":"","astra-migrate-meta-layouts":"default","ast-page-background-enabled":"default","ast-page-background-meta":{"desktop":{"background-color":"","background-image":"","background-repeat":"repeat","background-position":"center center","background-size":"auto","background-attachment":"scroll","background-type":"","background-media":"","overlay-type":"","overlay-color":"","overlay-opacity":"","overlay-gradient":""},"tablet":{"background-color":"","background-image":"","background-repeat":"repeat","background-position":"center center","background-size":"auto","background-attachment":"scroll","background-type":"","background-media":"","overlay-type":"","overlay-color":"","overlay-opacity":"","overlay-gradient":""},"mobile":{"background-color":"","background-image":"","background-repeat":"repeat","background-position":"center center","background-size":"auto","background-attachment":"scroll","background-type":"","background-media":"","overlay-type":"","overlay-color":"","overlay-opacity":"","overlay-gradient":""}},"ast-content-background-meta":{"desktop":{"background-color":"var(--ast-global-color-5)","background-image":"","background-repeat":"repeat","background-position":"center center","background-size":"auto","background-attachment":"scroll","background-type":"","background-media":"","overlay-type":"","overlay-color":"","overlay-opacity":"","overlay-gradient":""},"tablet":{"background-color":"var(--ast-global-color-5)","background-image":"","background-repeat":"repeat","background-position":"center center","background-size":"auto","background-attachment":"scroll","background-type":"","background-media":"","overlay-type":"","overlay-color":"","overlay-opacity":"","overlay-gradient":""},"mobile":{"background-color":"var(--ast-global-color-5)","background-image":"","background-repeat":"repeat","background-position":"center center","background-size":"auto","background-attachment":"scroll","background-type":"","background-media":"","overlay-type":"","overlay-color":"","overlay-opacity":"","overlay-gradient":""}}},"pwb-brand":[501,505,489,866,869,423,465,525,491,527,499,427,429,473,562,720,431,570,725,830,433,590,728,780,435,481,606,437,713,851,439,614,717,642,741],"product_brand":[],"product_cat":[363,367,364],"product_tag":[],"class_list":{"0":"post-5473","1":"product","2":"type-product","3":"status-publish","4":"has-post-thumbnail","6":"pwb-brand-iwsc-2001-en","7":"pwb-brand-iwsc-bronze-2002-en","8":"pwb-brand-girovi-or-2003-en","9":"pwb-brand-2003-zarzillo-plata-en-2","10":"pwb-brand-2005-zarzillo-plata-en-2","11":"pwb-brand-bruxelles-plata-2006-en","12":"pwb-brand-challenge-plata-2006-en","13":"pwb-brand-iwsc-plata-2007-en","14":"pwb-brand-girovi-or-2008-en","15":"pwb-brand-iwsc-plata-2009-en","16":"pwb-brand-international-plata-2011-en","17":"pwb-brand-catavinum-or-2012-en","18":"pwb-brand-catavinum-or-2013-en","19":"pwb-brand-decanter-mencio-especial-2013-en","20":"pwb-brand-2013-guia-950-en-2","21":"pwb-brand-2013-penin-92-en-2","22":"pwb-brand-catavinum-or-2014-en","23":"pwb-brand-2014-guia-953-en-2","24":"pwb-brand-2014-penin-92-en-2","25":"pwb-brand-2014-vinari-or-en-2","26":"pwb-brand-catavinum-or-2015-en","27":"pwb-brand-2015-guia-957-en-2","28":"pwb-brand-2015-penin-92-en-2","29":"pwb-brand-2015-stfrancisco-bronze-en-2","30":"pwb-brand-catavinum-or-2016-en","31":"pwb-brand-gilbert-gaillard-or-90-2016-en","32":"pwb-brand-2016-guia-936-en-2","33":"pwb-brand-catavinum-or-2017-en","34":"pwb-brand-2017-penin-91-en-2","35":"pwb-brand-2017-vinari-plata-en-2","36":"pwb-brand-catavinum-or-2018-en","37":"pwb-brand-2018-guia-954-en-2","38":"pwb-brand-2018-penin-91-en-2","39":"pwb-brand-2019-guia-954-en-2","40":"pwb-brand-2019-penin-92-en-2","41":"product_cat-cava","42":"product_cat-excelsus-en","43":"product_cat-giro-ribot-en","44":"desktop-align-left","45":"tablet-align-left","46":"mobile-align-left","47":"ast-product-gallery-layout-horizontal","48":"ast-product-gallery-with-no-image","49":"ast-magnify-disabled","50":"ast-product-tabs-layout-distributed","51":"ast-qv-on-image","53":"first","54":"instock","55":"taxable","56":"shipping-taxable","57":"purchasable","58":"product-type-simple"},"acf":[],"yoast_head":"<!-- This site is optimized with the Yoast SEO plugin v24.5 - https:\/\/yoast.com\/wordpress\/plugins\/seo\/ -->\n<title>Mare Excelsus - Gir\u00f3 Ribot<\/title>\n<meta name=\"description\" content=\"Buy Cava Mare Excelsus from Gir\u00f3 Ribot directly from the producer, at the best price and with free shipping. Online wine and cavas shop.\" \/>\n<meta name=\"robots\" content=\"index, follow, max-snippet:-1, max-image-preview:large, max-video-preview:-1\" \/>\n<link rel=\"canonical\" href=\"https:\/\/giroribot.es\/en\/product\/mare\/\" \/>\n<meta property=\"og:locale\" content=\"en_US\" \/>\n<meta property=\"og:type\" content=\"article\" \/>\n<meta property=\"og:title\" content=\"Mare Excelsus - Gir\u00f3 Ribot\" \/>\n<meta property=\"og:description\" content=\"Buy Cava Mare Excelsus from Gir\u00f3 Ribot directly from the producer, at the best price and with free shipping. Online wine and cavas shop.\" \/>\n<meta property=\"og:url\" content=\"https:\/\/giroribot.es\/en\/product\/mare\/\" \/>\n<meta property=\"og:site_name\" content=\"Gir\u00f3 Ribot\" \/>\n<meta property=\"article:publisher\" content=\"https:\/\/www.facebook.com\/GiroRibot?fref=ts\" \/>\n<meta property=\"article:modified_time\" content=\"2023-07-18T12:01:05+00:00\" \/>\n<meta property=\"og:image\" content=\"http:\/\/giroribot.es\/wp-content\/uploads\/2022\/08\/giro-ribot_cava_mare.jpg\" \/>\n\t<meta property=\"og:image:width\" content=\"635\" \/>\n\t<meta property=\"og:image:height\" content=\"600\" \/>\n\t<meta property=\"og:image:type\" content=\"image\/jpeg\" \/>\n<meta name=\"twitter:card\" content=\"summary_large_image\" \/>\n<meta name=\"twitter:site\" content=\"@GIRORIBOT\" \/>\n<meta name=\"twitter:label1\" content=\"Est. reading time\" \/>\n\t<meta name=\"twitter:data1\" content=\"1 minute\" \/>\n<script type=\"application\/ld+json\" class=\"yoast-schema-graph\">{\"@context\":\"https:\/\/schema.org\",\"@graph\":[{\"@type\":\"WebPage\",\"@id\":\"https:\/\/giroribot.es\/en\/product\/mare\/\",\"url\":\"https:\/\/giroribot.es\/en\/product\/mare\/\",\"name\":\"Mare Excelsus - Gir\u00f3 Ribot\",\"isPartOf\":{\"@id\":\"https:\/\/giroribot.es\/en\/#website\"},\"primaryImageOfPage\":{\"@id\":\"https:\/\/giroribot.es\/en\/product\/mare\/#primaryimage\"},\"image\":{\"@id\":\"https:\/\/giroribot.es\/en\/product\/mare\/#primaryimage\"},\"thumbnailUrl\":\"https:\/\/giroribot.es\/wp-content\/uploads\/2022\/08\/giro-ribot_cava_mare.jpg\",\"datePublished\":\"2022-08-03T15:20:57+00:00\",\"dateModified\":\"2023-07-18T12:01:05+00:00\",\"description\":\"Buy Cava Mare Excelsus from Gir\u00f3 Ribot directly from the producer, at the best price and with free shipping. Online wine and cavas shop.\",\"breadcrumb\":{\"@id\":\"https:\/\/giroribot.es\/en\/product\/mare\/#breadcrumb\"},\"inLanguage\":\"en-US\",\"potentialAction\":[{\"@type\":\"ReadAction\",\"target\":[\"https:\/\/giroribot.es\/en\/product\/mare\/\"]}]},{\"@type\":\"ImageObject\",\"inLanguage\":\"en-US\",\"@id\":\"https:\/\/giroribot.es\/en\/product\/mare\/#primaryimage\",\"url\":\"https:\/\/giroribot.es\/wp-content\/uploads\/2022\/08\/giro-ribot_cava_mare.jpg\",\"contentUrl\":\"https:\/\/giroribot.es\/wp-content\/uploads\/2022\/08\/giro-ribot_cava_mare.jpg\",\"width\":635,\"height\":600},{\"@type\":\"BreadcrumbList\",\"@id\":\"https:\/\/giroribot.es\/en\/product\/mare\/#breadcrumb\",\"itemListElement\":[{\"@type\":\"ListItem\",\"position\":1,\"name\":\"Inici\",\"item\":\"https:\/\/giroribot.es\/en\/\"},{\"@type\":\"ListItem\",\"position\":2,\"name\":\"Shop\",\"item\":\"https:\/\/giroribot.es\/en\/shop-2\/\"},{\"@type\":\"ListItem\",\"position\":3,\"name\":\"Mare Excelsus\"}]},{\"@type\":\"WebSite\",\"@id\":\"https:\/\/giroribot.es\/en\/#website\",\"url\":\"https:\/\/giroribot.es\/en\/\",\"name\":\"Gir\u00f3 Ribot - Vins i Caves del Pened\u00e8s\",\"description\":\"Celler | Vins | Caves\",\"publisher\":{\"@id\":\"https:\/\/giroribot.es\/en\/#organization\"},\"potentialAction\":[{\"@type\":\"SearchAction\",\"target\":{\"@type\":\"EntryPoint\",\"urlTemplate\":\"https:\/\/giroribot.es\/en\/?s={search_term_string}\"},\"query-input\":{\"@type\":\"PropertyValueSpecification\",\"valueRequired\":true,\"valueName\":\"search_term_string\"}}],\"inLanguage\":\"en-US\"},{\"@type\":\"Organization\",\"@id\":\"https:\/\/giroribot.es\/en\/#organization\",\"name\":\"Gir\u00f3 Ribot - Vins i Caves del Pened\u00e8s\",\"url\":\"https:\/\/giroribot.es\/en\/\",\"logo\":{\"@type\":\"ImageObject\",\"inLanguage\":\"en-US\",\"@id\":\"https:\/\/giroribot.es\/en\/#\/schema\/logo\/image\/\",\"url\":\"https:\/\/giroribot.es\/wp-content\/uploads\/2022\/08\/logo.png\",\"contentUrl\":\"https:\/\/giroribot.es\/wp-content\/uploads\/2022\/08\/logo.png\",\"width\":190,\"height\":58,\"caption\":\"Gir\u00f3 Ribot - Vins i Caves del Pened\u00e8s\"},\"image\":{\"@id\":\"https:\/\/giroribot.es\/en\/#\/schema\/logo\/image\/\"},\"sameAs\":[\"https:\/\/www.facebook.com\/GiroRibot?fref=ts\",\"https:\/\/x.com\/GIRORIBOT\",\"https:\/\/www.instagram.com\/giroribot_vinosycavas\"]}]}<\/script>\n<!-- \/ Yoast SEO plugin. -->","yoast_head_json":{"title":"Mare Excelsus - Gir\u00f3 Ribot","description":"Buy Cava Mare Excelsus from Gir\u00f3 Ribot directly from the producer, at the best price and with free shipping. Online wine and cavas shop.","robots":{"index":"index","follow":"follow","max-snippet":"max-snippet:-1","max-image-preview":"max-image-preview:large","max-video-preview":"max-video-preview:-1"},"canonical":"https:\/\/giroribot.es\/en\/product\/mare\/","og_locale":"en_US","og_type":"article","og_title":"Mare Excelsus - Gir\u00f3 Ribot","og_description":"Buy Cava Mare Excelsus from Gir\u00f3 Ribot directly from the producer, at the best price and with free shipping. Online wine and cavas shop.","og_url":"https:\/\/giroribot.es\/en\/product\/mare\/","og_site_name":"Gir\u00f3 Ribot","article_publisher":"https:\/\/www.facebook.com\/GiroRibot?fref=ts","article_modified_time":"2023-07-18T12:01:05+00:00","og_image":[{"width":635,"height":600,"url":"http:\/\/giroribot.es\/wp-content\/uploads\/2022\/08\/giro-ribot_cava_mare.jpg","type":"image\/jpeg"}],"twitter_card":"summary_large_image","twitter_site":"@GIRORIBOT","twitter_misc":{"Est. reading time":"1 minute"},"schema":{"@context":"https:\/\/schema.org","@graph":[{"@type":"WebPage","@id":"https:\/\/giroribot.es\/en\/product\/mare\/","url":"https:\/\/giroribot.es\/en\/product\/mare\/","name":"Mare Excelsus - Gir\u00f3 Ribot","isPartOf":{"@id":"https:\/\/giroribot.es\/en\/#website"},"primaryImageOfPage":{"@id":"https:\/\/giroribot.es\/en\/product\/mare\/#primaryimage"},"image":{"@id":"https:\/\/giroribot.es\/en\/product\/mare\/#primaryimage"},"thumbnailUrl":"https:\/\/giroribot.es\/wp-content\/uploads\/2022\/08\/giro-ribot_cava_mare.jpg","datePublished":"2022-08-03T15:20:57+00:00","dateModified":"2023-07-18T12:01:05+00:00","description":"Buy Cava Mare Excelsus from Gir\u00f3 Ribot directly from the producer, at the best price and with free shipping. Online wine and cavas shop.","breadcrumb":{"@id":"https:\/\/giroribot.es\/en\/product\/mare\/#breadcrumb"},"inLanguage":"en-US","potentialAction":[{"@type":"ReadAction","target":["https:\/\/giroribot.es\/en\/product\/mare\/"]}]},{"@type":"ImageObject","inLanguage":"en-US","@id":"https:\/\/giroribot.es\/en\/product\/mare\/#primaryimage","url":"https:\/\/giroribot.es\/wp-content\/uploads\/2022\/08\/giro-ribot_cava_mare.jpg","contentUrl":"https:\/\/giroribot.es\/wp-content\/uploads\/2022\/08\/giro-ribot_cava_mare.jpg","width":635,"height":600},{"@type":"BreadcrumbList","@id":"https:\/\/giroribot.es\/en\/product\/mare\/#breadcrumb","itemListElement":[{"@type":"ListItem","position":1,"name":"Inici","item":"https:\/\/giroribot.es\/en\/"},{"@type":"ListItem","position":2,"name":"Shop","item":"https:\/\/giroribot.es\/en\/shop-2\/"},{"@type":"ListItem","position":3,"name":"Mare Excelsus"}]},{"@type":"WebSite","@id":"https:\/\/giroribot.es\/en\/#website","url":"https:\/\/giroribot.es\/en\/","name":"Gir\u00f3 Ribot - Vins i Caves del Pened\u00e8s","description":"Celler | Vins | Caves","publisher":{"@id":"https:\/\/giroribot.es\/en\/#organization"},"potentialAction":[{"@type":"SearchAction","target":{"@type":"EntryPoint","urlTemplate":"https:\/\/giroribot.es\/en\/?s={search_term_string}"},"query-input":{"@type":"PropertyValueSpecification","valueRequired":true,"valueName":"search_term_string"}}],"inLanguage":"en-US"},{"@type":"Organization","@id":"https:\/\/giroribot.es\/en\/#organization","name":"Gir\u00f3 Ribot - Vins i Caves del Pened\u00e8s","url":"https:\/\/giroribot.es\/en\/","logo":{"@type":"ImageObject","inLanguage":"en-US","@id":"https:\/\/giroribot.es\/en\/#\/schema\/logo\/image\/","url":"https:\/\/giroribot.es\/wp-content\/uploads\/2022\/08\/logo.png","contentUrl":"https:\/\/giroribot.es\/wp-content\/uploads\/2022\/08\/logo.png","width":190,"height":58,"caption":"Gir\u00f3 Ribot - Vins i Caves del Pened\u00e8s"},"image":{"@id":"https:\/\/giroribot.es\/en\/#\/schema\/logo\/image\/"},"sameAs":["https:\/\/www.facebook.com\/GiroRibot?fref=ts","https:\/\/x.com\/GIRORIBOT","https:\/\/www.instagram.com\/giroribot_vinosycavas"]}]}},"jetpack_sharing_enabled":true,"brands":[{"id":501,"name":"2001 IWSC","slug":"iwsc-2001-en"},{"id":505,"name":"2002 IWSC bronze","slug":"iwsc-bronze-2002-en"},{"id":489,"name":"2003 Girovi or","slug":"girovi-or-2003-en"},{"id":866,"name":"2003 Zarzillo plata","slug":"2003-zarzillo-plata-en-2"},{"id":869,"name":"2005 Zarzillo plata","slug":"2005-zarzillo-plata-en-2"},{"id":423,"name":"2006 Bruxelles plata","slug":"bruxelles-plata-2006-en"},{"id":465,"name":"2006 Challenge plata","slug":"challenge-plata-2006-en"},{"id":525,"name":"2007 IWSC plata","slug":"iwsc-plata-2007-en"},{"id":491,"name":"2008 Girovi or","slug":"girovi-or-2008-en"},{"id":527,"name":"2009 IWSC plata","slug":"iwsc-plata-2009-en"},{"id":499,"name":"2011 International plata","slug":"international-plata-2011-en"},{"id":427,"name":"2012 Catavinum or","slug":"catavinum-or-2012-en"},{"id":429,"name":"2013 Catavinum or","slug":"catavinum-or-2013-en"},{"id":473,"name":"2013 Decanter mencio especial","slug":"decanter-mencio-especial-2013-en"},{"id":562,"name":"2013 Guia 9,50","slug":"2013-guia-950-en-2"},{"id":720,"name":"2013 Pe\u00f1in 92","slug":"2013-penin-92-en-2"},{"id":431,"name":"2014 Catavinum or","slug":"catavinum-or-2014-en"},{"id":570,"name":"2014 Guia 9,53","slug":"2014-guia-953-en-2"},{"id":725,"name":"2014 Pe\u00f1in 92","slug":"2014-penin-92-en-2"},{"id":830,"name":"2014 Vinari or","slug":"2014-vinari-or-en-2"},{"id":433,"name":"2015 Catavinum or","slug":"catavinum-or-2015-en"},{"id":590,"name":"2015 Guia 9,57","slug":"2015-guia-957-en-2"},{"id":728,"name":"2015 Pe\u00f1in 92","slug":"2015-penin-92-en-2"},{"id":780,"name":"2015 StFrancisco bronze","slug":"2015-stfrancisco-bronze-en-2"},{"id":435,"name":"2016 Catavinum or","slug":"catavinum-or-2016-en"},{"id":481,"name":"2016 Gilbert Gaillard or 90+","slug":"gilbert-gaillard-or-90-2016-en"},{"id":606,"name":"2016 Guia 9,36","slug":"2016-guia-936-en-2"},{"id":437,"name":"2017 Catavinum or","slug":"catavinum-or-2017-en"},{"id":713,"name":"2017 Pe\u00f1in 91","slug":"2017-penin-91-en-2"},{"id":851,"name":"2017 Vinari plata","slug":"2017-vinari-plata-en-2"},{"id":439,"name":"2018 Catavinum or","slug":"catavinum-or-2018-en"},{"id":614,"name":"2018 Guia 9,54","slug":"2018-guia-954-en-2"},{"id":717,"name":"2018 Pe\u00f1in 91","slug":"2018-penin-91-en-2"},{"id":642,"name":"2019 Guia 9,54","slug":"2019-guia-954-en-2"},{"id":741,"name":"2019 Pe\u00f1in 92","slug":"2019-penin-92-en-2"}],"_links":{"self":[{"href":"https:\/\/giroribot.es\/en\/wp-json\/wp\/v2\/product\/5473","targetHints":{"allow":["GET"]}}],"collection":[{"href":"https:\/\/giroribot.es\/en\/wp-json\/wp\/v2\/product"}],"about":[{"href":"https:\/\/giroribot.es\/en\/wp-json\/wp\/v2\/types\/product"}],"version-history":[{"count":0,"href":"https:\/\/giroribot.es\/en\/wp-json\/wp\/v2\/product\/5473\/revisions"}],"wp:featuredmedia":[{"embeddable":true,"href":"https:\/\/giroribot.es\/en\/wp-json\/wp\/v2\/media\/1286"}],"wp:attachment":[{"href":"https:\/\/giroribot.es\/en\/wp-json\/wp\/v2\/media?parent=5473"}],"wp:term":[{"taxonomy":"pwb-brand","embeddable":true,"href":"https:\/\/giroribot.es\/en\/wp-json\/wp\/v2\/pwb-brand?post=5473"},{"taxonomy":"product_brand","embeddable":true,"href":"https:\/\/giroribot.es\/en\/wp-json\/wp\/v2\/product_brand?post=5473"},{"taxonomy":"product_cat","embeddable":true,"href":"https:\/\/giroribot.es\/en\/wp-json\/wp\/v2\/product_cat?post=5473"},{"taxonomy":"product_tag","embeddable":true,"href":"https:\/\/giroribot.es\/en\/wp-json\/wp\/v2\/product_tag?post=5473"}],"curies":[{"name":"wp","href":"https:\/\/api.w.org\/{rel}","templated":true}]}}