{"id":5468,"date":"2022-08-03T15:55:03","date_gmt":"2022-08-03T15:55:03","guid":{"rendered":"http:\/\/giroribot.es\/producto\/excelsus-100-magnum\/"},"modified":"2023-07-18T11:58:57","modified_gmt":"2023-07-18T11:58:57","slug":"excelsus-100-magnum","status":"publish","type":"product","link":"https:\/\/giroribot.es\/en\/product\/excelsus-100-magnum\/","title":{"rendered":"Excelsus 100 Magnum"},"content":{"rendered":"<p><strong>Elaboration<\/strong>: Fermentation takes place in stainless steel vats at very low temperatures, between 12-14 \u00baC, in order to obtain its full potential in secondary aromas. The blended wine undergoes a second fermentation in the bottle, following the traditional method.<\/p>\n<p><strong>Type<\/strong>: Brut Nature Gran Reserva, Magnum \u2013 150 cl<\/p>\n<p><strong>Aging in bottle<\/strong>: 100 months<\/p>\n<p><strong>Type of grape<\/strong>: 10% Parellada, 30% Macabeu, 60% Xarel\u00b7lo<\/p>\n<p><strong>Graduation<\/strong>: 11.5% vol.<\/p>\n<p><strong>Ideal temperature<\/strong>: Between 6 \u2013 8 \u00baC<\/p>\n<p><strong>Harvest<\/strong>: Manual in 20 kg boxes from the beginning to the end of September. Grapes from our oldest and native vineyard of the El Pont estate, aged between 30 \u2013 50 years and limited production.<\/p>\n<p><a href=\"http:\/\/giroribot.es\/wp-content\/uploads\/2023\/07\/Excelsus-100-cat.pdf\" target=\"_blank\" rel=\"noopener\">Download file and tasting notes<\/a><\/p>\n","protected":false},"excerpt":{"rendered":"<p>Elaboration: Fermentation takes place in stainless steel vats at very low temperatures, between 12-14 \u00baC, in order to obtain its full potential in secondary aromas. The blended wine undergoes a second fermentation in the bottle, following the traditional method. Type: Brut Nature Gran Reserva, Magnum \u2013 150 cl Aging in bottle: 100 months Type of [&hellip;]<\/p>\n","protected":false},"featured_media":1274,"template":"","meta":{"_acf_changed":false,"site-sidebar-layout":"default","site-content-layout":"default","ast-site-content-layout":"","site-content-style":"default","site-sidebar-style":"default","ast-global-header-display":"","ast-banner-title-visibility":"","ast-main-header-display":"","ast-hfb-above-header-display":"","ast-hfb-below-header-display":"","ast-hfb-mobile-header-display":"","site-post-title":"","ast-breadcrumbs-content":"","ast-featured-img":"","footer-sml-layout":"","theme-transparent-header-meta":"default","adv-header-id-meta":"","stick-header-meta":"","header-above-stick-meta":"","header-main-stick-meta":"","header-below-stick-meta":"","astra-migrate-meta-layouts":"default","ast-page-background-enabled":"default","ast-page-background-meta":{"desktop":{"background-color":"","background-image":"","background-repeat":"repeat","background-position":"center center","background-size":"auto","background-attachment":"scroll","background-type":"","background-media":"","overlay-type":"","overlay-color":"","overlay-opacity":"","overlay-gradient":""},"tablet":{"background-color":"","background-image":"","background-repeat":"repeat","background-position":"center center","background-size":"auto","background-attachment":"scroll","background-type":"","background-media":"","overlay-type":"","overlay-color":"","overlay-opacity":"","overlay-gradient":""},"mobile":{"background-color":"","background-image":"","background-repeat":"repeat","background-position":"center center","background-size":"auto","background-attachment":"scroll","background-type":"","background-media":"","overlay-type":"","overlay-color":"","overlay-opacity":"","overlay-gradient":""}},"ast-content-background-meta":{"desktop":{"background-color":"var(--ast-global-color-5)","background-image":"","background-repeat":"repeat","background-position":"center center","background-size":"auto","background-attachment":"scroll","background-type":"","background-media":"","overlay-type":"","overlay-color":"","overlay-opacity":"","overlay-gradient":""},"tablet":{"background-color":"var(--ast-global-color-5)","background-image":"","background-repeat":"repeat","background-position":"center center","background-size":"auto","background-attachment":"scroll","background-type":"","background-media":"","overlay-type":"","overlay-color":"","overlay-opacity":"","overlay-gradient":""},"mobile":{"background-color":"var(--ast-global-color-5)","background-image":"","background-repeat":"repeat","background-position":"center center","background-size":"auto","background-attachment":"scroll","background-type":"","background-media":"","overlay-type":"","overlay-color":"","overlay-opacity":"","overlay-gradient":""}}},"pwb-brand":[574,748,586,752,757,761,622,646],"product_brand":[],"product_cat":[363,364,372],"product_tag":[],"class_list":{"0":"post-5468","1":"product","2":"type-product","3":"status-publish","4":"has-post-thumbnail","6":"pwb-brand-2014-guia-954-en-2","7":"pwb-brand-2014-penin-93-en-2","8":"pwb-brand-2015-guia-944-en-2","9":"pwb-brand-2015-penin-93-en-2","10":"pwb-brand-2016-penin-93-en-2","11":"pwb-brand-2018-penin-93-en-2","12":"pwb-brand-2019-guia-956-en-2","13":"pwb-brand-2020-guia-966-en-2","14":"product_cat-cava","15":"product_cat-giro-ribot-en","16":"product_cat-magnum-en","17":"desktop-align-left","18":"tablet-align-left","19":"mobile-align-left","20":"ast-product-gallery-layout-horizontal","21":"ast-magnify-disabled","22":"ast-product-tabs-layout-distributed","23":"ast-qv-on-image","25":"first","26":"instock","27":"taxable","28":"shipping-taxable","29":"purchasable","30":"product-type-simple"},"acf":[],"yoast_head":"<!-- This site is optimized with the Yoast SEO plugin v24.5 - https:\/\/yoast.com\/wordpress\/plugins\/seo\/ -->\n<title>Excelsus 100 Magnum - Gir\u00f3 Ribot<\/title>\n<meta name=\"description\" content=\"Buy Cava Excelsus 100 Magnum from Gir\u00f3 Ribot directly from the producer, at the best price and with free shipping. Online wine and cavas shop.\" \/>\n<meta name=\"robots\" content=\"index, follow, max-snippet:-1, max-image-preview:large, max-video-preview:-1\" \/>\n<link rel=\"canonical\" href=\"https:\/\/giroribot.es\/en\/product\/excelsus-100-magnum\/\" \/>\n<meta property=\"og:locale\" content=\"en_US\" \/>\n<meta property=\"og:type\" content=\"article\" \/>\n<meta property=\"og:title\" content=\"Excelsus 100 Magnum - Gir\u00f3 Ribot\" \/>\n<meta property=\"og:description\" content=\"Buy Cava Excelsus 100 Magnum from Gir\u00f3 Ribot directly from the producer, at the best price and with free shipping. Online wine and cavas shop.\" \/>\n<meta property=\"og:url\" content=\"https:\/\/giroribot.es\/en\/product\/excelsus-100-magnum\/\" \/>\n<meta property=\"og:site_name\" content=\"Gir\u00f3 Ribot\" \/>\n<meta property=\"article:publisher\" content=\"https:\/\/www.facebook.com\/GiroRibot?fref=ts\" \/>\n<meta property=\"article:modified_time\" content=\"2023-07-18T11:58:57+00:00\" \/>\n<meta property=\"og:image\" content=\"http:\/\/giroribot.es\/wp-content\/uploads\/2022\/08\/giro-ribot_cava_excelsus.jpg\" \/>\n\t<meta property=\"og:image:width\" content=\"635\" \/>\n\t<meta property=\"og:image:height\" content=\"600\" \/>\n\t<meta property=\"og:image:type\" content=\"image\/jpeg\" \/>\n<meta name=\"twitter:card\" content=\"summary_large_image\" \/>\n<meta name=\"twitter:site\" content=\"@GIRORIBOT\" \/>\n<meta name=\"twitter:label1\" content=\"Est. reading time\" \/>\n\t<meta name=\"twitter:data1\" content=\"1 minute\" \/>\n<script type=\"application\/ld+json\" class=\"yoast-schema-graph\">{\"@context\":\"https:\/\/schema.org\",\"@graph\":[{\"@type\":\"WebPage\",\"@id\":\"https:\/\/giroribot.es\/en\/product\/excelsus-100-magnum\/\",\"url\":\"https:\/\/giroribot.es\/en\/product\/excelsus-100-magnum\/\",\"name\":\"Excelsus 100 Magnum - Gir\u00f3 Ribot\",\"isPartOf\":{\"@id\":\"https:\/\/giroribot.es\/en\/#website\"},\"primaryImageOfPage\":{\"@id\":\"https:\/\/giroribot.es\/en\/product\/excelsus-100-magnum\/#primaryimage\"},\"image\":{\"@id\":\"https:\/\/giroribot.es\/en\/product\/excelsus-100-magnum\/#primaryimage\"},\"thumbnailUrl\":\"https:\/\/giroribot.es\/wp-content\/uploads\/2022\/08\/giro-ribot_cava_excelsus.jpg\",\"datePublished\":\"2022-08-03T15:55:03+00:00\",\"dateModified\":\"2023-07-18T11:58:57+00:00\",\"description\":\"Buy Cava Excelsus 100 Magnum from Gir\u00f3 Ribot directly from the producer, at the best price and with free shipping. Online wine and cavas shop.\",\"breadcrumb\":{\"@id\":\"https:\/\/giroribot.es\/en\/product\/excelsus-100-magnum\/#breadcrumb\"},\"inLanguage\":\"en-US\",\"potentialAction\":[{\"@type\":\"ReadAction\",\"target\":[\"https:\/\/giroribot.es\/en\/product\/excelsus-100-magnum\/\"]}]},{\"@type\":\"ImageObject\",\"inLanguage\":\"en-US\",\"@id\":\"https:\/\/giroribot.es\/en\/product\/excelsus-100-magnum\/#primaryimage\",\"url\":\"https:\/\/giroribot.es\/wp-content\/uploads\/2022\/08\/giro-ribot_cava_excelsus.jpg\",\"contentUrl\":\"https:\/\/giroribot.es\/wp-content\/uploads\/2022\/08\/giro-ribot_cava_excelsus.jpg\",\"width\":635,\"height\":600},{\"@type\":\"BreadcrumbList\",\"@id\":\"https:\/\/giroribot.es\/en\/product\/excelsus-100-magnum\/#breadcrumb\",\"itemListElement\":[{\"@type\":\"ListItem\",\"position\":1,\"name\":\"Inici\",\"item\":\"https:\/\/giroribot.es\/en\/\"},{\"@type\":\"ListItem\",\"position\":2,\"name\":\"Shop\",\"item\":\"https:\/\/giroribot.es\/en\/shop-2\/\"},{\"@type\":\"ListItem\",\"position\":3,\"name\":\"Excelsus 100 Magnum\"}]},{\"@type\":\"WebSite\",\"@id\":\"https:\/\/giroribot.es\/en\/#website\",\"url\":\"https:\/\/giroribot.es\/en\/\",\"name\":\"Gir\u00f3 Ribot - Vins i Caves del Pened\u00e8s\",\"description\":\"Celler | Vins | Caves\",\"publisher\":{\"@id\":\"https:\/\/giroribot.es\/en\/#organization\"},\"potentialAction\":[{\"@type\":\"SearchAction\",\"target\":{\"@type\":\"EntryPoint\",\"urlTemplate\":\"https:\/\/giroribot.es\/en\/?s={search_term_string}\"},\"query-input\":{\"@type\":\"PropertyValueSpecification\",\"valueRequired\":true,\"valueName\":\"search_term_string\"}}],\"inLanguage\":\"en-US\"},{\"@type\":\"Organization\",\"@id\":\"https:\/\/giroribot.es\/en\/#organization\",\"name\":\"Gir\u00f3 Ribot - Vins i Caves del Pened\u00e8s\",\"url\":\"https:\/\/giroribot.es\/en\/\",\"logo\":{\"@type\":\"ImageObject\",\"inLanguage\":\"en-US\",\"@id\":\"https:\/\/giroribot.es\/en\/#\/schema\/logo\/image\/\",\"url\":\"https:\/\/giroribot.es\/wp-content\/uploads\/2022\/08\/logo.png\",\"contentUrl\":\"https:\/\/giroribot.es\/wp-content\/uploads\/2022\/08\/logo.png\",\"width\":190,\"height\":58,\"caption\":\"Gir\u00f3 Ribot - Vins i Caves del Pened\u00e8s\"},\"image\":{\"@id\":\"https:\/\/giroribot.es\/en\/#\/schema\/logo\/image\/\"},\"sameAs\":[\"https:\/\/www.facebook.com\/GiroRibot?fref=ts\",\"https:\/\/x.com\/GIRORIBOT\",\"https:\/\/www.instagram.com\/giroribot_vinosycavas\"]}]}<\/script>\n<!-- \/ Yoast SEO plugin. -->","yoast_head_json":{"title":"Excelsus 100 Magnum - Gir\u00f3 Ribot","description":"Buy Cava Excelsus 100 Magnum from Gir\u00f3 Ribot directly from the producer, at the best price and with free shipping. Online wine and cavas shop.","robots":{"index":"index","follow":"follow","max-snippet":"max-snippet:-1","max-image-preview":"max-image-preview:large","max-video-preview":"max-video-preview:-1"},"canonical":"https:\/\/giroribot.es\/en\/product\/excelsus-100-magnum\/","og_locale":"en_US","og_type":"article","og_title":"Excelsus 100 Magnum - Gir\u00f3 Ribot","og_description":"Buy Cava Excelsus 100 Magnum from Gir\u00f3 Ribot directly from the producer, at the best price and with free shipping. Online wine and cavas shop.","og_url":"https:\/\/giroribot.es\/en\/product\/excelsus-100-magnum\/","og_site_name":"Gir\u00f3 Ribot","article_publisher":"https:\/\/www.facebook.com\/GiroRibot?fref=ts","article_modified_time":"2023-07-18T11:58:57+00:00","og_image":[{"width":635,"height":600,"url":"http:\/\/giroribot.es\/wp-content\/uploads\/2022\/08\/giro-ribot_cava_excelsus.jpg","type":"image\/jpeg"}],"twitter_card":"summary_large_image","twitter_site":"@GIRORIBOT","twitter_misc":{"Est. reading time":"1 minute"},"schema":{"@context":"https:\/\/schema.org","@graph":[{"@type":"WebPage","@id":"https:\/\/giroribot.es\/en\/product\/excelsus-100-magnum\/","url":"https:\/\/giroribot.es\/en\/product\/excelsus-100-magnum\/","name":"Excelsus 100 Magnum - Gir\u00f3 Ribot","isPartOf":{"@id":"https:\/\/giroribot.es\/en\/#website"},"primaryImageOfPage":{"@id":"https:\/\/giroribot.es\/en\/product\/excelsus-100-magnum\/#primaryimage"},"image":{"@id":"https:\/\/giroribot.es\/en\/product\/excelsus-100-magnum\/#primaryimage"},"thumbnailUrl":"https:\/\/giroribot.es\/wp-content\/uploads\/2022\/08\/giro-ribot_cava_excelsus.jpg","datePublished":"2022-08-03T15:55:03+00:00","dateModified":"2023-07-18T11:58:57+00:00","description":"Buy Cava Excelsus 100 Magnum from Gir\u00f3 Ribot directly from the producer, at the best price and with free shipping. Online wine and cavas shop.","breadcrumb":{"@id":"https:\/\/giroribot.es\/en\/product\/excelsus-100-magnum\/#breadcrumb"},"inLanguage":"en-US","potentialAction":[{"@type":"ReadAction","target":["https:\/\/giroribot.es\/en\/product\/excelsus-100-magnum\/"]}]},{"@type":"ImageObject","inLanguage":"en-US","@id":"https:\/\/giroribot.es\/en\/product\/excelsus-100-magnum\/#primaryimage","url":"https:\/\/giroribot.es\/wp-content\/uploads\/2022\/08\/giro-ribot_cava_excelsus.jpg","contentUrl":"https:\/\/giroribot.es\/wp-content\/uploads\/2022\/08\/giro-ribot_cava_excelsus.jpg","width":635,"height":600},{"@type":"BreadcrumbList","@id":"https:\/\/giroribot.es\/en\/product\/excelsus-100-magnum\/#breadcrumb","itemListElement":[{"@type":"ListItem","position":1,"name":"Inici","item":"https:\/\/giroribot.es\/en\/"},{"@type":"ListItem","position":2,"name":"Shop","item":"https:\/\/giroribot.es\/en\/shop-2\/"},{"@type":"ListItem","position":3,"name":"Excelsus 100 Magnum"}]},{"@type":"WebSite","@id":"https:\/\/giroribot.es\/en\/#website","url":"https:\/\/giroribot.es\/en\/","name":"Gir\u00f3 Ribot - Vins i Caves del Pened\u00e8s","description":"Celler | Vins | Caves","publisher":{"@id":"https:\/\/giroribot.es\/en\/#organization"},"potentialAction":[{"@type":"SearchAction","target":{"@type":"EntryPoint","urlTemplate":"https:\/\/giroribot.es\/en\/?s={search_term_string}"},"query-input":{"@type":"PropertyValueSpecification","valueRequired":true,"valueName":"search_term_string"}}],"inLanguage":"en-US"},{"@type":"Organization","@id":"https:\/\/giroribot.es\/en\/#organization","name":"Gir\u00f3 Ribot - Vins i Caves del Pened\u00e8s","url":"https:\/\/giroribot.es\/en\/","logo":{"@type":"ImageObject","inLanguage":"en-US","@id":"https:\/\/giroribot.es\/en\/#\/schema\/logo\/image\/","url":"https:\/\/giroribot.es\/wp-content\/uploads\/2022\/08\/logo.png","contentUrl":"https:\/\/giroribot.es\/wp-content\/uploads\/2022\/08\/logo.png","width":190,"height":58,"caption":"Gir\u00f3 Ribot - Vins i Caves del Pened\u00e8s"},"image":{"@id":"https:\/\/giroribot.es\/en\/#\/schema\/logo\/image\/"},"sameAs":["https:\/\/www.facebook.com\/GiroRibot?fref=ts","https:\/\/x.com\/GIRORIBOT","https:\/\/www.instagram.com\/giroribot_vinosycavas"]}]}},"jetpack_sharing_enabled":true,"brands":[{"id":574,"name":"2014 Guia 9,54","slug":"2014-guia-954-en-2"},{"id":748,"name":"2014 Pe\u00f1in 93","slug":"2014-penin-93-en-2"},{"id":586,"name":"2015 Guia 9,44","slug":"2015-guia-944-en-2"},{"id":752,"name":"2015 Pe\u00f1in 93","slug":"2015-penin-93-en-2"},{"id":757,"name":"2016 Pe\u00f1in 93","slug":"2016-penin-93-en-2"},{"id":761,"name":"2018 Pe\u00f1in 93","slug":"2018-penin-93-en-2"},{"id":622,"name":"2019 Guia 9,56","slug":"2019-guia-956-en-2"},{"id":646,"name":"2020 Guia 9,66","slug":"2020-guia-966-en-2"}],"_links":{"self":[{"href":"https:\/\/giroribot.es\/en\/wp-json\/wp\/v2\/product\/5468","targetHints":{"allow":["GET"]}}],"collection":[{"href":"https:\/\/giroribot.es\/en\/wp-json\/wp\/v2\/product"}],"about":[{"href":"https:\/\/giroribot.es\/en\/wp-json\/wp\/v2\/types\/product"}],"version-history":[{"count":0,"href":"https:\/\/giroribot.es\/en\/wp-json\/wp\/v2\/product\/5468\/revisions"}],"wp:featuredmedia":[{"embeddable":true,"href":"https:\/\/giroribot.es\/en\/wp-json\/wp\/v2\/media\/1274"}],"wp:attachment":[{"href":"https:\/\/giroribot.es\/en\/wp-json\/wp\/v2\/media?parent=5468"}],"wp:term":[{"taxonomy":"pwb-brand","embeddable":true,"href":"https:\/\/giroribot.es\/en\/wp-json\/wp\/v2\/pwb-brand?post=5468"},{"taxonomy":"product_brand","embeddable":true,"href":"https:\/\/giroribot.es\/en\/wp-json\/wp\/v2\/product_brand?post=5468"},{"taxonomy":"product_cat","embeddable":true,"href":"https:\/\/giroribot.es\/en\/wp-json\/wp\/v2\/product_cat?post=5468"},{"taxonomy":"product_tag","embeddable":true,"href":"https:\/\/giroribot.es\/en\/wp-json\/wp\/v2\/product_tag?post=5468"}],"curies":[{"name":"wp","href":"https:\/\/api.w.org\/{rel}","templated":true}]}}