{"id":5460,"date":"2022-08-04T07:47:55","date_gmt":"2022-08-04T07:47:55","guid":{"rendered":"http:\/\/giroribot.es\/producto\/millesime\/"},"modified":"2023-07-18T12:04:16","modified_gmt":"2023-07-18T12:04:16","slug":"millesime","status":"publish","type":"product","link":"https:\/\/giroribot.es\/en\/product\/millesime\/","title":{"rendered":"Mill\u00e9sim\u00e9 Paul Cheneau"},"content":{"rendered":"<p><strong>Elaboration<\/strong>: The grapes selected with the utmost care are subjected to a delicate pressing. Next, the first fermentation takes place in stainless steel tanks at a very low temperature, between 12-14\u00baC, to enhance the creation of secondary aromas. The blended wine undergoes the second fermentation in the bottle, following the traditional method in our underground cellars. Paying homage to our origins as a distillery, we have once again made wines at &#8220;Sol i Serena&#8221; in damajoanas in the open air, to create a special dosage for this cava, just as we did in the past with our Brandy .<\/p>\n<p><strong>Type<\/strong>: Cava Brut Reserva<\/p>\n<p><strong>Aging in bottle<\/strong>: 24 months<\/p>\n<p><strong>Type of grape<\/strong>: 45% Xarel\u00b7lo, 40% Macabeu, 15% Chardonnay<\/p>\n<p><strong>Graduation<\/strong>: 12\u00b0C<\/p>\n<p><strong>Ideal temperature<\/strong>: 5-7\u00b0C<\/p>\n<p><strong>Harvest<\/strong>: Manual, from mid-August to the end of September<\/p>\n<p><a href=\"http:\/\/giroribot.es\/wp-content\/uploads\/2023\/07\/Paul-Cheneau-BRUT-Reserva-millesime-eng.pdf\" target=\"_blank\" rel=\"noopener\">Download file and tasting notes<\/a><\/p>\n","protected":false},"excerpt":{"rendered":"<p>Elaboration: The grapes selected with the utmost care are subjected to a delicate pressing. Next, the first fermentation takes place in stainless steel tanks at a very low temperature, between 12-14\u00baC, to enhance the creation of secondary aromas. The blended wine undergoes the second fermentation in the bottle, following the traditional method in our underground [&hellip;]<\/p>\n","protected":false},"featured_media":1241,"template":"","meta":{"_acf_changed":false,"site-sidebar-layout":"default","site-content-layout":"default","ast-site-content-layout":"","site-content-style":"default","site-sidebar-style":"default","ast-global-header-display":"","ast-banner-title-visibility":"","ast-main-header-display":"","ast-hfb-above-header-display":"","ast-hfb-below-header-display":"","ast-hfb-mobile-header-display":"","site-post-title":"","ast-breadcrumbs-content":"","ast-featured-img":"","footer-sml-layout":"","theme-transparent-header-meta":"default","adv-header-id-meta":"","stick-header-meta":"","header-above-stick-meta":"","header-main-stick-meta":"","header-below-stick-meta":"","astra-migrate-meta-layouts":"default","ast-page-background-enabled":"default","ast-page-background-meta":{"desktop":{"background-color":"","background-image":"","background-repeat":"repeat","background-position":"center center","background-size":"auto","background-attachment":"scroll","background-type":"","background-media":"","overlay-type":"","overlay-color":"","overlay-opacity":"","overlay-gradient":""},"tablet":{"background-color":"","background-image":"","background-repeat":"repeat","background-position":"center center","background-size":"auto","background-attachment":"scroll","background-type":"","background-media":"","overlay-type":"","overlay-color":"","overlay-opacity":"","overlay-gradient":""},"mobile":{"background-color":"","background-image":"","background-repeat":"repeat","background-position":"center center","background-size":"auto","background-attachment":"scroll","background-type":"","background-media":"","overlay-type":"","overlay-color":"","overlay-opacity":"","overlay-gradient":""}},"ast-content-background-meta":{"desktop":{"background-color":"var(--ast-global-color-5)","background-image":"","background-repeat":"repeat","background-position":"center center","background-size":"auto","background-attachment":"scroll","background-type":"","background-media":"","overlay-type":"","overlay-color":"","overlay-opacity":"","overlay-gradient":""},"tablet":{"background-color":"var(--ast-global-color-5)","background-image":"","background-repeat":"repeat","background-position":"center center","background-size":"auto","background-attachment":"scroll","background-type":"","background-media":"","overlay-type":"","overlay-color":"","overlay-opacity":"","overlay-gradient":""},"mobile":{"background-color":"var(--ast-global-color-5)","background-image":"","background-repeat":"repeat","background-position":"center center","background-size":"auto","background-attachment":"scroll","background-type":"","background-media":"","overlay-type":"","overlay-color":"","overlay-opacity":"","overlay-gradient":""}}},"pwb-brand":[],"product_brand":[],"product_cat":[363,368,369],"product_tag":[],"class_list":{"0":"post-5460","1":"product","2":"type-product","3":"status-publish","4":"has-post-thumbnail","6":"product_cat-cava","7":"product_cat-paul-cheneau-en","8":"product_cat-sleeve-en","9":"desktop-align-left","10":"tablet-align-left","11":"mobile-align-left","12":"ast-product-gallery-layout-horizontal","13":"ast-product-gallery-with-no-image","14":"ast-magnify-disabled","15":"ast-product-tabs-layout-distributed","16":"ast-qv-on-image","18":"first","19":"instock","20":"taxable","21":"shipping-taxable","22":"purchasable","23":"product-type-simple"},"acf":[],"yoast_head":"<!-- This site is optimized with the Yoast SEO plugin v24.5 - https:\/\/yoast.com\/wordpress\/plugins\/seo\/ -->\n<title>Mill\u00e9sim\u00e9 Paul Cheneau - Gir\u00f3 Ribot<\/title>\n<meta name=\"description\" content=\"Buy Cava Mill\u00e9sim\u00e9 Paul Cheneau from Gir\u00f3 Ribot directly from the producer, at the best price and with free shipping. Online wine and cavas shop.\" \/>\n<meta name=\"robots\" content=\"index, follow, max-snippet:-1, max-image-preview:large, max-video-preview:-1\" \/>\n<link rel=\"canonical\" href=\"https:\/\/giroribot.es\/en\/product\/millesime\/\" \/>\n<meta property=\"og:locale\" content=\"en_US\" \/>\n<meta property=\"og:type\" content=\"article\" \/>\n<meta property=\"og:title\" content=\"Mill\u00e9sim\u00e9 Paul Cheneau - Gir\u00f3 Ribot\" \/>\n<meta property=\"og:description\" content=\"Buy Cava Mill\u00e9sim\u00e9 Paul Cheneau from Gir\u00f3 Ribot directly from the producer, at the best price and with free shipping. Online wine and cavas shop.\" \/>\n<meta property=\"og:url\" content=\"https:\/\/giroribot.es\/en\/product\/millesime\/\" \/>\n<meta property=\"og:site_name\" content=\"Gir\u00f3 Ribot\" \/>\n<meta property=\"article:publisher\" content=\"https:\/\/www.facebook.com\/GiroRibot?fref=ts\" \/>\n<meta property=\"article:modified_time\" content=\"2023-07-18T12:04:16+00:00\" \/>\n<meta property=\"og:image\" content=\"http:\/\/giroribot.es\/wp-content\/uploads\/2022\/08\/giro-ribot_paul-cheneau_cava_millesime.jpg\" \/>\n\t<meta property=\"og:image:width\" content=\"635\" \/>\n\t<meta property=\"og:image:height\" content=\"600\" \/>\n\t<meta property=\"og:image:type\" content=\"image\/jpeg\" \/>\n<meta name=\"twitter:card\" content=\"summary_large_image\" \/>\n<meta name=\"twitter:site\" content=\"@GIRORIBOT\" \/>\n<meta name=\"twitter:label1\" content=\"Est. reading time\" \/>\n\t<meta name=\"twitter:data1\" content=\"1 minute\" \/>\n<script type=\"application\/ld+json\" class=\"yoast-schema-graph\">{\"@context\":\"https:\/\/schema.org\",\"@graph\":[{\"@type\":\"WebPage\",\"@id\":\"https:\/\/giroribot.es\/en\/product\/millesime\/\",\"url\":\"https:\/\/giroribot.es\/en\/product\/millesime\/\",\"name\":\"Mill\u00e9sim\u00e9 Paul Cheneau - Gir\u00f3 Ribot\",\"isPartOf\":{\"@id\":\"https:\/\/giroribot.es\/en\/#website\"},\"primaryImageOfPage\":{\"@id\":\"https:\/\/giroribot.es\/en\/product\/millesime\/#primaryimage\"},\"image\":{\"@id\":\"https:\/\/giroribot.es\/en\/product\/millesime\/#primaryimage\"},\"thumbnailUrl\":\"https:\/\/giroribot.es\/wp-content\/uploads\/2022\/08\/giro-ribot_paul-cheneau_cava_millesime.jpg\",\"datePublished\":\"2022-08-04T07:47:55+00:00\",\"dateModified\":\"2023-07-18T12:04:16+00:00\",\"description\":\"Buy Cava Mill\u00e9sim\u00e9 Paul Cheneau from Gir\u00f3 Ribot directly from the producer, at the best price and with free shipping. Online wine and cavas shop.\",\"breadcrumb\":{\"@id\":\"https:\/\/giroribot.es\/en\/product\/millesime\/#breadcrumb\"},\"inLanguage\":\"en-US\",\"potentialAction\":[{\"@type\":\"ReadAction\",\"target\":[\"https:\/\/giroribot.es\/en\/product\/millesime\/\"]}]},{\"@type\":\"ImageObject\",\"inLanguage\":\"en-US\",\"@id\":\"https:\/\/giroribot.es\/en\/product\/millesime\/#primaryimage\",\"url\":\"https:\/\/giroribot.es\/wp-content\/uploads\/2022\/08\/giro-ribot_paul-cheneau_cava_millesime.jpg\",\"contentUrl\":\"https:\/\/giroribot.es\/wp-content\/uploads\/2022\/08\/giro-ribot_paul-cheneau_cava_millesime.jpg\",\"width\":635,\"height\":600},{\"@type\":\"BreadcrumbList\",\"@id\":\"https:\/\/giroribot.es\/en\/product\/millesime\/#breadcrumb\",\"itemListElement\":[{\"@type\":\"ListItem\",\"position\":1,\"name\":\"Inici\",\"item\":\"https:\/\/giroribot.es\/en\/\"},{\"@type\":\"ListItem\",\"position\":2,\"name\":\"Shop\",\"item\":\"https:\/\/giroribot.es\/en\/shop-2\/\"},{\"@type\":\"ListItem\",\"position\":3,\"name\":\"Mill\u00e9sim\u00e9 Paul Cheneau\"}]},{\"@type\":\"WebSite\",\"@id\":\"https:\/\/giroribot.es\/en\/#website\",\"url\":\"https:\/\/giroribot.es\/en\/\",\"name\":\"Gir\u00f3 Ribot - Vins i Caves del Pened\u00e8s\",\"description\":\"Celler | Vins | Caves\",\"publisher\":{\"@id\":\"https:\/\/giroribot.es\/en\/#organization\"},\"potentialAction\":[{\"@type\":\"SearchAction\",\"target\":{\"@type\":\"EntryPoint\",\"urlTemplate\":\"https:\/\/giroribot.es\/en\/?s={search_term_string}\"},\"query-input\":{\"@type\":\"PropertyValueSpecification\",\"valueRequired\":true,\"valueName\":\"search_term_string\"}}],\"inLanguage\":\"en-US\"},{\"@type\":\"Organization\",\"@id\":\"https:\/\/giroribot.es\/en\/#organization\",\"name\":\"Gir\u00f3 Ribot - Vins i Caves del Pened\u00e8s\",\"url\":\"https:\/\/giroribot.es\/en\/\",\"logo\":{\"@type\":\"ImageObject\",\"inLanguage\":\"en-US\",\"@id\":\"https:\/\/giroribot.es\/en\/#\/schema\/logo\/image\/\",\"url\":\"https:\/\/giroribot.es\/wp-content\/uploads\/2022\/08\/logo.png\",\"contentUrl\":\"https:\/\/giroribot.es\/wp-content\/uploads\/2022\/08\/logo.png\",\"width\":190,\"height\":58,\"caption\":\"Gir\u00f3 Ribot - Vins i Caves del Pened\u00e8s\"},\"image\":{\"@id\":\"https:\/\/giroribot.es\/en\/#\/schema\/logo\/image\/\"},\"sameAs\":[\"https:\/\/www.facebook.com\/GiroRibot?fref=ts\",\"https:\/\/x.com\/GIRORIBOT\",\"https:\/\/www.instagram.com\/giroribot_vinosycavas\"]}]}<\/script>\n<!-- \/ Yoast SEO plugin. -->","yoast_head_json":{"title":"Mill\u00e9sim\u00e9 Paul Cheneau - Gir\u00f3 Ribot","description":"Buy Cava Mill\u00e9sim\u00e9 Paul Cheneau from Gir\u00f3 Ribot directly from the producer, at the best price and with free shipping. Online wine and cavas shop.","robots":{"index":"index","follow":"follow","max-snippet":"max-snippet:-1","max-image-preview":"max-image-preview:large","max-video-preview":"max-video-preview:-1"},"canonical":"https:\/\/giroribot.es\/en\/product\/millesime\/","og_locale":"en_US","og_type":"article","og_title":"Mill\u00e9sim\u00e9 Paul Cheneau - Gir\u00f3 Ribot","og_description":"Buy Cava Mill\u00e9sim\u00e9 Paul Cheneau from Gir\u00f3 Ribot directly from the producer, at the best price and with free shipping. Online wine and cavas shop.","og_url":"https:\/\/giroribot.es\/en\/product\/millesime\/","og_site_name":"Gir\u00f3 Ribot","article_publisher":"https:\/\/www.facebook.com\/GiroRibot?fref=ts","article_modified_time":"2023-07-18T12:04:16+00:00","og_image":[{"width":635,"height":600,"url":"http:\/\/giroribot.es\/wp-content\/uploads\/2022\/08\/giro-ribot_paul-cheneau_cava_millesime.jpg","type":"image\/jpeg"}],"twitter_card":"summary_large_image","twitter_site":"@GIRORIBOT","twitter_misc":{"Est. reading time":"1 minute"},"schema":{"@context":"https:\/\/schema.org","@graph":[{"@type":"WebPage","@id":"https:\/\/giroribot.es\/en\/product\/millesime\/","url":"https:\/\/giroribot.es\/en\/product\/millesime\/","name":"Mill\u00e9sim\u00e9 Paul Cheneau - Gir\u00f3 Ribot","isPartOf":{"@id":"https:\/\/giroribot.es\/en\/#website"},"primaryImageOfPage":{"@id":"https:\/\/giroribot.es\/en\/product\/millesime\/#primaryimage"},"image":{"@id":"https:\/\/giroribot.es\/en\/product\/millesime\/#primaryimage"},"thumbnailUrl":"https:\/\/giroribot.es\/wp-content\/uploads\/2022\/08\/giro-ribot_paul-cheneau_cava_millesime.jpg","datePublished":"2022-08-04T07:47:55+00:00","dateModified":"2023-07-18T12:04:16+00:00","description":"Buy Cava Mill\u00e9sim\u00e9 Paul Cheneau from Gir\u00f3 Ribot directly from the producer, at the best price and with free shipping. Online wine and cavas shop.","breadcrumb":{"@id":"https:\/\/giroribot.es\/en\/product\/millesime\/#breadcrumb"},"inLanguage":"en-US","potentialAction":[{"@type":"ReadAction","target":["https:\/\/giroribot.es\/en\/product\/millesime\/"]}]},{"@type":"ImageObject","inLanguage":"en-US","@id":"https:\/\/giroribot.es\/en\/product\/millesime\/#primaryimage","url":"https:\/\/giroribot.es\/wp-content\/uploads\/2022\/08\/giro-ribot_paul-cheneau_cava_millesime.jpg","contentUrl":"https:\/\/giroribot.es\/wp-content\/uploads\/2022\/08\/giro-ribot_paul-cheneau_cava_millesime.jpg","width":635,"height":600},{"@type":"BreadcrumbList","@id":"https:\/\/giroribot.es\/en\/product\/millesime\/#breadcrumb","itemListElement":[{"@type":"ListItem","position":1,"name":"Inici","item":"https:\/\/giroribot.es\/en\/"},{"@type":"ListItem","position":2,"name":"Shop","item":"https:\/\/giroribot.es\/en\/shop-2\/"},{"@type":"ListItem","position":3,"name":"Mill\u00e9sim\u00e9 Paul Cheneau"}]},{"@type":"WebSite","@id":"https:\/\/giroribot.es\/en\/#website","url":"https:\/\/giroribot.es\/en\/","name":"Gir\u00f3 Ribot - Vins i Caves del Pened\u00e8s","description":"Celler | Vins | Caves","publisher":{"@id":"https:\/\/giroribot.es\/en\/#organization"},"potentialAction":[{"@type":"SearchAction","target":{"@type":"EntryPoint","urlTemplate":"https:\/\/giroribot.es\/en\/?s={search_term_string}"},"query-input":{"@type":"PropertyValueSpecification","valueRequired":true,"valueName":"search_term_string"}}],"inLanguage":"en-US"},{"@type":"Organization","@id":"https:\/\/giroribot.es\/en\/#organization","name":"Gir\u00f3 Ribot - Vins i Caves del Pened\u00e8s","url":"https:\/\/giroribot.es\/en\/","logo":{"@type":"ImageObject","inLanguage":"en-US","@id":"https:\/\/giroribot.es\/en\/#\/schema\/logo\/image\/","url":"https:\/\/giroribot.es\/wp-content\/uploads\/2022\/08\/logo.png","contentUrl":"https:\/\/giroribot.es\/wp-content\/uploads\/2022\/08\/logo.png","width":190,"height":58,"caption":"Gir\u00f3 Ribot - Vins i Caves del Pened\u00e8s"},"image":{"@id":"https:\/\/giroribot.es\/en\/#\/schema\/logo\/image\/"},"sameAs":["https:\/\/www.facebook.com\/GiroRibot?fref=ts","https:\/\/x.com\/GIRORIBOT","https:\/\/www.instagram.com\/giroribot_vinosycavas"]}]}},"jetpack_sharing_enabled":true,"brands":[],"_links":{"self":[{"href":"https:\/\/giroribot.es\/en\/wp-json\/wp\/v2\/product\/5460","targetHints":{"allow":["GET"]}}],"collection":[{"href":"https:\/\/giroribot.es\/en\/wp-json\/wp\/v2\/product"}],"about":[{"href":"https:\/\/giroribot.es\/en\/wp-json\/wp\/v2\/types\/product"}],"version-history":[{"count":0,"href":"https:\/\/giroribot.es\/en\/wp-json\/wp\/v2\/product\/5460\/revisions"}],"wp:featuredmedia":[{"embeddable":true,"href":"https:\/\/giroribot.es\/en\/wp-json\/wp\/v2\/media\/1241"}],"wp:attachment":[{"href":"https:\/\/giroribot.es\/en\/wp-json\/wp\/v2\/media?parent=5460"}],"wp:term":[{"taxonomy":"pwb-brand","embeddable":true,"href":"https:\/\/giroribot.es\/en\/wp-json\/wp\/v2\/pwb-brand?post=5460"},{"taxonomy":"product_brand","embeddable":true,"href":"https:\/\/giroribot.es\/en\/wp-json\/wp\/v2\/product_brand?post=5460"},{"taxonomy":"product_cat","embeddable":true,"href":"https:\/\/giroribot.es\/en\/wp-json\/wp\/v2\/product_cat?post=5460"},{"taxonomy":"product_tag","embeddable":true,"href":"https:\/\/giroribot.es\/en\/wp-json\/wp\/v2\/product_tag?post=5460"}],"curies":[{"name":"wp","href":"https:\/\/api.w.org\/{rel}","templated":true}]}}